{"id":115,"date":"2024-02-01T15:16:12","date_gmt":"2024-02-01T13:16:12","guid":{"rendered":"https:\/\/blog.edu.turku.fi\/toinenastekirjastossa\/?page_id=115"},"modified":"2025-08-26T14:15:37","modified_gmt":"2025-08-26T11:15:37","slug":"s2-ryhmille","status":"publish","type":"page","link":"https:\/\/blog.edu.turku.fi\/toinenastekirjastossa\/s2-ryhmille\/","title":{"rendered":"S2-ryhmille"},"content":{"rendered":"<p>S2-ryhmille j\u00e4rjestet\u00e4\u00e4n kirjastossa selke\u00e4ll\u00e4 suomella vedettyj\u00e4 kierroksia.<\/p>\n<p><strong>Lis\u00e4tiedot ja kierrosten varaukset<\/strong><\/p>\n<p>vierailut.kaupunginkirjasto@turku.fi<\/p>\n<p>Muista kirjaston monikielisille ryhmille suunnatuista palveluista ja aineistosta l\u00f6yd\u00e4t lis\u00e4tietoa\u00a0 <a href=\"https:\/\/blog.edu.turku.fi\/toinenastekirjastossa\/s2-ryhmille\/s2-materiaalit\/\">Selkokirjat ja kirjastosanasto<\/a> -v\u00e4lilehdelt\u00e4.<\/p>\n<p>&nbsp;<\/p>\n","protected":false},"excerpt":{"rendered":"<p>S2-ryhmille j\u00e4rjestet\u00e4\u00e4n kirjastossa selke\u00e4ll\u00e4 suomella vedettyj\u00e4 kierroksia. Lis\u00e4tiedot ja kierrosten varaukset vierailut.kaupunginkirjasto@turku.fi Muista kirjaston monikielisille ryhmille suunnatuista palveluista ja aineistosta l\u00f6yd\u00e4t lis\u00e4tietoa\u00a0 Selkokirjat ja kirjastosanasto -v\u00e4lilehdelt\u00e4. &nbsp;<\/p>\n","protected":false},"author":3396,"featured_media":0,"parent":0,"menu_order":0,"comment_status":"closed","ping_status":"closed","template":"","meta":{"footnotes":""},"class_list":["post-115","page","type-page","status-publish","hentry"],"_links":{"self":[{"href":"https:\/\/blog.edu.turku.fi\/toinenastekirjastossa\/wp-json\/wp\/v2\/pages\/115","targetHints":{"allow":["GET"]}}],"collection":[{"href":"https:\/\/blog.edu.turku.fi\/toinenastekirjastossa\/wp-json\/wp\/v2\/pages"}],"about":[{"href":"https:\/\/blog.edu.turku.fi\/toinenastekirjastossa\/wp-json\/wp\/v2\/types\/page"}],"author":[{"embeddable":true,"href":"https:\/\/blog.edu.turku.fi\/toinenastekirjastossa\/wp-json\/wp\/v2\/users\/3396"}],"replies":[{"embeddable":true,"href":"https:\/\/blog.edu.turku.fi\/toinenastekirjastossa\/wp-json\/wp\/v2\/comments?post=115"}],"version-history":[{"count":13,"href":"https:\/\/blog.edu.turku.fi\/toinenastekirjastossa\/wp-json\/wp\/v2\/pages\/115\/revisions"}],"predecessor-version":[{"id":505,"href":"https:\/\/blog.edu.turku.fi\/toinenastekirjastossa\/wp-json\/wp\/v2\/pages\/115\/revisions\/505"}],"wp:attachment":[{"href":"https:\/\/blog.edu.turku.fi\/toinenastekirjastossa\/wp-json\/wp\/v2\/media?parent=115"}],"curies":[{"name":"wp","href":"https:\/\/api.w.org\/{rel}","templated":true}]}}