{"id":91,"date":"2016-11-02T16:04:56","date_gmt":"2016-11-02T14:04:56","guid":{"rendered":"https:\/\/blog.edu.turku.fi\/terasrautelankoulu\/?page_id=91"},"modified":"2026-01-14T15:21:32","modified_gmt":"2026-01-14T13:21:32","slug":"yhteystiedot","status":"publish","type":"page","link":"https:\/\/blog.edu.turku.fi\/terasrautelankoulu\/yhteystiedot\/","title":{"rendered":"Yhteystiedot"},"content":{"rendered":"<div class=\"entry entry-content\">\n<p><strong>Rehtori<\/strong><br \/>\nTommi Tuominen<br \/>\nE-mail: tommi.tuominen@edu.turku.fi<br \/>\nPuh: 040-6790629<\/p>\n<p><strong>Apulaisrehtori<\/strong><br \/>\nLeif Gr\u00f6nroos<br \/>\nE-mail: leif.gronroos@edu.turku.fi<br \/>\nPuh: 040-6204327<\/p>\n<p><strong>Koulusihteeri<\/strong><br \/>\nTuija Oksanen (044-9075433)<br \/>\ntuija.oksanen@edu.turku.fi<br \/>\nmaanantaisin ja torstaisin<\/p>\n<p><strong>Koulukuraattori<\/strong><br \/>\nTiina Laajalahti (050-4323584) Suikkilan koulutalo<br \/>\nSarita Turkum\u00e4ki (044-9074124) Ter\u00e4srautelan koulutalo<\/p>\n<p><strong>Koulupsykologi<\/strong><br \/>\nHanna V\u00e4is\u00e4nen (044-7249982)<\/p>\n<p><strong>Kouluterveydenhoitaja<\/strong><br \/>\nKrista \u00c4ij\u00e4l\u00e4 (040-1837106)<\/p>\n<p><strong>Erityisopettaja<\/strong><br \/>\nTea Peltonen (040-1879139) ja Katja V\u00e4is\u00e4nen (040-7780464)<\/p>\n<p><strong>TER\u00c4SRAUTELAN YKSIKK\u00d6<\/strong><\/p>\n<p><strong>Osoite<\/strong><br \/>\nTer\u00e4srautelan koulu\/Ter\u00e4srautelan yksikk\u00f6<br \/>\nKorkkisvuorenkatu\u00a012<br \/>\n20320 Turku<\/p>\n<div>\n<p><strong>Opettajien s\u00e4hk\u00f6postit ovat muotoa:<\/strong><br \/>\netunimi.sukunimi@edu.turku.fi<\/p>\n<p>4A Joni Viljanen (044-7949965)<br \/>\n4B Kirsi Niittonen (040-6614148)<br \/>\n5A Matias Kuosa (040-5466358)<br \/>\n5B Juuso Vilponen (040-1372296)<br \/>\n5C Ari Alho (044-9074389)<br \/>\n6A Turkka Aromaa (044-9074387)<br \/>\n6B Katja Borgman (040-1597021)<br \/>\n6C Anna Kerminen (040-1879117) <\/p>\n<p>Englanti Johanna Morrissey (040-5867666)<\/p>\n<p>&nbsp;<\/p>\n<\/div>\n<p><strong>SUIKKILAN YKSIKK\u00d6<\/strong><\/p>\n<p><strong>Osoite<\/strong><br \/>\nTer\u00e4srautelan koulu\/Suikkilan yksikk\u00f6<br \/>\nTalinkorventie 16<br \/>\n20320 Turku<\/p>\n<p><strong>Opettajat<\/strong><\/p>\n<p>1A Nina Lenets (040-6354754)<br \/>\n1B  Marianne Lassila (044-9075694)<br \/>\n1C Katariina Jurvainen (044-9074948)<br \/>\n2A Riikka Forsberg (040-6605988)<br \/>\n2B Jutta Manner (040-6316395)<br \/>\n2A Pauliina Pyykk\u00f6nen (040-1879149)<br \/>\n3B Jenniina Holmqvist (040-1879209) <\/p>\n<p><strong>Muut<\/strong><br \/>\nP\u00e4ivitet\u00e4\u00e4n my\u00f6hemmin.<\/p>\n<p>&nbsp;<\/p>\n<\/div>\n","protected":false},"excerpt":{"rendered":"<p>Rehtori Tommi Tuominen E-mail: tommi.tuominen@edu.turku.fi Puh: 040-6790629 Apulaisrehtori Leif Gr\u00f6nroos E-mail: leif.gronroos@edu.turku.fi Puh: 040-6204327 Koulusihteeri Tuija Oksanen (044-9075433) tuija.oksanen@edu.turku.fi maanantaisin ja torstaisin Koulukuraattori Tiina Laajalahti (050-4323584) Suikkilan koulutalo Sarita Turkum\u00e4ki (044-9074124) Ter\u00e4srautelan koulutalo Koulupsykologi Hanna V\u00e4is\u00e4nen (044-7249982) Kouluterveydenhoitaja Krista \u00c4ij\u00e4l\u00e4 (040-1837106) Erityisopettaja Tea Peltonen (040-1879139) ja Katja V\u00e4is\u00e4nen (040-7780464) TER\u00c4SRAUTELAN YKSIKK\u00d6 Osoite Ter\u00e4srautelan koulu\/Ter\u00e4srautelan yksikk\u00f6 &hellip; <a href=\"https:\/\/blog.edu.turku.fi\/terasrautelankoulu\/yhteystiedot\/\" class=\"more-link\">Jatka lukemista<span class=\"screen-reader-text\"> &#8221;Yhteystiedot&#8221;<\/span><\/a><\/p>\n","protected":false},"author":475,"featured_media":0,"parent":0,"menu_order":0,"comment_status":"closed","ping_status":"closed","template":"","meta":{"footnotes":""},"class_list":["post-91","page","type-page","status-publish","hentry"],"_links":{"self":[{"href":"https:\/\/blog.edu.turku.fi\/terasrautelankoulu\/wp-json\/wp\/v2\/pages\/91","targetHints":{"allow":["GET"]}}],"collection":[{"href":"https:\/\/blog.edu.turku.fi\/terasrautelankoulu\/wp-json\/wp\/v2\/pages"}],"about":[{"href":"https:\/\/blog.edu.turku.fi\/terasrautelankoulu\/wp-json\/wp\/v2\/types\/page"}],"author":[{"embeddable":true,"href":"https:\/\/blog.edu.turku.fi\/terasrautelankoulu\/wp-json\/wp\/v2\/users\/475"}],"replies":[{"embeddable":true,"href":"https:\/\/blog.edu.turku.fi\/terasrautelankoulu\/wp-json\/wp\/v2\/comments?post=91"}],"version-history":[{"count":65,"href":"https:\/\/blog.edu.turku.fi\/terasrautelankoulu\/wp-json\/wp\/v2\/pages\/91\/revisions"}],"predecessor-version":[{"id":331,"href":"https:\/\/blog.edu.turku.fi\/terasrautelankoulu\/wp-json\/wp\/v2\/pages\/91\/revisions\/331"}],"wp:attachment":[{"href":"https:\/\/blog.edu.turku.fi\/terasrautelankoulu\/wp-json\/wp\/v2\/media?parent=91"}],"curies":[{"name":"wp","href":"https:\/\/api.w.org\/{rel}","templated":true}]}}