{"id":310,"date":"2025-08-15T14:27:48","date_gmt":"2025-08-15T11:27:48","guid":{"rendered":"https:\/\/blog.edu.turku.fi\/terasrautelankoulu\/?page_id=310"},"modified":"2025-08-15T14:37:49","modified_gmt":"2025-08-15T11:37:49","slug":"terasrautelan-koulun-jarjestyssaannot","status":"publish","type":"page","link":"https:\/\/blog.edu.turku.fi\/terasrautelankoulu\/terasrautelan-koulun-jarjestyssaannot\/","title":{"rendered":"Ter\u00e4srautelan koulun j\u00e4rjestyss\u00e4\u00e4nn\u00f6t"},"content":{"rendered":"<p><strong>Ter\u00e4srautelan koulun j\u00e4rjestyss\u00e4\u00e4nn\u00f6t\u202f <\/strong><\/p>\n<p>S\u00e4\u00e4nn\u00f6t ovat v\u00e4ltt\u00e4m\u00e4tt\u00f6mi\u00e4 kouluyhteis\u00f6n toiminnan ja ty\u00f6rauhan s\u00e4ilymisen sek\u00e4 sen j\u00e4senten turvallisuuden ja viihtyvyyden vuoksi. Ty\u00f6rauha on ehdoton edellytys kouluty\u00f6n onnistumiselle. S\u00e4\u00e4nn\u00f6t totuttavat oppilaan vastuuseen ja yhteiskunnan j\u00e4senyyteen sek\u00e4 arvostavaan vuorovaikutukseen muiden ihmisten kanssa.\u202f\u202f <\/p>\n<p>Oppilaan on suoritettava teht\u00e4v\u00e4ns\u00e4 tunnollisesti ja k\u00e4ytt\u00e4ydytt\u00e4v\u00e4 asiallisesti. Oppilaan on k\u00e4ytt\u00e4ydytt\u00e4v\u00e4 muita kiusaamatta ja syrjim\u00e4tt\u00e4 sek\u00e4 toimittava siten, ettei h\u00e4n vaaranna muiden oppilaiden, kouluyhteis\u00f6n tai opiskeluymp\u00e4rist\u00f6n turvallisuutta tai terveytt\u00e4  <\/p>\n<p>(POL 35\u00a7). <\/p>\n<p>J\u00e4rjestyss\u00e4\u00e4nt\u00f6j\u00e4 noudatetaan aina kouluaikana, koulualueella ja kaikessa lukuvuosisuunnitelman kuvaamassa koulun toiminnassa.  <\/p>\n<p>(POL 29\u00a7, POL 35-36\u00a7)\u202f\u202f <\/p>\n<p>Koko kouluyhteis\u00f6 toimii yst\u00e4v\u00e4llisesti, kannustavasti, toisiaan kunnioittaen, hyvien tapojen mukaisesti ja henkil\u00f6kunnan ohjeita noudattaen.\u202f\u202f\u202f\u202f <\/p>\n<p>Koulussa jokaisella henkil\u00f6ll\u00e4 on oikeus h\u00e4iri\u00f6tt\u00f6m\u00e4\u00e4n ty\u00f6skentelyyn. Oppilailla on oikeus oppia ja opettajilla on oikeus opettaa.\u202f\u202f\u202f\u202f <\/p>\n<p>Ep\u00e4asiallinen ja h\u00e4iritsev\u00e4 k\u00e4yt\u00f6s sek\u00e4 kiusaaminen on kielletty. Koulussa jokaisella on oikeus fyysiseen ja psyykkiseen koskemattomuuteen.\u202f\u202f\u202f\u202f <\/p>\n<p>Tupakan, s\u00e4hk\u00f6tupakan, nuuskan, p\u00e4ihteiden ja huumeiden k\u00e4ytt\u00f6 sek\u00e4 hallussapito on kielletty kouluaikana ja koulun j\u00e4rjest\u00e4miss\u00e4 tilaisuuksissa sek\u00e4 vuosisuunnitelman kuvaamassa toiminnassa.\u202f\u202f\u202f\u202f <\/p>\n<p>Toisen henkil\u00f6n vahingoittamiseen tarkoitetut tai siihen soveltuvat esineet ja aineet ja niiden hallussapito on kouluaikana kielletty\u00e4. N\u00e4it\u00e4 ei saa my\u00f6sk\u00e4\u00e4n pit\u00e4\u00e4 hallussa koulumatkalla. <\/p>\n<p>Koulu ja sen alue pidet\u00e4\u00e4n siistin\u00e4 eik\u00e4 koulun omaisuutta saa turmella. Oppilas on velvollinen kertomaan havaitsemistaan vahingoista koulun henkil\u00f6st\u00f6lle. Vahingon aiheuttaja on ilmoittautumis- ja vahingonkorvausvelvollinen.\u202f\u202f\u202f\u202f <\/p>\n<p>Koulussa on m\u00e4\u00e4ritelty v\u00e4lituntialue, jolta poistuminen koulup\u00e4iv\u00e4n aikana on kielletty. V\u00e4litunnit vietet\u00e4\u00e4n ulkona, ellei muuta erikseen sovita. <\/p>\n<p>Oppilaat eiv\u00e4t saa koulup\u00e4iv\u00e4n aikana k\u00e4ytt\u00e4\u00e4 kulkuv\u00e4lineit\u00e4, kuten polkupy\u00f6ri\u00e4, s\u00e4hk\u00f6potkulautoja tai moottoriajoneuvoja, ilman henkil\u00f6kunnan lupaa. Eri toimipisteisiin ja opetuksen j\u00e4rjest\u00e4mispaikkoihin siirryt\u00e4\u00e4n annettujen ohjeiden mukaisesti liikennes\u00e4\u00e4nt\u00f6j\u00e4 noudattaen.\u202f\u202f <\/p>\n<p>Oppilas voi olla poissa koulusta vain sairauden perusteella tai saatuaan erillisen luvan poissaoloon luokanopettajalta, luokanohjaajalta tai rehtorilta. Kesken koulup\u00e4iv\u00e4n oppilas voi poistua koulusta vain terveydenhoitajan tai opetushenkil\u00f6kuntaan kuuluvan luvalla. <\/p>\n<p>Mobiili- ja \u00e4lylaitteiden k\u00e4ytt\u00f6 oppituntien aikana on sallittu vain opettajan luvalla. Puhelinta saa k\u00e4ytt\u00e4\u00e4 oppimiseen, terveydellisist\u00e4 syist\u00e4 tai oppimisen apuv\u00e4lineen\u00e4 opettajan luvalla ja annetun ohjeistuksen mukaisesti. <\/p>\n<p>(POL 29 \u00a7 4 mom.)\u202f\u202f <\/p>\n<p>Turussa on p\u00e4\u00e4tetty, ett\u00e4 1.\u20139. luokkien oppilaat\u202feiv\u00e4t k\u00e4yt\u00e4 mobiililaitteita koulup\u00e4iv\u00e4n aikana lainkaan ilman opettajan tai rehtorin lupaa. <\/p>\n<p>Ter\u00e4srautelan koulussa mobiililaitteita s\u00e4ilytet\u00e4\u00e4n \u00e4\u00e4nett\u00f6m\u00e4n\u00e4 koulup\u00e4iv\u00e4n aikana repussa tai sit\u00e4 vastaavassa paikassa. Mahdollinen kotien yhteydenpito oppilaisiin koulup\u00e4iv\u00e4n aikana tapahtuu ensisijaisesti luokanopettajan kautta. <\/p>\n<p>Rahat, arvoesineet ja oppilaan henkil\u00f6kohtainen omaisuus ovat koulussa oppilaan ja huoltajien\u202fvastuulla. Koulu ei korvaa rahaa eik\u00e4 kadonnutta omaisuutta.\u202f\u202f <\/p>\n<p>\u202f\u202f <\/p>\n<p>Koulun tiloissa, alueella tai koulun j\u00e4rjest\u00e4miss\u00e4 tilaisuuksissa ei kouluaikana harjoiteta osto- tai myyntitoimintaa. T\u00e4m\u00e4 rajoitus ei koske vanhempainyhdistysten tai oppilaskunnan toimintaa.\u202f\u202f <\/p>\n<p>\u202f\u202f <\/p>\n<p>J\u00e4rjestyss\u00e4\u00e4nt\u00f6jen rikkomisesta saattaa seurata rangaistus perusopetuslain 36\u00a7 mukaisesti.  <\/p>\n<p>N\u00e4m\u00e4 ovat Turun kaupungin perusopetuksen koulujen j\u00e4rjestyss\u00e4\u00e4nn\u00f6t, jotka ovat voimassa 1.8.2025 alkaen. J\u00e4rjestyss\u00e4\u00e4nn\u00f6t ohjaavat k\u00e4ytt\u00e4ytymisen arviointia. Ne ovat n\u00e4ht\u00e4viss\u00e4 koulujen kotisivuilla sek\u00e4 koulutiloissa. J\u00e4rjestyss\u00e4\u00e4nn\u00f6t k\u00e4sitell\u00e4\u00e4n oppilaiden kanssa lukuvuosittain ja niist\u00e4 tiedotetaan huoltajia. J\u00e4rjestyss\u00e4\u00e4nn\u00f6t tarkistetaan s\u00e4\u00e4nn\u00f6llisesti. <\/p>\n<p><strong>Ter\u00e4srautelan koulussa noudatetaan lis\u00e4ksi seuraavia kouluty\u00f6t\u00e4 tukevia sek\u00e4 turvallisuutta ja viihtyisyytt\u00e4 edist\u00e4vi\u00e4 periaatteita: <\/strong><\/p>\n<p>Tue ja auta toisia. Pyri ottamaan toisetkin mukaan leikkeihin, ettei kukaan j\u00e4\u00e4 yksin. <\/p>\n<p>Tule ajoissa kouluun, piha-alueelle asti. <\/p>\n<p>Tervehdi kaikkia kohteliaasti ja k\u00e4yt\u00e4 asiallista kielt\u00e4. \u00c4l\u00e4 kiroile. <\/p>\n<p>Luokkaan saavuttuasi toimi opettajan ohjeiden mukaan. <\/p>\n<p>Pid\u00e4 pulpetti siistin\u00e4 ja huolehdi koulutarvikkeistasi. <\/p>\n<p>Tee kotiteht\u00e4v\u00e4si tunnollisesti ja huolellisesti. <\/p>\n<p>Mene reippaasti v\u00e4litunnille ja tule kellon soitua omalle paikallesi. <\/p>\n<p>Liiku k\u00e4yt\u00e4vill\u00e4 rauhallisesti k\u00e4vellen. <\/p>\n<p>K\u00e4yt\u00e4 p\u00e4\u00e4hinett\u00e4 kylm\u00e4ll\u00e4 s\u00e4\u00e4ll\u00e4 ulkona, ei kuitenkaan sis\u00e4ll\u00e4. <\/p>\n<p>Ilmoita v\u00e4litunnin ongelmatapahtumista valvovalle opettajalle. <\/p>\n<p>S\u00e4ilyt\u00e4 py\u00f6r\u00e4\u00e4si sille varatulla alueella. <\/p>\n<p>J\u00e4t\u00e4 py\u00f6r\u00e4t ja autot rauhaan. <\/p>\n<p>Lumipallojen, kivien tai muiden kovien esineiden heittely koulun pihalla on kielletty. <\/p>\n<p>Reppua ei tuoda etuk\u00e4teen sis\u00e4lle tai luokkaan. <\/p>\n<p>\u00c4l\u00e4 ota ilman lupaa toisten omaisuutta. \u00c4l\u00e4 riko toisten tavaroita. Huolehdi yhteisest\u00e4 omaisuudesta. <\/p>\n<p>Oppilas on velvollinen korvaamaan aiheuttamansa vahingon. Vahingoista ilmoitetaan oppilaan huoltajalle. <\/p>\n<p>Huoltaja ilmoittaa poissaolosta v\u00e4litt\u00f6m\u00e4sti opettajalle tai huoltajan on selvitett\u00e4v\u00e4 poissaolo Wilma \u2013j\u00e4rjestelm\u00e4n kautta. Suorita r\u00e4stiin j\u00e4\u00e4neet teht\u00e4v\u00e4t.  <\/p>\n<p>Energiajuomat koulup\u00e4ivien aikana ovat kiellettyj\u00e4. <\/p>\n<p>Rehtori ja opettajat m\u00e4\u00e4rittelev\u00e4t s\u00e4\u00e4nt\u00f6jen rikkomisesta aiheutuvat seuraamukset. Vakavampia rikkomuksia k\u00e4sitell\u00e4\u00e4n tarvittaessa opiskeluhuoltoryhm\u00e4ss\u00e4. Poliisi k\u00e4sittelee rikosasioita. <\/p>\n<p><strong>Ter\u00e4srautelan koulun toimintaohjeita <\/strong><\/p>\n<p>suojele luontoa, puita ja pensaita. <\/p>\n<p>pelit ja leikit p\u00e4\u00e4ttyv\u00e4t v\u00e4lituntikellon soidessa <\/p>\n<p>sis\u00e4\u00e4n tullaan jonossa, muista pyyhki\u00e4 jalkineet <\/p>\n<p>jalkineet ja vaatteet laitetaan siististi omille paikoilleen <\/p>\n<p>vessassa k\u00e4yd\u00e4\u00e4n joko mieluiten v\u00e4litunnin alussa tai ennen oppitunnin alkua <\/p>\n<p>odota ruokajonossa rauhallisesti vuoroasi  <\/p>\n<p>Ter\u00e4srautelan koulun uudistetut j\u00e4rjestyss\u00e4\u00e4nn\u00f6t ja ohjeet on otettu k\u00e4ytt\u00f6\u00f6n 1.8.2025. <\/p>\n<p>Tommi Tuominen  <\/p>\n<p>rehtori <\/p>\n","protected":false},"excerpt":{"rendered":"<p>Ter\u00e4srautelan koulun j\u00e4rjestyss\u00e4\u00e4nn\u00f6t\u202f S\u00e4\u00e4nn\u00f6t ovat v\u00e4ltt\u00e4m\u00e4tt\u00f6mi\u00e4 kouluyhteis\u00f6n toiminnan ja ty\u00f6rauhan s\u00e4ilymisen sek\u00e4 sen j\u00e4senten turvallisuuden ja viihtyvyyden vuoksi. Ty\u00f6rauha on ehdoton edellytys kouluty\u00f6n onnistumiselle. S\u00e4\u00e4nn\u00f6t totuttavat oppilaan vastuuseen ja yhteiskunnan j\u00e4senyyteen sek\u00e4 arvostavaan vuorovaikutukseen muiden ihmisten kanssa.\u202f\u202f Oppilaan on suoritettava teht\u00e4v\u00e4ns\u00e4 tunnollisesti ja k\u00e4ytt\u00e4ydytt\u00e4v\u00e4 asiallisesti. Oppilaan on k\u00e4ytt\u00e4ydytt\u00e4v\u00e4 muita kiusaamatta ja syrjim\u00e4tt\u00e4 sek\u00e4 toimittava siten, &hellip; <a href=\"https:\/\/blog.edu.turku.fi\/terasrautelankoulu\/terasrautelan-koulun-jarjestyssaannot\/\" class=\"more-link\">Jatka lukemista<span class=\"screen-reader-text\"> &#8221;Ter\u00e4srautelan koulun j\u00e4rjestyss\u00e4\u00e4nn\u00f6t&#8221;<\/span><\/a><\/p>\n","protected":false},"author":3251,"featured_media":0,"parent":0,"menu_order":0,"comment_status":"closed","ping_status":"closed","template":"","meta":{"footnotes":""},"class_list":["post-310","page","type-page","status-publish","hentry"],"_links":{"self":[{"href":"https:\/\/blog.edu.turku.fi\/terasrautelankoulu\/wp-json\/wp\/v2\/pages\/310","targetHints":{"allow":["GET"]}}],"collection":[{"href":"https:\/\/blog.edu.turku.fi\/terasrautelankoulu\/wp-json\/wp\/v2\/pages"}],"about":[{"href":"https:\/\/blog.edu.turku.fi\/terasrautelankoulu\/wp-json\/wp\/v2\/types\/page"}],"author":[{"embeddable":true,"href":"https:\/\/blog.edu.turku.fi\/terasrautelankoulu\/wp-json\/wp\/v2\/users\/3251"}],"replies":[{"embeddable":true,"href":"https:\/\/blog.edu.turku.fi\/terasrautelankoulu\/wp-json\/wp\/v2\/comments?post=310"}],"version-history":[{"count":3,"href":"https:\/\/blog.edu.turku.fi\/terasrautelankoulu\/wp-json\/wp\/v2\/pages\/310\/revisions"}],"predecessor-version":[{"id":314,"href":"https:\/\/blog.edu.turku.fi\/terasrautelankoulu\/wp-json\/wp\/v2\/pages\/310\/revisions\/314"}],"wp:attachment":[{"href":"https:\/\/blog.edu.turku.fi\/terasrautelankoulu\/wp-json\/wp\/v2\/media?parent=310"}],"curies":[{"name":"wp","href":"https:\/\/api.w.org\/{rel}","templated":true}]}}