{"id":224,"date":"2023-01-18T10:12:04","date_gmt":"2023-01-18T08:12:04","guid":{"rendered":"https:\/\/blog.edu.turku.fi\/terasrautelankoulu\/?page_id=224"},"modified":"2023-01-18T10:12:04","modified_gmt":"2023-01-18T08:12:04","slug":"suikkilan-oppilaskunnan-hallitus","status":"publish","type":"page","link":"https:\/\/blog.edu.turku.fi\/terasrautelankoulu\/suikkilan-oppilaskunnan-hallitus\/","title":{"rendered":"Suikkilan oppilaskunnan hallitus"},"content":{"rendered":"<p>Ter\u00e4srautelassa oppilaskunnan hallitusta edustaa kaksi oppilasta jokaiselta luokka-asteelta. Syksyst\u00e4 2022 alkaen Ter\u00e4srautelan ja Suikkilan yksik\u00f6ill\u00e4 on yksi yhteinen oppilaskunnan hallitus. J\u00e4rjestely jatkuu ainakin Suikkilan uudisrakennuksen valmistumiseen asti.<\/p>\n<p>Oppilaskunnan hallitus kokoontuu lukuvuonna 2022-2023 parillisten viikkojen torstaisin klo 12.15 \u2013 13.00 Salla-opettajan luokassa. Ylim\u00e4\u00e4r\u00e4isi\u00e4 kokouksia j\u00e4rjestet\u00e4\u00e4n aina tarvittaessa.<\/p>\n<p>Oppilaskunnan hallituksen teht\u00e4v\u00e4n\u00e4 on toimia oppilaiden \u00e4\u00e4nen v\u00e4litt\u00e4j\u00e4n\u00e4 niin iloisissa hankkeissa, kuin kehitt\u00e4mistoiveidenkin suhteen. Oppilaskunnan hallitus osallistuu my\u00f6s parhaansa mukaan erilaisten teemap\u00e4ivien j\u00e4rjest\u00e4miseen.<\/p>\n<p>Kaikki oppilaskunnan hallituksen kokoukset dokumentoidaan kirjallisesti.<\/p>\n<p>Jos kiinnostuit, hae ensi vuonna mukaan!<\/p>\n","protected":false},"excerpt":{"rendered":"<p>Ter\u00e4srautelassa oppilaskunnan hallitusta edustaa kaksi oppilasta jokaiselta luokka-asteelta. Syksyst\u00e4 2022 alkaen Ter\u00e4srautelan ja Suikkilan yksik\u00f6ill\u00e4 on yksi yhteinen oppilaskunnan hallitus. J\u00e4rjestely jatkuu ainakin Suikkilan uudisrakennuksen valmistumiseen asti. Oppilaskunnan hallitus kokoontuu lukuvuonna 2022-2023 parillisten viikkojen torstaisin klo 12.15 \u2013 13.00 Salla-opettajan luokassa. Ylim\u00e4\u00e4r\u00e4isi\u00e4 kokouksia j\u00e4rjestet\u00e4\u00e4n aina tarvittaessa. Oppilaskunnan hallituksen teht\u00e4v\u00e4n\u00e4 on toimia oppilaiden \u00e4\u00e4nen v\u00e4litt\u00e4j\u00e4n\u00e4 niin &hellip; <a href=\"https:\/\/blog.edu.turku.fi\/terasrautelankoulu\/suikkilan-oppilaskunnan-hallitus\/\" class=\"more-link\">Jatka lukemista<span class=\"screen-reader-text\"> &#8221;Suikkilan oppilaskunnan hallitus&#8221;<\/span><\/a><\/p>\n","protected":false},"author":3251,"featured_media":0,"parent":0,"menu_order":0,"comment_status":"closed","ping_status":"closed","template":"","meta":{"footnotes":""},"class_list":["post-224","page","type-page","status-publish","hentry"],"_links":{"self":[{"href":"https:\/\/blog.edu.turku.fi\/terasrautelankoulu\/wp-json\/wp\/v2\/pages\/224","targetHints":{"allow":["GET"]}}],"collection":[{"href":"https:\/\/blog.edu.turku.fi\/terasrautelankoulu\/wp-json\/wp\/v2\/pages"}],"about":[{"href":"https:\/\/blog.edu.turku.fi\/terasrautelankoulu\/wp-json\/wp\/v2\/types\/page"}],"author":[{"embeddable":true,"href":"https:\/\/blog.edu.turku.fi\/terasrautelankoulu\/wp-json\/wp\/v2\/users\/3251"}],"replies":[{"embeddable":true,"href":"https:\/\/blog.edu.turku.fi\/terasrautelankoulu\/wp-json\/wp\/v2\/comments?post=224"}],"version-history":[{"count":1,"href":"https:\/\/blog.edu.turku.fi\/terasrautelankoulu\/wp-json\/wp\/v2\/pages\/224\/revisions"}],"predecessor-version":[{"id":225,"href":"https:\/\/blog.edu.turku.fi\/terasrautelankoulu\/wp-json\/wp\/v2\/pages\/224\/revisions\/225"}],"wp:attachment":[{"href":"https:\/\/blog.edu.turku.fi\/terasrautelankoulu\/wp-json\/wp\/v2\/media?parent=224"}],"curies":[{"name":"wp","href":"https:\/\/api.w.org\/{rel}","templated":true}]}}