{"id":121,"date":"2017-05-03T13:11:54","date_gmt":"2017-05-03T10:11:54","guid":{"rendered":"https:\/\/blog.edu.turku.fi\/terasrautelankoulu\/?page_id=121"},"modified":"2025-02-11T13:32:42","modified_gmt":"2025-02-11T11:32:42","slug":"suikkilan-yksikko","status":"publish","type":"page","link":"https:\/\/blog.edu.turku.fi\/terasrautelankoulu\/suikkilan-yksikko\/","title":{"rendered":"Suikkilan yksikk\u00f6"},"content":{"rendered":"<p>Suikkilan uudisrakennus otettiin k\u00e4ytt\u00f6\u00f6n syksyll\u00e4 2024. Rakennuksessa opiskelevat Ter\u00e4srautelan koulun 1. &#8211; 3.luokkalaiset.<\/p>\n<p>Koska osa opettajista opettaa molemmissa yksik\u00f6iss\u00e4, kaikkien opettajien tiedot l\u00f6ytyv\u00e4t samalta &#8221;Yhteystiedot&#8221; -v\u00e4lilehdelt\u00e4.<\/p>\n","protected":false},"excerpt":{"rendered":"<p>Suikkilan uudisrakennus otettiin k\u00e4ytt\u00f6\u00f6n syksyll\u00e4 2024. Rakennuksessa opiskelevat Ter\u00e4srautelan koulun 1. &#8211; 3.luokkalaiset. Koska osa opettajista opettaa molemmissa yksik\u00f6iss\u00e4, kaikkien opettajien tiedot l\u00f6ytyv\u00e4t samalta &#8221;Yhteystiedot&#8221; -v\u00e4lilehdelt\u00e4.<\/p>\n","protected":false},"author":475,"featured_media":0,"parent":0,"menu_order":0,"comment_status":"closed","ping_status":"closed","template":"","meta":{"footnotes":""},"class_list":["post-121","page","type-page","status-publish","hentry"],"_links":{"self":[{"href":"https:\/\/blog.edu.turku.fi\/terasrautelankoulu\/wp-json\/wp\/v2\/pages\/121","targetHints":{"allow":["GET"]}}],"collection":[{"href":"https:\/\/blog.edu.turku.fi\/terasrautelankoulu\/wp-json\/wp\/v2\/pages"}],"about":[{"href":"https:\/\/blog.edu.turku.fi\/terasrautelankoulu\/wp-json\/wp\/v2\/types\/page"}],"author":[{"embeddable":true,"href":"https:\/\/blog.edu.turku.fi\/terasrautelankoulu\/wp-json\/wp\/v2\/users\/475"}],"replies":[{"embeddable":true,"href":"https:\/\/blog.edu.turku.fi\/terasrautelankoulu\/wp-json\/wp\/v2\/comments?post=121"}],"version-history":[{"count":7,"href":"https:\/\/blog.edu.turku.fi\/terasrautelankoulu\/wp-json\/wp\/v2\/pages\/121\/revisions"}],"predecessor-version":[{"id":266,"href":"https:\/\/blog.edu.turku.fi\/terasrautelankoulu\/wp-json\/wp\/v2\/pages\/121\/revisions\/266"}],"wp:attachment":[{"href":"https:\/\/blog.edu.turku.fi\/terasrautelankoulu\/wp-json\/wp\/v2\/media?parent=121"}],"curies":[{"name":"wp","href":"https:\/\/api.w.org\/{rel}","templated":true}]}}