{"id":101,"date":"2016-11-02T16:16:04","date_gmt":"2016-11-02T14:16:04","guid":{"rendered":"https:\/\/blog.edu.turku.fi\/terasrautelankoulu\/?page_id=101"},"modified":"2026-01-08T13:32:03","modified_gmt":"2026-01-08T11:32:03","slug":"ajankohtaista","status":"publish","type":"page","link":"https:\/\/blog.edu.turku.fi\/terasrautelankoulu\/","title":{"rendered":""},"content":{"rendered":"<p>&nbsp;<\/p>\n<p>Tervetuloa Ter\u00e4srautelan koulun kotisivuille<\/p>\n<p>Koulumme toimii kahdessa eri yksik\u00f6ss\u00e4, Suikkilan uudessa rakennuksessa sek\u00e4 Ter\u00e4srautelassa. Vanha Ter\u00e4srautelan kouluyksikk\u00f6 Korkkisvuorenkadulla on kes\u00e4n 2025 aikana tyhjennetty ja mittava remontti on k\u00e4ynnistynyt. Koulun viereen on pystytetty v\u00e4ist\u00f6tila jo Suikkilan koulutalon rakennusvaiheessa. Ter\u00e4srautelan saneerattu kouluyksikk\u00f6 saadaan k\u00e4ytt\u00f6\u00f6n viimeist\u00e4\u00e4n elokuussa 2027.<\/p>\n<p>Suikkilan uudessa koulurakennuksessa opiskelevat luokat 1. \u2013 3 ja luokat 4 \u2013 6 opiskelevat Ter\u00e4srautelan yksik\u00f6n kent\u00e4n paikalle pystytetyss\u00e4 v\u00e4ist\u00f6tilassa.<\/p>\n<p>Ter\u00e4srautelan koulussa on yhteens\u00e4 noin 330 oppilasta.<\/p>\n<p>Kaikissa Turun peruskouluissa on lis\u00e4tty poissaolojen seurantaa ja niihin puututaan nyt uuden mallin mukaisilla toimenpiteill\u00e4. Lis\u00e4\u00e4 tietoa poissaoloihin liittyen saa seuraavan linkin takaa:<br \/>\n<a href=\"https:\/\/www.turku.fi\/perusopetus\/koulupoissaolot\">https:\/\/www.turku.fi\/perusopetus\/koulupoissaolot<\/a><\/p>\n<p><strong>Oppilaaksiotto<\/strong><\/p>\n<p>Turun suomenkielisen perusopetuksen oppilaaksiottoa on uudistettu ja s\u00e4hk\u00f6istetty. Se tarkoittaa, ettei sinun tarvitse huoltajana ilmoittaa lastasi kouluun, vaan jokaiselle tulevalle ekaluokkalaiselle, vuonna 2019 syntyneelle turkulaislapselle tehd\u00e4\u00e4n l\u00e4hikoulup\u00e4\u00e4t\u00f6s osoitteen perusteella. L\u00e4hikoulu m\u00e4\u00e4r\u00e4ytyy v\u00e4est\u00f6rekisteriin merkityn virallisen asuinpaikan<\/p>\n<p>mukaan. Alustavan suunnitelman mukaan oppivelvollisuusilmoitus l\u00e4htee huoltajalle marraskuun alussa. Kieliluokkatesteihin tulee kutsu huoltajan s\u00e4hk\u00f6postiin 12.1. ja testi kuun lopussa. Oppilaaksiottop\u00e4\u00e4t\u00f6s on suunnitelman mukaan luettavissa Wilmasta 31.3.2026.<\/p>\n<p>Ter\u00e4srautelan koulun koko henkil\u00f6kunta toivottaa lapsenne l\u00e4mpim\u00e4sti tervetulleeksi koulupolulle meid\u00e4n koulussamme! <\/p>\n<p>Ter\u00e4srautelan koulun tarjoamia kerhoja p\u00e4\u00e4set tarkastelemaan t\u00e4st\u00e4 linkist\u00e4:<br \/>\n<a href=\"https:\/\/www.turku.fi\/nuoret\/harrasta-koulupaivan-yhteydessa\">https:\/\/www.turku.fi\/nuoret\/harrasta-koulupaivan-yhteydessa<\/a><\/p>\n<p>&nbsp;<\/p>\n","protected":false},"excerpt":{"rendered":"<p>&nbsp; Tervetuloa Ter\u00e4srautelan koulun kotisivuille Koulumme toimii kahdessa eri yksik\u00f6ss\u00e4, Suikkilan uudessa rakennuksessa sek\u00e4 Ter\u00e4srautelassa. Vanha Ter\u00e4srautelan kouluyksikk\u00f6 Korkkisvuorenkadulla on kes\u00e4n 2025 aikana tyhjennetty ja mittava remontti on k\u00e4ynnistynyt. Koulun viereen on pystytetty v\u00e4ist\u00f6tila jo Suikkilan koulutalon rakennusvaiheessa. Ter\u00e4srautelan saneerattu kouluyksikk\u00f6 saadaan k\u00e4ytt\u00f6\u00f6n viimeist\u00e4\u00e4n elokuussa 2027. Suikkilan uudessa koulurakennuksessa opiskelevat luokat 1. \u2013 3 ja &hellip; <a href=\"https:\/\/blog.edu.turku.fi\/terasrautelankoulu\/\" class=\"more-link\">Jatka lukemista<span class=\"screen-reader-text\"> &#8221;&#8221;<\/span><\/a><\/p>\n","protected":false},"author":475,"featured_media":0,"parent":0,"menu_order":0,"comment_status":"closed","ping_status":"closed","template":"","meta":{"footnotes":""},"class_list":["post-101","page","type-page","status-publish","hentry"],"_links":{"self":[{"href":"https:\/\/blog.edu.turku.fi\/terasrautelankoulu\/wp-json\/wp\/v2\/pages\/101","targetHints":{"allow":["GET"]}}],"collection":[{"href":"https:\/\/blog.edu.turku.fi\/terasrautelankoulu\/wp-json\/wp\/v2\/pages"}],"about":[{"href":"https:\/\/blog.edu.turku.fi\/terasrautelankoulu\/wp-json\/wp\/v2\/types\/page"}],"author":[{"embeddable":true,"href":"https:\/\/blog.edu.turku.fi\/terasrautelankoulu\/wp-json\/wp\/v2\/users\/475"}],"replies":[{"embeddable":true,"href":"https:\/\/blog.edu.turku.fi\/terasrautelankoulu\/wp-json\/wp\/v2\/comments?post=101"}],"version-history":[{"count":29,"href":"https:\/\/blog.edu.turku.fi\/terasrautelankoulu\/wp-json\/wp\/v2\/pages\/101\/revisions"}],"predecessor-version":[{"id":325,"href":"https:\/\/blog.edu.turku.fi\/terasrautelankoulu\/wp-json\/wp\/v2\/pages\/101\/revisions\/325"}],"wp:attachment":[{"href":"https:\/\/blog.edu.turku.fi\/terasrautelankoulu\/wp-json\/wp\/v2\/media?parent=101"}],"curies":[{"name":"wp","href":"https:\/\/api.w.org\/{rel}","templated":true}]}}