{"id":428,"date":"2023-08-23T12:50:18","date_gmt":"2023-08-23T09:50:18","guid":{"rendered":"https:\/\/blog.edu.turku.fi\/taoskujanphy\/?page_id=428"},"modified":"2023-08-23T13:13:10","modified_gmt":"2023-08-23T10:13:10","slug":"tietoa-toiminnastamme","status":"publish","type":"page","link":"https:\/\/blog.edu.turku.fi\/taoskujanphy\/tietoa-toiminnastamme\/","title":{"rendered":"Tietoa toiminnastamme"},"content":{"rendered":"<h2>Toiminta-ajatus ja arvot<\/h2>\n<p>Tuemme perheit\u00e4 heid\u00e4n kasvatusteht\u00e4v\u00e4ss\u00e4\u00e4n tarjoten lapselle mahdollisuuksia kehitty\u00e4 ja kasvaa turvallisessa ja virikkeellisess\u00e4 ymp\u00e4rist\u00f6ss\u00e4. Luomme puitteet lapsen yksil\u00f6lliselle ja tasapainoiselle kehitykselle antaen lapsen itsens\u00e4 l\u00f6yt\u00e4\u00e4 vastauksia eteen tulleisiin kysymyksiins\u00e4.<\/p>\n<p>Huomioimme, ett\u00e4 jokainen lapsi on yksil\u00f6llinen ja ainutlaatuinen persoona. Annamme lapselle onnistumisen kokemuksia ja el\u00e4myksi\u00e4. Vahvan itsetunnon kautta lapsi oppii hyv\u00e4ksym\u00e4\u00e4n itsens\u00e4 ja siet\u00e4m\u00e4\u00e4n virheit\u00e4. Kasvatamme lapsesta yhteisty\u00f6ss\u00e4 h\u00e4nen perheens\u00e4 kanssa omatoimisen ja toiset huomioon ottavan ihmisen. Lapsi opetetaan omatoimiseksi, jolloin h\u00e4n kykenee huolehtimaan itsest\u00e4\u00e4n. H\u00e4n oppii ottamaan asioista selv\u00e4\u00e4 ja ajattelemaan itsen\u00e4isesti.<\/p>\n<p>P\u00e4iv\u00e4kodissa lapsi kuuluu ryhm\u00e4\u00e4n. Lapselle on t\u00e4rke\u00e4\u00e4 kuulua joukkoon ja olla yksi ryhm\u00e4n j\u00e4senist\u00e4. Opettelemme sosiaalisia- ja ryhm\u00e4toimintataitoja. P\u00e4iv\u00e4kodissamme toimitaan my\u00f6s pienryhmiss\u00e4, jossa korostuu aikuisen l\u00e4sn\u00e4olo ja vuorovaikutus lasten kanssa, sek\u00e4 lapsen osallisuus ja yksil\u00f6llinen kehitys.<\/p>\n<h2>Kasvatuskumppanuus<\/h2>\n<p><em>\u2019\u2019Lapsen vanhemmilla ja muilla huoltajilla on ensisijainen vastuu lapsen hyvinvoinnista. Lapsen vanhemman ja muun huoltajan tulee turvata lapselle tasapainoinen kehitys ja hyvinvointi siten kuin lapsen huollosta ja tapaamisoikeudesta annetussa lai<span style=\"color: #000000\">ssa <a style=\"color: #000000\" href=\"https:\/\/www.finlex.fi\/fi\/laki\/ajantasa\/1983\/19830361\">(361\/1983)<\/a> s\u00e4\u00e4det\u00e4\u00e4n. (l\u00e4hde: <a style=\"color: #000000\" href=\"https:\/\/www.finlex.fi\/fi\/laki\/ajantasa\/2007\/20070417\">Lastensuojelulaki 417\/2007, 2\u00a7<\/a>)\u2019\u2019<\/span><\/em><\/p>\n<p>Kasvatuskumppanuus on eri osapuolten tasavertaista vuorovaikutusta ja yhdess\u00e4 toimimista, jossa vanhemman ja p\u00e4iv\u00e4kodin kasvattajien erilainen asiantuntemus ja tiet\u00e4mys yhdistyv\u00e4t.\u00a0Molemminpuolinen luottamus, avoimuus, kuunteleminen ja aito kiinnostus lapsen asioihin luovat pohjan hyv\u00e4lle yhteisty\u00f6lle. Lapsen kasvun ja kehityksen tukemisessa varhainen puuttuminen ja huolen puheeksi ottaminen on \u00e4\u00e4rett\u00f6m\u00e4n\u00a0t\u00e4rke\u00e4\u00e4.<\/p>\n<h2>Varhaiskasvatussunnitelma<\/h2>\n<p>Turkulaista varhaiskasvatuksen sis\u00e4lt\u00f6\u00e4 ohjaavat keskeiset asiakirjat ovat seuraavat:<\/p>\n<ul>\n<li><span style=\"color: #333333\">Lapsen oikeuksien sopimus<\/span><\/li>\n<li><span style=\"color: #333333\">Lait ja asetukset: Laki lasten p\u00e4iv\u00e4hoidosta, lastensuojelulaki, perusopetuslaki sek\u00e4 laki lasten kotihoidon ja yksityiden hoidon tuesta<\/span><\/li>\n<li><span style=\"color: #333333\">Valtakunnalliset varhaiskasvatussuunnitelman perusteet sek\u00e4 esiopetuksen<\/span> opetussuunnitelman perusteet<\/li>\n<li>Turun kaupungin strategia<\/li>\n<li><span style=\"color: #000000\">Strateginen palvelusopimus ja Operatiivinen palvelutuotantosopimus<\/span><\/li>\n<li><span style=\"color: #000000\"><span style=\"color: #ffcc00\"><a style=\"color: #ffcc00\" href=\"https:\/\/www.turku.fi\/sites\/default\/files\/atoms\/files\/turun_varhaiskasvatussuunnitelma_28.5.2019.pdf\">Turun kaupungin varhaiskasvatussuunnitelma\u00a0<\/a><\/span>sek\u00e4 Turun kaupungin suomenkielisen esiopetuksen opetussuunnitelman kuntakohtainen osio 2011<\/span><\/li>\n<li><span style=\"color: #000000\">P\u00e4iv\u00e4hoitoyksik\u00f6n varhaiskasvatussuunnitelma ja esiopetuksen opetussuunnitelma<\/span><\/li>\n<li><span style=\"color: #000000\">Ryhm\u00e4n varhaiskasvatus- ja esiopetussuunnitelma<\/span><\/li>\n<li><span style=\"color: #ffcc00\"><span style=\"color: #000000\"><a style=\"color: #000000\" href=\"https:\/\/dotku.turku.fi\/sivistys\/varhaiskasvatus\/Lomakkeet\/LAPSI%20Etuk\u00e4teispohdinta%20huoltajille.docx\">L<\/a>apsen varhaiskasvatussuunnitelma\u00a0<\/span><\/span><span style=\"color: #000000\">sek\u00e4<\/span> Kasvun ja oppimisen seuranta (esiopetuksessa)<\/li>\n<\/ul>\n<p>(L\u00e4hde: Turun varhaiskasvatussuunnitelma)<\/p>\n<h2>Vanhempainkerho<\/h2>\n<p>P\u00e4iv\u00e4kodissamme toimii vanhempainkerho, joka on muodostunut vapaaehtoisten vanhempien halusta tarjota lapsille mukavaa tekemist\u00e4. Vanhempainkerho ker\u00e4\u00e4 varoja mm. j\u00e4rjest\u00e4m\u00e4ll\u00e4 erilaisia tapahtumia, kuten discoja sek\u00e4 buffet-myynnill\u00e4 esimerkiksi vanhempainilloissa ja kev\u00e4ttapahtumissa. Ker\u00e4tyill\u00e4 varoilla on saatu p\u00e4iv\u00e4kotiin erilaisia esiintyji\u00e4\/konsertteja sek\u00e4 mahdollistettu esimerkiksi retki\u00e4. Vapaaehtoisia vanhempia otetaan mukaan mielell\u00e4\u00e4n! Kysy asiasta lis\u00e4\u00e4 p\u00e4iv\u00e4kodin henkil\u00f6kunnalta.<\/p>\n","protected":false},"excerpt":{"rendered":"<p>Toiminta-ajatus ja arvot Tuemme perheit\u00e4 heid\u00e4n kasvatusteht\u00e4v\u00e4ss\u00e4\u00e4n tarjoten lapselle mahdollisuuksia kehitty\u00e4 ja kasvaa turvallisessa ja virikkeellisess\u00e4 ymp\u00e4rist\u00f6ss\u00e4. Luomme puitteet lapsen yksil\u00f6lliselle ja tasapainoiselle kehitykselle antaen lapsen itsens\u00e4 l\u00f6yt\u00e4\u00e4 vastauksia eteen tulleisiin kysymyksiins\u00e4. Huomioimme, ett\u00e4 jokainen lapsi on yksil\u00f6llinen ja ainutlaatuinen persoona. Annamme lapselle onnistumisen kokemuksia ja el\u00e4myksi\u00e4. Vahvan itsetunnon kautta lapsi oppii hyv\u00e4ksym\u00e4\u00e4n itsens\u00e4 ja &hellip; <a href=\"https:\/\/blog.edu.turku.fi\/taoskujanphy\/tietoa-toiminnastamme\/\" class=\"more-link\">Jatka lukemista<span class=\"screen-reader-text\"> &#8221;Tietoa toiminnastamme&#8221;<\/span><\/a><\/p>\n","protected":false},"author":3363,"featured_media":0,"parent":0,"menu_order":0,"comment_status":"closed","ping_status":"closed","template":"","meta":{"footnotes":""},"class_list":["post-428","page","type-page","status-publish","hentry"],"_links":{"self":[{"href":"https:\/\/blog.edu.turku.fi\/taoskujanphy\/wp-json\/wp\/v2\/pages\/428","targetHints":{"allow":["GET"]}}],"collection":[{"href":"https:\/\/blog.edu.turku.fi\/taoskujanphy\/wp-json\/wp\/v2\/pages"}],"about":[{"href":"https:\/\/blog.edu.turku.fi\/taoskujanphy\/wp-json\/wp\/v2\/types\/page"}],"author":[{"embeddable":true,"href":"https:\/\/blog.edu.turku.fi\/taoskujanphy\/wp-json\/wp\/v2\/users\/3363"}],"replies":[{"embeddable":true,"href":"https:\/\/blog.edu.turku.fi\/taoskujanphy\/wp-json\/wp\/v2\/comments?post=428"}],"version-history":[{"count":7,"href":"https:\/\/blog.edu.turku.fi\/taoskujanphy\/wp-json\/wp\/v2\/pages\/428\/revisions"}],"predecessor-version":[{"id":437,"href":"https:\/\/blog.edu.turku.fi\/taoskujanphy\/wp-json\/wp\/v2\/pages\/428\/revisions\/437"}],"wp:attachment":[{"href":"https:\/\/blog.edu.turku.fi\/taoskujanphy\/wp-json\/wp\/v2\/media?parent=428"}],"curies":[{"name":"wp","href":"https:\/\/api.w.org\/{rel}","templated":true}]}}