{"id":23,"date":"2015-06-17T13:47:29","date_gmt":"2015-06-17T10:47:29","guid":{"rendered":"https:\/\/blog.edu.turku.fi\/taoskujanphy\/?page_id=23"},"modified":"2023-08-23T11:41:47","modified_gmt":"2023-08-23T08:41:47","slug":"yleista","status":"publish","type":"page","link":"https:\/\/blog.edu.turku.fi\/taoskujanphy\/","title":{"rendered":"Yleist\u00e4"},"content":{"rendered":"<p>Taoskujan p\u00e4iv\u00e4koti on pieni, kodikas p\u00e4iv\u00e4koti Turun L\u00e4nsikeskuksessa. Toiminta Taoskujalla on alkanut vuonna 1988. Taoskujan yksik\u00f6ss\u00e4 on 43 p\u00e4iv\u00e4hoitopaikkaa, joista muodostuu kolme lapsiryhm\u00e4\u00e4 seuraavasti:<\/p>\n<ul>\n<li>NIITTYVILLAT alle 3-vuotiaiden ryhm\u00e4, 12 paikkaa<\/li>\n<li>METS\u00c4T\u00c4HDET 3-5 \u2013vuotiaiden ryhm\u00e4, 21 paikkaa<\/li>\n<li>VOIKUKAT 3-5 \u2013vuotiaiden ryhm\u00e4, 10 paikkaa<\/li>\n<\/ul>\n<p>Esiopetusik\u00e4isin\u00e4 lapset siirtyv\u00e4t muiden yksik\u00f6iden esiopetusryhmiin.<\/p>\n<figure id=\"attachment_171\" aria-describedby=\"caption-attachment-171\" style=\"width: 224px\" class=\"wp-caption aligncenter\"><a href=\"https:\/\/blog.edu.turku.fi\/taoskujanphy\/files\/2015\/06\/IMG_00451-e1444377780875.jpg\"><img loading=\"lazy\" decoding=\"async\" class=\"size-medium wp-image-171\" src=\"https:\/\/blog.edu.turku.fi\/taoskujanphy\/files\/2015\/06\/IMG_00451-e1444377780875-224x300.jpg\" alt=\"Leikki on lapsen luontainen tapa oppia ja sen avulla h\u00e4n tutustuu ymp\u00e4rist\u00f6\u00f6ns\u00e4 ja opettelee uusia asioita. Leikki on mielihyv\u00e4ns\u00e4vyist\u00e4 toimintaa ilman tietoista hy\u00f6tytarkoitusta. Se on my\u00f6s lapsen ominta ja luonnollisinta toimintaa, ja arvokasta juurikin sellaisenaan. Sill\u00e4 on ratkaiseva merkitys lapsen kehitykselle.\" width=\"224\" height=\"300\" srcset=\"https:\/\/blog.edu.turku.fi\/taoskujanphy\/files\/2015\/06\/IMG_00451-e1444377780875-224x300.jpg 224w, https:\/\/blog.edu.turku.fi\/taoskujanphy\/files\/2015\/06\/IMG_00451-e1444377780875-765x1024.jpg 765w, https:\/\/blog.edu.turku.fi\/taoskujanphy\/files\/2015\/06\/IMG_00451-e1444377780875.jpg 1936w\" sizes=\"auto, (max-width: 224px) 85vw, 224px\" \/><\/a><figcaption id=\"caption-attachment-171\" class=\"wp-caption-text\">Leikki on lapsen luontainen tapa oppia ja sen avulla h\u00e4n tutustuu ymp\u00e4rist\u00f6\u00f6ns\u00e4 ja opettelee uusia asioita. Leikki on mielihyv\u00e4ns\u00e4vyist\u00e4 toimintaa ilman tietoista hy\u00f6tytarkoitusta. Se on my\u00f6s lapsen ominta ja luonnollisinta toimintaa, ja arvokasta juurikin sellaisenaan. Sill\u00e4 on ratkaiseva merkitys lapsen kehitykselle.<\/figcaption><\/figure>\n","protected":false},"excerpt":{"rendered":"<p>Taoskujan p\u00e4iv\u00e4koti on pieni, kodikas p\u00e4iv\u00e4koti Turun L\u00e4nsikeskuksessa. Toiminta Taoskujalla on alkanut vuonna 1988. Taoskujan yksik\u00f6ss\u00e4 on 43 p\u00e4iv\u00e4hoitopaikkaa, joista muodostuu kolme lapsiryhm\u00e4\u00e4 seuraavasti: NIITTYVILLAT alle 3-vuotiaiden ryhm\u00e4, 12 paikkaa METS\u00c4T\u00c4HDET 3-5 \u2013vuotiaiden ryhm\u00e4, 21 paikkaa VOIKUKAT 3-5 \u2013vuotiaiden ryhm\u00e4, 10 paikkaa Esiopetusik\u00e4isin\u00e4 lapset siirtyv\u00e4t muiden yksik\u00f6iden esiopetusryhmiin.<\/p>\n","protected":false},"author":1264,"featured_media":0,"parent":0,"menu_order":1,"comment_status":"closed","ping_status":"closed","template":"","meta":{"footnotes":""},"class_list":["post-23","page","type-page","status-publish","hentry"],"_links":{"self":[{"href":"https:\/\/blog.edu.turku.fi\/taoskujanphy\/wp-json\/wp\/v2\/pages\/23","targetHints":{"allow":["GET"]}}],"collection":[{"href":"https:\/\/blog.edu.turku.fi\/taoskujanphy\/wp-json\/wp\/v2\/pages"}],"about":[{"href":"https:\/\/blog.edu.turku.fi\/taoskujanphy\/wp-json\/wp\/v2\/types\/page"}],"author":[{"embeddable":true,"href":"https:\/\/blog.edu.turku.fi\/taoskujanphy\/wp-json\/wp\/v2\/users\/1264"}],"replies":[{"embeddable":true,"href":"https:\/\/blog.edu.turku.fi\/taoskujanphy\/wp-json\/wp\/v2\/comments?post=23"}],"version-history":[{"count":22,"href":"https:\/\/blog.edu.turku.fi\/taoskujanphy\/wp-json\/wp\/v2\/pages\/23\/revisions"}],"predecessor-version":[{"id":421,"href":"https:\/\/blog.edu.turku.fi\/taoskujanphy\/wp-json\/wp\/v2\/pages\/23\/revisions\/421"}],"wp:attachment":[{"href":"https:\/\/blog.edu.turku.fi\/taoskujanphy\/wp-json\/wp\/v2\/media?parent=23"}],"curies":[{"name":"wp","href":"https:\/\/api.w.org\/{rel}","templated":true}]}}