{"id":46,"date":"2019-06-11T11:49:24","date_gmt":"2019-06-11T08:49:24","guid":{"rendered":"https:\/\/blog.edu.turku.fi\/tallimaenkentanpk\/?page_id=46"},"modified":"2019-08-21T13:25:43","modified_gmt":"2019-08-21T10:25:43","slug":"etusivu","status":"publish","type":"page","link":"https:\/\/blog.edu.turku.fi\/tallimaenkentanpk\/","title":{"rendered":"Tervetuloa!"},"content":{"rendered":"<p>Tallim\u00e4enkent\u00e4n p\u00e4iv\u00e4kodin toiminta k\u00e4ynnistyi 1.8.2019.<\/p>\n<p>&nbsp;<\/p>\n","protected":false},"excerpt":{"rendered":"<p>Tallim\u00e4enkent\u00e4n p\u00e4iv\u00e4kodin toiminta k\u00e4ynnistyi 1.8.2019. &nbsp;<\/p>\n","protected":false},"author":9,"featured_media":0,"parent":0,"menu_order":0,"comment_status":"closed","ping_status":"closed","template":"","meta":{"footnotes":""},"class_list":["post-46","page","type-page","status-publish","hentry"],"_links":{"self":[{"href":"https:\/\/blog.edu.turku.fi\/tallimaenkentanpk\/wp-json\/wp\/v2\/pages\/46","targetHints":{"allow":["GET"]}}],"collection":[{"href":"https:\/\/blog.edu.turku.fi\/tallimaenkentanpk\/wp-json\/wp\/v2\/pages"}],"about":[{"href":"https:\/\/blog.edu.turku.fi\/tallimaenkentanpk\/wp-json\/wp\/v2\/types\/page"}],"author":[{"embeddable":true,"href":"https:\/\/blog.edu.turku.fi\/tallimaenkentanpk\/wp-json\/wp\/v2\/users\/9"}],"replies":[{"embeddable":true,"href":"https:\/\/blog.edu.turku.fi\/tallimaenkentanpk\/wp-json\/wp\/v2\/comments?post=46"}],"version-history":[{"count":4,"href":"https:\/\/blog.edu.turku.fi\/tallimaenkentanpk\/wp-json\/wp\/v2\/pages\/46\/revisions"}],"predecessor-version":[{"id":90,"href":"https:\/\/blog.edu.turku.fi\/tallimaenkentanpk\/wp-json\/wp\/v2\/pages\/46\/revisions\/90"}],"wp:attachment":[{"href":"https:\/\/blog.edu.turku.fi\/tallimaenkentanpk\/wp-json\/wp\/v2\/media?parent=46"}],"curies":[{"name":"wp","href":"https:\/\/api.w.org\/{rel}","templated":true}]}}