{"id":13,"date":"2019-06-11T11:43:23","date_gmt":"2019-06-11T08:43:23","guid":{"rendered":"https:\/\/blog.edu.turku.fi\/tallimaenkentanpk\/?page_id=13"},"modified":"2023-01-24T16:35:07","modified_gmt":"2023-01-24T14:35:07","slug":"yhteystiedot","status":"publish","type":"page","link":"https:\/\/blog.edu.turku.fi\/tallimaenkentanpk\/yhteystiedot\/","title":{"rendered":"Yhteystiedot"},"content":{"rendered":"<h1><strong>Tallim\u00e4enkent\u00e4n p\u00e4iv\u00e4koti<\/strong><\/h1>\n<p><strong>Malminkatu 1, 0407083122<\/strong><\/p>\n<p><strong>P\u00e4iv\u00e4kodinjohtaja<\/strong><br \/>\n<em>Minja Pahalahti<\/em><br \/>\n0449072786<br \/>\nminja.pahalahti@edu.turku.fi<\/p>\n<p><strong>Varajohtaja<\/strong><\/p>\n<p><i>Minna Lindeman<\/i><\/p>\n<p>minna.lindeman@edu.turku.fi<\/p>\n<p>&nbsp;<\/p>\n<p><strong>Esiopetus:<\/strong><br \/>\nVillivarsat: 0403532534<br \/>\nLaukkaratsut: 0401911695<\/p>\n<p><strong>Alueellinen integroitu erityisryhm\u00e4:<\/strong><br \/>\nT\u00e4pl\u00e4ponit: 0403532744<\/p>\n<p><strong>Ryhm\u00e4t:<\/strong><\/p>\n<p>Hopeajouhet: 0403522773 (0-3 vuotiaat)<\/p>\n<p>Silkkih\u00e4nn\u00e4t: 0403532554 (0-3 vuotiaat)<\/p>\n<p>Tuliharjat: 0401434765 (3-vuotiaat)<\/p>\n<p>Liinaharjat: 0503967121 (0-3 vuotiaat)<\/p>\n<p>Kultakaviot: 0403522254 (3-4 vuotiaat)<\/p>\n<p>T\u00e4htikaviot: 0403530173 (5-vuotiaat)<\/p>\n<p>&nbsp;<\/p>\n<p>&nbsp;<\/p>\n<p>&nbsp;<\/p>\n<p>&nbsp;<\/p>\n","protected":false},"excerpt":{"rendered":"<p>Tallim\u00e4enkent\u00e4n p\u00e4iv\u00e4koti Malminkatu 1, 0407083122 P\u00e4iv\u00e4kodinjohtaja Minja Pahalahti 0449072786 minja.pahalahti@edu.turku.fi Varajohtaja Minna Lindeman minna.lindeman@edu.turku.fi &nbsp; Esiopetus: Villivarsat: 0403532534 Laukkaratsut: 0401911695 Alueellinen integroitu erityisryhm\u00e4: T\u00e4pl\u00e4ponit: 0403532744 Ryhm\u00e4t: Hopeajouhet: 0403522773 (0-3 vuotiaat) Silkkih\u00e4nn\u00e4t: 0403532554 (0-3 vuotiaat) Tuliharjat: 0401434765 (3-vuotiaat) Liinaharjat: 0503967121 (0-3 vuotiaat) Kultakaviot: 0403522254 (3-4 vuotiaat) T\u00e4htikaviot: 0403530173 (5-vuotiaat) &nbsp; &nbsp; &nbsp; &nbsp;<\/p>\n","protected":false},"author":9,"featured_media":0,"parent":0,"menu_order":0,"comment_status":"closed","ping_status":"closed","template":"","meta":{"footnotes":""},"class_list":["post-13","page","type-page","status-publish","hentry"],"_links":{"self":[{"href":"https:\/\/blog.edu.turku.fi\/tallimaenkentanpk\/wp-json\/wp\/v2\/pages\/13","targetHints":{"allow":["GET"]}}],"collection":[{"href":"https:\/\/blog.edu.turku.fi\/tallimaenkentanpk\/wp-json\/wp\/v2\/pages"}],"about":[{"href":"https:\/\/blog.edu.turku.fi\/tallimaenkentanpk\/wp-json\/wp\/v2\/types\/page"}],"author":[{"embeddable":true,"href":"https:\/\/blog.edu.turku.fi\/tallimaenkentanpk\/wp-json\/wp\/v2\/users\/9"}],"replies":[{"embeddable":true,"href":"https:\/\/blog.edu.turku.fi\/tallimaenkentanpk\/wp-json\/wp\/v2\/comments?post=13"}],"version-history":[{"count":13,"href":"https:\/\/blog.edu.turku.fi\/tallimaenkentanpk\/wp-json\/wp\/v2\/pages\/13\/revisions"}],"predecessor-version":[{"id":476,"href":"https:\/\/blog.edu.turku.fi\/tallimaenkentanpk\/wp-json\/wp\/v2\/pages\/13\/revisions\/476"}],"wp:attachment":[{"href":"https:\/\/blog.edu.turku.fi\/tallimaenkentanpk\/wp-json\/wp\/v2\/media?parent=13"}],"curies":[{"name":"wp","href":"https:\/\/api.w.org\/{rel}","templated":true}]}}