{"id":84,"date":"2023-06-05T13:57:34","date_gmt":"2023-06-05T10:57:34","guid":{"rendered":"https:\/\/blog.edu.turku.fi\/taidepolku\/?page_id=84"},"modified":"2025-12-16T08:51:16","modified_gmt":"2025-12-16T06:51:16","slug":"lastenkulttuurikeskusseikkailupuisto","status":"publish","type":"page","link":"https:\/\/blog.edu.turku.fi\/taidepolku\/lastenkulttuurikeskusseikkailupuisto\/","title":{"rendered":"Lastenkulttuurikeskus F\u00e4ri"},"content":{"rendered":"<p><img loading=\"lazy\" decoding=\"async\" class=\"alignnone wp-image-725\" src=\"https:\/\/blog.edu.turku.fi\/taidepolku\/files\/2025\/12\/Fari_logo-300x135.jpg\" alt=\"\" width=\"447\" height=\"201\" srcset=\"https:\/\/blog.edu.turku.fi\/taidepolku\/files\/2025\/12\/Fari_logo-300x135.jpg 300w, https:\/\/blog.edu.turku.fi\/taidepolku\/files\/2025\/12\/Fari_logo.jpg 1024w\" sizes=\"auto, (max-width: 447px) 100vw, 447px\" \/><\/p>\n<p>Lastenkulttuurikeskus F\u00e4ri on taiteen tekemiseen ja kokemiseen kutsuva taidekeskus. Sijaitsemme Seikkailupuistossa.<\/p>\n<p>Lastenkulttuurikeskus tukee lasten kulttuurisia oikeuksia tarjoamalla monipuolista taide- ja kulttuuritoimintaa perheille, lapsille sek\u00e4 kouluille ja varhaiskasvatukselle ymp\u00e4ri vuoden.<\/p>\n<h1><strong>Kev\u00e4t 2026<\/strong><strong><br \/>\n<\/strong><\/h1>\n<p><img loading=\"lazy\" decoding=\"async\" class=\"alignnone wp-image-722\" src=\"https:\/\/blog.edu.turku.fi\/taidepolku\/files\/2025\/12\/Apo1080-nt-300x169.jpg\" alt=\"\" width=\"533\" height=\"300\" srcset=\"https:\/\/blog.edu.turku.fi\/taidepolku\/files\/2025\/12\/Apo1080-nt-300x169.jpg 300w, https:\/\/blog.edu.turku.fi\/taidepolku\/files\/2025\/12\/Apo1080-nt.jpg 1024w\" sizes=\"auto, (max-width: 533px) 100vw, 533px\" \/><\/p>\n<p><strong>Teatteri Konna: Hyv\u00e4\u00e4 huomenta, Apo Apponen!<\/strong><br \/>\nti 3.2. klo 10<br \/>\nKesto: 25 min<br \/>\nIk\u00e4suositus: 3+<br \/>\nMaksuton!<\/p>\n<p><strong><a href=\"https:\/\/www.turku.fi\/lastenkulttuurikeskus-fari\/paivakoti-ja-kouluryhmille\">Varaa paikat ryhm\u00e4llesi t\u00e4\u00e4lt\u00e4<\/a>. <\/strong>Lipunvaraus alkaa 7.1. klo 10.<\/p>\n<p>K\u00e4sill\u00e4 on ihan tavallinen aamu Apo Apposen el\u00e4m\u00e4ss\u00e4. Unentokkurassa Apo t\u00f6rm\u00e4ilee toinen toistaan hauskempiin hahmoihin kuten Kaaro Puttilaan ja Sinikkaan, s\u00e4hk\u00f6hammasharjan vaihtop\u00e4\u00e4h\u00e4n. Apon on selvitelt\u00e4v\u00e4 my\u00f6s v\u00e4lins\u00e4 pitk\u00e4vihaisen paidan kanssa.<\/p>\n<p>Hyv\u00e4\u00e4 huomenta, Apo Apponen! -esityksen tapahtumat kumpuavat lapsiperheen el\u00e4m\u00e4nmenosta -Apon touhut ja tohinat kun ovat tuttuja kaikille lapsille.<\/p>\n<p>T\u00e4m\u00e4 hieman standup-tyylinen esitys on nauruhermoja kutkuttavaa seurattavaa mm. p\u00e4iv\u00e4koti-ik\u00e4isille lapsille ja alakoulun pienemmille oppilaille.<\/p>\n<p><img loading=\"lazy\" decoding=\"async\" class=\"alignnone wp-image-728\" src=\"https:\/\/blog.edu.turku.fi\/taidepolku\/files\/2025\/12\/barberaren-06_matilda-gronow-kaikki-kuv-300x200.jpg\" alt=\"\" width=\"531\" height=\"354\" srcset=\"https:\/\/blog.edu.turku.fi\/taidepolku\/files\/2025\/12\/barberaren-06_matilda-gronow-kaikki-kuv-300x200.jpg 300w, https:\/\/blog.edu.turku.fi\/taidepolku\/files\/2025\/12\/barberaren-06_matilda-gronow-kaikki-kuv.jpg 1024w\" sizes=\"auto, (max-width: 531px) 100vw, 531px\" \/><\/p>\n<p>Ruotsinkielisille eskareille:<br \/>\n<strong>Finlands nationalopera och -balett: Miniopera Barberaren i Sevilla<\/strong><br \/>\n<a href=\"https:\/\/www.turku.fi\/sv\/barnkulturcentret-fari\/dagis-och-skolgrupper\">Katso lis\u00e4\u00e4 t\u00e4\u00e4lt\u00e4!<\/a><\/p>\n","protected":false},"excerpt":{"rendered":"<p>Lastenkulttuurikeskus F\u00e4ri on taiteen tekemiseen ja kokemiseen kutsuva taidekeskus. Sijaitsemme Seikkailupuistossa. Lastenkulttuurikeskus tukee lasten kulttuurisia oikeuksia tarjoamalla monipuolista taide- ja kulttuuritoimintaa perheille, lapsille sek\u00e4 kouluille ja varhaiskasvatukselle ymp\u00e4ri vuoden. Kev\u00e4t 2026 Teatteri Konna: Hyv\u00e4\u00e4 huomenta, Apo Apponen! ti 3.2. klo<\/p>\n","protected":false},"author":3331,"featured_media":0,"parent":0,"menu_order":0,"comment_status":"closed","ping_status":"closed","template":"","meta":{"footnotes":""},"class_list":["post-84","page","type-page","status-publish","hentry"],"_links":{"self":[{"href":"https:\/\/blog.edu.turku.fi\/taidepolku\/wp-json\/wp\/v2\/pages\/84","targetHints":{"allow":["GET"]}}],"collection":[{"href":"https:\/\/blog.edu.turku.fi\/taidepolku\/wp-json\/wp\/v2\/pages"}],"about":[{"href":"https:\/\/blog.edu.turku.fi\/taidepolku\/wp-json\/wp\/v2\/types\/page"}],"author":[{"embeddable":true,"href":"https:\/\/blog.edu.turku.fi\/taidepolku\/wp-json\/wp\/v2\/users\/3331"}],"replies":[{"embeddable":true,"href":"https:\/\/blog.edu.turku.fi\/taidepolku\/wp-json\/wp\/v2\/comments?post=84"}],"version-history":[{"count":63,"href":"https:\/\/blog.edu.turku.fi\/taidepolku\/wp-json\/wp\/v2\/pages\/84\/revisions"}],"predecessor-version":[{"id":733,"href":"https:\/\/blog.edu.turku.fi\/taidepolku\/wp-json\/wp\/v2\/pages\/84\/revisions\/733"}],"wp:attachment":[{"href":"https:\/\/blog.edu.turku.fi\/taidepolku\/wp-json\/wp\/v2\/media?parent=84"}],"curies":[{"name":"wp","href":"https:\/\/api.w.org\/{rel}","templated":true}]}}