{"id":8,"date":"2023-04-04T09:46:25","date_gmt":"2023-04-04T06:46:25","guid":{"rendered":"https:\/\/blog.edu.turku.fi\/taidepolku\/?page_id=8"},"modified":"2025-08-06T15:52:50","modified_gmt":"2025-08-06T12:52:50","slug":"kirjastopolku","status":"publish","type":"page","link":"https:\/\/blog.edu.turku.fi\/taidepolku\/kirjastopolku\/","title":{"rendered":"Kirjastopolku"},"content":{"rendered":"<p><strong>Turun kaupunginkirjasto <\/strong><\/p>\n<p><strong>Tutustu kirjojen ja tarinoiden ihmeelliseen maailmaan kirjastossa!<\/strong><\/p>\n<p>Turun kaupunginkirjasto tarjoaa kirjastopalveluita lapsille, lapsiperheille sek\u00e4 varhaiskasvatukselle ja kouluille ymp\u00e4ri vuoden. Kirjastopalveluita lapsille on tarjolla p\u00e4\u00e4kirjastossa, 10 l\u00e4hikirjastossa ja kahdessa kirjastoautossa. Jokaisessa toimipisteess\u00e4 on tarjolla lastenaineistoa. Turun kaupunginkirjastosta lainattiin lasten aineistoja vuonna 2023 yli miljoona kertaa. J\u00e4rjest\u00e4mme vuosittain satutunteja kaikissa Turun kirjastoissa. Satutunnit ovat ilmaisia ja avoimia kaikille. Satutunnit kest\u00e4v\u00e4t noin puoli tuntia ja sopivat yleens\u00e4 parhaiten yli kolmevuotiaille. <a href=\"https:\/\/www.turku.fi\/kirjasto\/kirjastot#anchor-yhteystiedot-ja-aukioloajat\">Aukioloajat ja yhteystiedot<\/a><\/p>\n<p>Autamme parhaamme mukaan kaikessa mik\u00e4 liittyy kirjallisuuteen ja lukutaitoon, tiedonhakuun, mediakasvatukseen ja kirjastonk\u00e4ytt\u00f6\u00f6n. Teemme mielell\u00e4mme monipuolista yhteisty\u00f6t\u00e4 eskareiden ja p\u00e4iv\u00e4kotien kanssa. Ota yhteytt\u00e4! Lastenkirjastoty\u00f6n kirjastoammattilaiset saa kiinni s\u00e4hk\u00f6postiosoitteesta <a href=\"mailto:saaga.kaupunginkirjasto@turku.fi\">saaga.kaupunginkirjasto@turku.fi<\/a>.<\/p>\n<p><strong> <img loading=\"lazy\" decoding=\"async\" class=\"alignnone size-medium wp-image-534\" src=\"https:\/\/blog.edu.turku.fi\/taidepolku\/files\/2024\/08\/Kuva-101-225x300.jpg\" alt=\"\" width=\"225\" height=\"300\" srcset=\"https:\/\/blog.edu.turku.fi\/taidepolku\/files\/2024\/08\/Kuva-101-225x300.jpg 225w, https:\/\/blog.edu.turku.fi\/taidepolku\/files\/2024\/08\/Kuva-101.jpg 768w\" sizes=\"auto, (max-width: 225px) 100vw, 225px\" \/><\/strong><\/p>\n<p><strong>Kirjastokurssit esikoululaisille<\/strong><\/p>\n<p>Kirjastokurssilla tutustutaan lukemiseen, kirjastoon ja kirjaston palveluihin sadun ja leikin keinoin. Kirjastosta my\u00f6s keskustellaan lasten kanssa: Kuka kirjaston omistaa? Mit\u00e4 kirjastossa voi\/ei voi tehd\u00e4? Voiko lainata, lukea, tehd\u00e4 l\u00e4ksyj\u00e4? Ent\u00e4 voiko kirjastossa hyppi\u00e4, kiljua tai kiusata toisia? Kuka saa tulla kirjastoon? Saako presidentti tulla? Ent\u00e4 kirahvi tai opaskoira? Mit\u00e4 kaikkea kirjastosta l\u00f6ytyy? Kirjastokurssi kest\u00e4\u00e4 noin 1-1,5 tuntia, ja se sis\u00e4lt\u00e4\u00e4 lyhyen satutuokion.<\/p>\n<p>P\u00e4\u00e4kirjaston kirjastokursseille ilmoittaudutaan <a href=\"https:\/\/www.lyyti.in\/Kirjastokurssi2025-26\">Lyytin kautta<\/a><\/p>\n<p>L\u00e4hikirjastot j\u00e4rjest\u00e4v\u00e4t esikoululaisten opetuksen omilla alueillaan. Voit ottaa yhteytt\u00e4 suoraan omaan l\u00e4hikirjastoosi.<\/p>\n<p>&nbsp;<\/p>\n<p><strong>Matkalaukkukirjasto<\/strong><\/p>\n<p>Kaikki esikouluryhm\u00e4t eiv\u00e4t valitettavasti mahdu kirjastokurssille, joten tarjoamme esikouluryhmille my\u00f6s Matkalaukkukirjaston. Lainattava matkalaukku sis\u00e4lt\u00e4\u00e4 kaiken tarvittavan aineiston Kirjastokurssin pit\u00e4miseen. Laukku sis\u00e4lt\u00e4\u00e4 mm. keskustelukortit, kirjoja ja ik\u00e4rajaesitteen. Laukun laina-aika on kaksi viikkoa, ja sen voi noutaa mist\u00e4 tahansa kirjastosta ja kirjastoautosta. Eskarissa suoritetusta kurssista saa my\u00f6s kirjastodiplomin, jonka voi noutaa mist\u00e4 tahansa kirjastosta.\u00a0 Matkalaukussa on my\u00f6s kirjoihin liittyvi\u00e4 yll\u00e4tyksi\u00e4, jotka ryhm\u00e4 saa pit\u00e4\u00e4.<\/p>\n<p>Tutustu tarkemmin ja varaa matkalaukku ryhm\u00e4llesi <a href=\"https:\/\/www.lyyti.in\/Matkalaukkukirjasto2025-25\">t\u00e4\u00e4lt\u00e4.<\/a><\/p>\n<p><strong>Lis\u00e4tiedot ja kysymykset: kirjastonhoitaja Sari J\u00e4rvinen, <\/strong><a href=\"mailto:sari.s.jarvinen@turku.fi\"><strong>sari.s.jarvinen@turku.fi<\/strong><\/a><\/p>\n","protected":false},"excerpt":{"rendered":"<p>Turun kaupunginkirjasto Tutustu kirjojen ja tarinoiden ihmeelliseen maailmaan kirjastossa! Turun kaupunginkirjasto tarjoaa kirjastopalveluita lapsille, lapsiperheille sek\u00e4 varhaiskasvatukselle ja kouluille ymp\u00e4ri vuoden. Kirjastopalveluita lapsille on tarjolla p\u00e4\u00e4kirjastossa, 10 l\u00e4hikirjastossa ja kahdessa kirjastoautossa. Jokaisessa toimipisteess\u00e4 on tarjolla lastenaineistoa. Turun kaupunginkirjastosta lainattiin lasten<\/p>\n","protected":false},"author":56,"featured_media":0,"parent":0,"menu_order":0,"comment_status":"closed","ping_status":"closed","template":"","meta":{"footnotes":""},"class_list":["post-8","page","type-page","status-publish","hentry"],"_links":{"self":[{"href":"https:\/\/blog.edu.turku.fi\/taidepolku\/wp-json\/wp\/v2\/pages\/8","targetHints":{"allow":["GET"]}}],"collection":[{"href":"https:\/\/blog.edu.turku.fi\/taidepolku\/wp-json\/wp\/v2\/pages"}],"about":[{"href":"https:\/\/blog.edu.turku.fi\/taidepolku\/wp-json\/wp\/v2\/types\/page"}],"author":[{"embeddable":true,"href":"https:\/\/blog.edu.turku.fi\/taidepolku\/wp-json\/wp\/v2\/users\/56"}],"replies":[{"embeddable":true,"href":"https:\/\/blog.edu.turku.fi\/taidepolku\/wp-json\/wp\/v2\/comments?post=8"}],"version-history":[{"count":15,"href":"https:\/\/blog.edu.turku.fi\/taidepolku\/wp-json\/wp\/v2\/pages\/8\/revisions"}],"predecessor-version":[{"id":674,"href":"https:\/\/blog.edu.turku.fi\/taidepolku\/wp-json\/wp\/v2\/pages\/8\/revisions\/674"}],"wp:attachment":[{"href":"https:\/\/blog.edu.turku.fi\/taidepolku\/wp-json\/wp\/v2\/media?parent=8"}],"curies":[{"name":"wp","href":"https:\/\/api.w.org\/{rel}","templated":true}]}}