{"id":78,"date":"2023-06-01T13:48:39","date_gmt":"2023-06-01T10:48:39","guid":{"rendered":"https:\/\/blog.edu.turku.fi\/taidepolku\/?page_id=78"},"modified":"2024-07-04T12:51:29","modified_gmt":"2024-07-04T09:51:29","slug":"vinkkeja-vierailuille","status":"publish","type":"page","link":"https:\/\/blog.edu.turku.fi\/taidepolku\/vinkkeja-vierailuille\/","title":{"rendered":"Vinkkej\u00e4 vierailuille"},"content":{"rendered":"<h1>Lapsiryhm\u00e4n kanssa, mutta miten?<\/h1>\n<p>T\u00e4ss\u00e4 osiossa kuvaillaan taide- tai kulttuurilaitokselle suuntautuvan vierailun vaiheita ja vinkkej\u00e4 siihen, miten vierailusta tulisi kaikille mahdollisimman mukava ja sujuva.<\/p>\n<p><img loading=\"lazy\" decoding=\"async\" class=\" wp-image-194 aligncenter\" src=\"https:\/\/blog.edu.turku.fi\/taidepolku\/files\/2023\/08\/Ennen-vierailua-300x169.jpg\" alt=\"\" width=\"708\" height=\"399\" srcset=\"https:\/\/blog.edu.turku.fi\/taidepolku\/files\/2023\/08\/Ennen-vierailua-300x169.jpg 300w, https:\/\/blog.edu.turku.fi\/taidepolku\/files\/2023\/08\/Ennen-vierailua.jpg 1024w\" sizes=\"auto, (max-width: 708px) 100vw, 708px\" \/><\/p>\n<h2>Ennen vierailua<\/h2>\n<p>Tutustukaa vierailukohteeseen lapsiryhm\u00e4n kanssa. Etuk\u00e4teen perehtyminen j\u00e4tt\u00e4\u00e4 vahvemman muistij\u00e4ljen kohteesta ja kokemuksesta.<\/p>\n<ul>\n<li style=\"list-style-type: none\">\n<ul>\n<li>L\u00f6ytyyk\u00f6 kohteesta kuvia tai lis\u00e4tietoja netist\u00e4?<\/li>\n<li>Voiko reitin paikan p\u00e4\u00e4lle tarkistaa ja suunnitella yhdess\u00e4 lapsiryhm\u00e4n kanssa karttasovellusta hy\u00f6dynt\u00e4en? Ent\u00e4 n\u00e4kyyk\u00f6 matkalla muita n\u00e4ht\u00e4vyyksi\u00e4\/bongattavaa\/aiheeseen liittyv\u00e4\u00e4? Kauanko matka kest\u00e4\u00e4? Miten kohteeseen liikutaan: jalan vai bussilla vai molemmilla?<\/li>\n<li>Keskustelkaa etuk\u00e4teen, mink\u00e4lainen mielikuva\/ajatus\/tunne lapsilla on kohteesta, jos ehditte.<\/li>\n<\/ul>\n<\/li>\n<\/ul>\n<h2>Vierailun j\u00e4lkeen<\/h2>\n<p>Reflektoikaa tiimiss\u00e4 omia kokemuksia ja havaintoja ryhm\u00e4n ja yksil\u00f6iden toiminnasta eri oppimisymp\u00e4rist\u00f6ss\u00e4. Mik\u00e4 oli onnistunutta? Miss\u00e4 voisi parantaa? Mist\u00e4 itse piditte? Mist\u00e4 lapset pitiv\u00e4t? Mik\u00e4 oli hauskaa?<\/p>\n<p>Rohkeasti ja avoimin mielin kohti uusia taide- ja kulttuurikokemuksia. Muista, ett\u00e4 innostunut aikuinen innostaa my\u00f6s lapsia!<\/p>\n<p><img loading=\"lazy\" decoding=\"async\" class=\"wp-image-146 aligncenter\" src=\"https:\/\/blog.edu.turku.fi\/taidepolku\/files\/2023\/07\/4-300x200.jpg\" alt=\"\" width=\"729\" height=\"486\" srcset=\"https:\/\/blog.edu.turku.fi\/taidepolku\/files\/2023\/07\/4-300x200.jpg 300w, https:\/\/blog.edu.turku.fi\/taidepolku\/files\/2023\/07\/4-1024x683.jpg 1024w, https:\/\/blog.edu.turku.fi\/taidepolku\/files\/2023\/07\/4.jpg 2048w\" sizes=\"auto, (max-width: 729px) 100vw, 729px\" \/><\/p>\n","protected":false},"excerpt":{"rendered":"<p>Lapsiryhm\u00e4n kanssa, mutta miten? T\u00e4ss\u00e4 osiossa kuvaillaan taide- tai kulttuurilaitokselle suuntautuvan vierailun vaiheita ja vinkkej\u00e4 siihen, miten vierailusta tulisi kaikille mahdollisimman mukava ja sujuva. Ennen vierailua Tutustukaa vierailukohteeseen lapsiryhm\u00e4n kanssa. Etuk\u00e4teen perehtyminen j\u00e4tt\u00e4\u00e4 vahvemman muistij\u00e4ljen kohteesta ja kokemuksesta. L\u00f6ytyyk\u00f6 kohteesta<\/p>\n","protected":false},"author":3331,"featured_media":0,"parent":0,"menu_order":0,"comment_status":"closed","ping_status":"closed","template":"","meta":{"footnotes":""},"class_list":["post-78","page","type-page","status-publish","hentry"],"_links":{"self":[{"href":"https:\/\/blog.edu.turku.fi\/taidepolku\/wp-json\/wp\/v2\/pages\/78","targetHints":{"allow":["GET"]}}],"collection":[{"href":"https:\/\/blog.edu.turku.fi\/taidepolku\/wp-json\/wp\/v2\/pages"}],"about":[{"href":"https:\/\/blog.edu.turku.fi\/taidepolku\/wp-json\/wp\/v2\/types\/page"}],"author":[{"embeddable":true,"href":"https:\/\/blog.edu.turku.fi\/taidepolku\/wp-json\/wp\/v2\/users\/3331"}],"replies":[{"embeddable":true,"href":"https:\/\/blog.edu.turku.fi\/taidepolku\/wp-json\/wp\/v2\/comments?post=78"}],"version-history":[{"count":20,"href":"https:\/\/blog.edu.turku.fi\/taidepolku\/wp-json\/wp\/v2\/pages\/78\/revisions"}],"predecessor-version":[{"id":525,"href":"https:\/\/blog.edu.turku.fi\/taidepolku\/wp-json\/wp\/v2\/pages\/78\/revisions\/525"}],"wp:attachment":[{"href":"https:\/\/blog.edu.turku.fi\/taidepolku\/wp-json\/wp\/v2\/media?parent=78"}],"curies":[{"name":"wp","href":"https:\/\/api.w.org\/{rel}","templated":true}]}}