{"id":68,"date":"2023-05-12T10:01:10","date_gmt":"2023-05-12T07:01:10","guid":{"rendered":"https:\/\/blog.edu.turku.fi\/taidepolku\/?page_id=68"},"modified":"2025-11-03T08:20:59","modified_gmt":"2025-11-03T06:20:59","slug":"extrapolku","status":"publish","type":"page","link":"https:\/\/blog.edu.turku.fi\/taidepolku\/extrapolku\/","title":{"rendered":"Xtrapolku"},"content":{"rendered":"<p>T\u00e4nne ilmestyy kaikenlaista ekstrakivaa, joihin voitte halutessanne osallistua. Jokaisen toimijan ekstrakivat lis\u00e4tiedot ja -palvelut l\u00f6ytyv\u00e4t omilta v\u00e4lilehdilt\u00e4\u00e4n. Tervetuloa tutustumaan lis\u00e4\u00e4!<\/p>\n<p><a href=\"https:\/\/blog.edu.turku.fi\/taidepolku\/extrapolku\/kirjasto\/\">Kirjasto<\/a><\/p>\n<p><a href=\"https:\/\/blog.edu.turku.fi\/taidepolku\/extrapolku\/lastenkulttuurikeskus-seikkailupuisto\/\">Lastenkulttuurikeskus Fari<\/a><\/p>\n<p><a href=\"https:\/\/blog.edu.turku.fi\/taidepolku\/extrapolku\/museot\/\">Museot<\/a><\/p>\n<p><a href=\"https:\/\/blog.edu.turku.fi\/taidepolku\/extrapolku\/turun-filharmoninen-orkesteri\/\">Turun filharmoninen orkesteri<\/a><\/p>\n<p><a href=\"https:\/\/blog.edu.turku.fi\/taidepolku\/extrapolku\/turun-kaupunginteatteri\/\">Turun Kaupunginteatteri<\/a><\/p>\n<p><img loading=\"lazy\" decoding=\"async\" class=\"aligncenter wp-image-114\" src=\"https:\/\/blog.edu.turku.fi\/taidepolku\/files\/2023\/06\/20141112-0439-1024x681.jpg\" alt=\"\" width=\"700\" height=\"466\" srcset=\"https:\/\/blog.edu.turku.fi\/taidepolku\/files\/2023\/06\/20141112-0439.jpg 1024w, https:\/\/blog.edu.turku.fi\/taidepolku\/files\/2023\/06\/20141112-0439-300x200.jpg 300w\" sizes=\"auto, (max-width: 700px) 100vw, 700px\" \/><\/p>\n","protected":false},"excerpt":{"rendered":"<p>T\u00e4nne ilmestyy kaikenlaista ekstrakivaa, joihin voitte halutessanne osallistua. Jokaisen toimijan ekstrakivat lis\u00e4tiedot ja -palvelut l\u00f6ytyv\u00e4t omilta v\u00e4lilehdilt\u00e4\u00e4n. Tervetuloa tutustumaan lis\u00e4\u00e4! Kirjasto Lastenkulttuurikeskus Fari Museot Turun filharmoninen orkesteri Turun Kaupunginteatteri<\/p>\n","protected":false},"author":3331,"featured_media":0,"parent":0,"menu_order":0,"comment_status":"closed","ping_status":"closed","template":"","meta":{"footnotes":""},"class_list":["post-68","page","type-page","status-publish","hentry"],"_links":{"self":[{"href":"https:\/\/blog.edu.turku.fi\/taidepolku\/wp-json\/wp\/v2\/pages\/68","targetHints":{"allow":["GET"]}}],"collection":[{"href":"https:\/\/blog.edu.turku.fi\/taidepolku\/wp-json\/wp\/v2\/pages"}],"about":[{"href":"https:\/\/blog.edu.turku.fi\/taidepolku\/wp-json\/wp\/v2\/types\/page"}],"author":[{"embeddable":true,"href":"https:\/\/blog.edu.turku.fi\/taidepolku\/wp-json\/wp\/v2\/users\/3331"}],"replies":[{"embeddable":true,"href":"https:\/\/blog.edu.turku.fi\/taidepolku\/wp-json\/wp\/v2\/comments?post=68"}],"version-history":[{"count":13,"href":"https:\/\/blog.edu.turku.fi\/taidepolku\/wp-json\/wp\/v2\/pages\/68\/revisions"}],"predecessor-version":[{"id":710,"href":"https:\/\/blog.edu.turku.fi\/taidepolku\/wp-json\/wp\/v2\/pages\/68\/revisions\/710"}],"wp:attachment":[{"href":"https:\/\/blog.edu.turku.fi\/taidepolku\/wp-json\/wp\/v2\/media?parent=68"}],"curies":[{"name":"wp","href":"https:\/\/api.w.org\/{rel}","templated":true}]}}