{"id":4,"date":"2023-04-04T09:01:11","date_gmt":"2023-04-04T06:01:11","guid":{"rendered":"https:\/\/blog.edu.turku.fi\/taidepolku\/?page_id=4"},"modified":"2026-01-20T15:29:16","modified_gmt":"2026-01-20T13:29:16","slug":"museopolku","status":"publish","type":"page","link":"https:\/\/blog.edu.turku.fi\/taidepolku\/museopolku\/","title":{"rendered":"Museopolku"},"content":{"rendered":"<p><span data-contrast=\"auto\">Museot tarjoavat ainutlaatuisen ymp\u00e4rist\u00f6n toiminnalle, oppimiselle ja seikkailulle!<\/span><span data-ccp-props=\"{&quot;201341983&quot;:0,&quot;335559739&quot;:160,&quot;335559740&quot;:259}\">\u00a0<\/span><\/p>\n<p><span data-contrast=\"auto\">P\u00e4iv\u00e4koti- ja eskariryhm\u00e4t p\u00e4\u00e4sev\u00e4t ohjaajansa johdolla ja aukioloaikojen puitteissa ilmaiseksi omatoimik\u00e4ynnille kaikkiin Turun kaupungin museokohteisiin (Apteekkimuseo &amp; Qwenselin talo, Biologinen museo, Kuralan Kyl\u00e4m\u00e4ki, Luostarinm\u00e4en museokortteli, Turun linna, WAM). Turun linna ja WAM kutsuvat my\u00f6s kohderyhmille r\u00e4\u00e4t\u00e4l\u00f6idyille toiminnallisille opastuksille erillisen aikataulun mukaisesti.<\/span><\/p>\n<p>&nbsp;<\/p>\n<p><b><span data-contrast=\"auto\">TURUN LINNA<\/span><\/b><\/p>\n<p><b><span data-contrast=\"auto\">Opastukset eskariryhmille tulossa kev\u00e4tkaudella 2026<\/span><\/b><\/p>\n<p><b><span data-contrast=\"auto\">Omatoimivierailut<\/span><\/b><span data-ccp-props=\"{&quot;201341983&quot;:0,&quot;335559739&quot;:160,&quot;335559740&quot;:259}\">\u00a0<\/span><\/p>\n<p><span data-contrast=\"auto\">Turun linnaan voi my\u00f6s tutustua ryhm\u00e4n kanssa omatoimisesti. Omatoimivierailut ovat maksuttomia kaikille turkulaisille esiopetuksen ryhmille. Vierailuajoista voi kysell\u00e4 museon asiakaspalvelusta: <\/span><a href=\"mailto:turunlinna@turku.fi\"><span data-contrast=\"none\">turunlinna@turku.fi<\/span><\/a><span data-contrast=\"auto\">, 02 2620300<\/span><span data-ccp-props=\"{&quot;201341983&quot;:0,&quot;335559739&quot;:160,&quot;335559740&quot;:259}\">\u00a0<\/span><\/p>\n<p><span data-ccp-props=\"{&quot;201341983&quot;:0,&quot;335559739&quot;:160,&quot;335559740&quot;:259}\">\u00a0<\/span><\/p>\n<p><b><span data-contrast=\"auto\">WAM \u2013 TURUN KAUPUNGIN TAIDEMUSEO<\/span><\/b><\/p>\n<p>HUOM! Museorakennuksen ollessa remontissa museo j\u00e4rjest\u00e4\u00e4 n\u00e4yttelyit\u00e4 WAM Kilta Galleriassa. Galleria sijaitsee Taiteen talon sis\u00e4pihalla, osoitteessa Nunnankatu 4.<\/p>\n<p><b><span data-contrast=\"auto\">Omatoimivierailut<\/span><\/b><span data-ccp-props=\"{&quot;201341983&quot;:0,&quot;335559739&quot;:160,&quot;335559740&quot;:259}\">\u00a0<\/span><\/p>\n<p><span data-contrast=\"auto\">WAM Kilta Gallerian n\u00e4yttelyihin voi tutustua ryhm\u00e4n kanssa omatoimisesti. Sopivia vierailuaikoja voi tiedustella museon asiakaspalvelusta: <\/span><a href=\"mailto:wam@turku.fi\"><span data-contrast=\"none\">wam@turku.fi<\/span><\/a><span data-contrast=\"auto\">, 02 2620 850. Omatoimivierailut ovat maksuttomia kaikille turkulaisille esiopetuksen ryhmille.<\/span><\/p>\n<p>&nbsp;<\/p>\n<p><span class=\"TextRun SCXW177099043 BCX9\" lang=\"FI-FI\" xml:lang=\"FI-FI\" data-contrast=\"auto\"><span class=\"NormalTextRun SCXW177099043 BCX9\">Osana <a href=\"https:\/\/blog.edu.turku.fi\/taidepolku\/extrapolku\/museot\/\">Museoiden ekstrat<\/a><\/span><span class=\"NormalTextRun SCXW177099043 BCX9\"> -ohjelmaa voitte vierailla my\u00f6s Turun kaupungin muissa museokohteissa.<\/span><\/span><\/p>\n<p>&nbsp;<\/p>\n","protected":false},"excerpt":{"rendered":"<p>Museot tarjoavat ainutlaatuisen ymp\u00e4rist\u00f6n toiminnalle, oppimiselle ja seikkailulle!\u00a0 P\u00e4iv\u00e4koti- ja eskariryhm\u00e4t p\u00e4\u00e4sev\u00e4t ohjaajansa johdolla ja aukioloaikojen puitteissa ilmaiseksi omatoimik\u00e4ynnille kaikkiin Turun kaupungin museokohteisiin (Apteekkimuseo &amp; Qwenselin talo, Biologinen museo, Kuralan Kyl\u00e4m\u00e4ki, Luostarinm\u00e4en museokortteli, Turun linna, WAM). Turun linna ja WAM<\/p>\n","protected":false},"author":56,"featured_media":0,"parent":0,"menu_order":0,"comment_status":"closed","ping_status":"closed","template":"","meta":{"footnotes":""},"class_list":["post-4","page","type-page","status-publish","hentry"],"_links":{"self":[{"href":"https:\/\/blog.edu.turku.fi\/taidepolku\/wp-json\/wp\/v2\/pages\/4","targetHints":{"allow":["GET"]}}],"collection":[{"href":"https:\/\/blog.edu.turku.fi\/taidepolku\/wp-json\/wp\/v2\/pages"}],"about":[{"href":"https:\/\/blog.edu.turku.fi\/taidepolku\/wp-json\/wp\/v2\/types\/page"}],"author":[{"embeddable":true,"href":"https:\/\/blog.edu.turku.fi\/taidepolku\/wp-json\/wp\/v2\/users\/56"}],"replies":[{"embeddable":true,"href":"https:\/\/blog.edu.turku.fi\/taidepolku\/wp-json\/wp\/v2\/comments?post=4"}],"version-history":[{"count":17,"href":"https:\/\/blog.edu.turku.fi\/taidepolku\/wp-json\/wp\/v2\/pages\/4\/revisions"}],"predecessor-version":[{"id":738,"href":"https:\/\/blog.edu.turku.fi\/taidepolku\/wp-json\/wp\/v2\/pages\/4\/revisions\/738"}],"wp:attachment":[{"href":"https:\/\/blog.edu.turku.fi\/taidepolku\/wp-json\/wp\/v2\/media?parent=4"}],"curies":[{"name":"wp","href":"https:\/\/api.w.org\/{rel}","templated":true}]}}