{"id":384,"date":"2023-10-25T11:59:21","date_gmt":"2023-10-25T08:59:21","guid":{"rendered":"https:\/\/blog.edu.turku.fi\/taidepolku\/?page_id=384"},"modified":"2026-01-29T14:50:42","modified_gmt":"2026-01-29T12:50:42","slug":"musik","status":"publish","type":"page","link":"https:\/\/blog.edu.turku.fi\/taidepolku\/smafolkets-konststig\/musik\/","title":{"rendered":"Musik"},"content":{"rendered":"<p><strong>\u00c5BO FILHARMONISKA ORKESTER<\/strong><\/p>\n<p>Bekanta dig med musikens fascinerande v\u00e4rld tillsammans med \u00c5bo filharmoniska orkester!<\/p>\n<p>\u00c5bo filharmoniska orkester \u00e4r Finlands \u00e4ldsta symfoniorkester och en av v\u00e4rldens \u00e4ldsta. Dess r\u00f6tter str\u00e4cker sig \u00e4nda till grundandet av Musikaliska S\u00e4llskapet i \u00c5bo 1790, och dess l\u00e5nga historia t\u00e4cker en stor remsa av den v\u00e4sterl\u00e4ndska musiken. Idag \u00e4r \u00c5bo filharmoniska orkester Finlands femte st\u00f6rsta orkester med 74 musiker.<\/p>\n<p>Informationen om orkesterns program under p\u00e5g\u00e5ende l\u00e4s\u00e5r samt anm\u00e4lningsinformation hittas p\u00e5 <a href=\"https:\/\/tfo.fi\/lapset\/\">orkesterns sida<\/a>.<\/p>\n<p>\u00c5bo filharmoniska orkesters konserter ordnas i \u00c5bo konserthus p\u00e5 adressen Aningaisgatan 9.<\/p>\n<p>&nbsp;<\/p>\n<p><img loading=\"lazy\" decoding=\"async\" class=\"aligncenter wp-image-118\" src=\"https:\/\/blog.edu.turku.fi\/taidepolku\/files\/2023\/06\/20141112-0113-300x200.jpg\" alt=\"\" width=\"600\" height=\"399\" srcset=\"https:\/\/blog.edu.turku.fi\/taidepolku\/files\/2023\/06\/20141112-0113-300x200.jpg 300w, https:\/\/blog.edu.turku.fi\/taidepolku\/files\/2023\/06\/20141112-0113.jpg 1024w\" sizes=\"auto, (max-width: 600px) 100vw, 600px\" \/><\/p>\n<p>&nbsp;<\/p>\n<p><strong>Konserter f\u00f6r grupper inom sm\u00e5barnspedagogiken och f\u00f6rskoleundervisningen \u00a0<\/strong><\/p>\n<p>Under v\u00e5ren ordnar \u00c5bo filharmoniska orkester en konserthelhet som \u00e4r riktat till grupper inom f\u00f6rskoleundervisningen. Konsertens s\u00e5nger och presentationer \u00e4r p\u00e5 finska.<\/p>\n<p><strong>Biljetter<\/strong><\/p>\n<p>Priset p\u00e5 konsertbiljetterna f\u00f6r grupper inom sm\u00e5barnspedagogiken och f\u00f6rskoleundervisningen \u00e4r 4 \u20ac per barn. Ledaren, l\u00e4raren eller assistenten som f\u00f6ljer med gruppen kommer in gratis. Bokningar tfn 02 262 0333 (m\u00e5\u2013fre kl. 9\u201315) eller\u00a0<a href=\"mailto:kulttuuri.myynti@turku.fi\">kulttuuri.myynti@turku.fi<\/a>.<\/p>\n<p>\u00c5bo filharmoniska orkesters konsertbiljett fungerar som bussbiljett p\u00e5 F\u00f6li-linjerna 3 h f\u00f6re och 2 h efter konserten. Du kan resa sammanlagt fyra resor med biljetten s\u00e5 vid behov kan du byta linje en g\u00e5ng i b\u00e5da riktningarna. Om ni beh\u00f6ver biljetterna f\u00f6r bussresor, v\u00e4lj att biljetterna postas till skolan eller skickas per e-post i samband med biljettbokningen. I annat fall f\u00e5r ni biljetterna n\u00e4r ni anl\u00e4nder till Konserthuset.<\/p>\n<p>Mer information, fr\u00e5gor och eventuella avbokningar: producent Heidi Pulkkinen, tfn 044 9072090, <a href=\"mailto:anni.niemensivu@turku.fi\">heidi.pulkkinen@turku.fi<\/a><\/p>\n<p>&nbsp;<\/p>\n<p><strong>\u00d6vriga program f\u00f6r grupper inom sm\u00e5barnspedagogiken och f\u00f6rskoleundervisningen<\/strong><\/p>\n<p>Ut\u00f6ver\u00a0v\u00e5rs\u00e4songens helhet av barnkonserter\u00a0f\u00f6r grupper inom sm\u00e5barnspedagogiken och f\u00f6rskoleundervisningen ordnar orkestern \u00f6ppna generalrepetitioner cirka en g\u00e5ng i m\u00e5naden. P\u00e5 h\u00f6sten ordnas en konserthelhet vars huvudsakliga m\u00e5lgrupp \u00e4r elever i \u00e5rskurs 6\u20139 samt gymnasiegrupper. Det ordnas ocks\u00e5 guidade rundturer i Konserthuset p\u00e5 best\u00e4llning.<\/p>\n<p><strong>\u00d6ppna generalrepetitioner<\/strong><\/p>\n<p>\u00c5bo filharmoniska orkester erbjuder skol- och daghemsgrupper en m\u00f6jlighet att bekanta sig med orkestermusikens hemligheter under filharmonikernas generalrepetition, d\u00e4r man \u00f6var den p\u00e5g\u00e5ende veckans konsertprogram. Det \u00e4r m\u00f6jligt att f\u00f6rbereda sig inf\u00f6r bes\u00f6ket med hj\u00e4lp av f\u00f6rhandsmaterial som skickas i f\u00f6rv\u00e4g. De \u00f6ppna generalrepetitionerna inneh\u00e5ller en kort presentation i Konserthuset en halv timme innan \u00f6vningen b\u00f6rjar. F\u00f6rhandsmaterialen och presentationen \u00e4r p\u00e5 finska.<\/p>\n<p>De \u00f6ppna generalrepetitionerna \u00e4r avgiftsfria men kr\u00e4ver en f\u00f6rhandsanm\u00e4lan. Anm\u00e4lningsinformationen finns p\u00e5 <a href=\"https:\/\/tfo.fi\/avoimet-kenraaliharjoitukset-ryhmille\/\">orkesterns webbplats<\/a>.<\/p>\n<p><strong>Rundturer i konserthuset<\/strong><\/p>\n<p>Hurdan \u00e4r orkestermusikerns arbetsdag? Hur f\u00f6rbereder sig kapellm\u00e4staren f\u00f6r konserten? Hurdan \u00e4r utsikten fr\u00e5n scenen till l\u00e4ktaren? Under den guidade rundturen bekantar vi oss med orkesterns historia, konsertkulturen och livet bakom scenen.<\/p>\n<p>Rundturerna ordnas p\u00e5 best\u00e4llning. L\u00e4ngden p\u00e5 rundturen \u00e4r cirka 30\u201340 minuter och gruppens maximala storlek \u00e4r cirka 25 personer. Rundturerna \u00e4r avgiftsfria.<br \/>\nMer information: Heidi Pulkkinen, producent, <a href=\"mailto:anni.niemensivu@turku.fi\">heidi.pulkkinen@turku.fi<\/a><\/p>\n","protected":false},"excerpt":{"rendered":"<p>\u00c5BO FILHARMONISKA ORKESTER Bekanta dig med musikens fascinerande v\u00e4rld tillsammans med \u00c5bo filharmoniska orkester! \u00c5bo filharmoniska orkester \u00e4r Finlands \u00e4ldsta symfoniorkester och en av v\u00e4rldens \u00e4ldsta. Dess r\u00f6tter str\u00e4cker sig \u00e4nda till grundandet av Musikaliska S\u00e4llskapet i \u00c5bo 1790, och<\/p>\n","protected":false},"author":3080,"featured_media":0,"parent":376,"menu_order":0,"comment_status":"closed","ping_status":"closed","template":"","meta":{"footnotes":""},"class_list":["post-384","page","type-page","status-publish","hentry"],"_links":{"self":[{"href":"https:\/\/blog.edu.turku.fi\/taidepolku\/wp-json\/wp\/v2\/pages\/384","targetHints":{"allow":["GET"]}}],"collection":[{"href":"https:\/\/blog.edu.turku.fi\/taidepolku\/wp-json\/wp\/v2\/pages"}],"about":[{"href":"https:\/\/blog.edu.turku.fi\/taidepolku\/wp-json\/wp\/v2\/types\/page"}],"author":[{"embeddable":true,"href":"https:\/\/blog.edu.turku.fi\/taidepolku\/wp-json\/wp\/v2\/users\/3080"}],"replies":[{"embeddable":true,"href":"https:\/\/blog.edu.turku.fi\/taidepolku\/wp-json\/wp\/v2\/comments?post=384"}],"version-history":[{"count":14,"href":"https:\/\/blog.edu.turku.fi\/taidepolku\/wp-json\/wp\/v2\/pages\/384\/revisions"}],"predecessor-version":[{"id":742,"href":"https:\/\/blog.edu.turku.fi\/taidepolku\/wp-json\/wp\/v2\/pages\/384\/revisions\/742"}],"up":[{"embeddable":true,"href":"https:\/\/blog.edu.turku.fi\/taidepolku\/wp-json\/wp\/v2\/pages\/376"}],"wp:attachment":[{"href":"https:\/\/blog.edu.turku.fi\/taidepolku\/wp-json\/wp\/v2\/media?parent=384"}],"curies":[{"name":"wp","href":"https:\/\/api.w.org\/{rel}","templated":true}]}}