{"id":382,"date":"2023-10-25T11:58:59","date_gmt":"2023-10-25T08:58:59","guid":{"rendered":"https:\/\/blog.edu.turku.fi\/taidepolku\/?page_id=382"},"modified":"2025-01-27T09:20:16","modified_gmt":"2025-01-27T07:20:16","slug":"museer","status":"publish","type":"page","link":"https:\/\/blog.edu.turku.fi\/taidepolku\/smafolkets-konststig\/museer\/","title":{"rendered":"Museer"},"content":{"rendered":"<div data-v-51be8460=\"\">\n<p><strong>Sm\u00e5folkets konststig p\u00e5 \u00c5bo slott<\/strong><\/p>\n<p>tis-fre 4-7.2 och 11-14.2.2025 kl. 9, 9.30 och 10<\/p>\n<p>&nbsp;<\/p>\n<p>Sm\u00e5folkets konststig p\u00e5 \u00c5bo slott \u00e4r en interaktiv rundtur p\u00e5 slottet d\u00e5 vi tillsammans diskuterar och funderar med guiden om hur livet s\u00e5g ut p\u00e5 slottet under medeltiden och ren\u00e4ssansen. Vi funderar vad olika f\u00f6rem\u00e5l har anv\u00e4nts till och unders\u00f6ker den sp\u00e4nnande kartan Carta Marina. P\u00e5 kartan hittar vi de mest konstiga havsvarelserna. Vad f\u00f6rde skeppen med sig till \u00c5bo fr\u00e5n fj\u00e4rran l\u00e4nder?<\/p>\n<p>Guidningen r\u00e4cker ca. 45 minuter, men det l\u00f6nar sig att reservera ungef\u00e4r en timme f\u00f6r bes\u00f6ket. Guidningen kostar 50\u20ac\/ grupp. Guidningen kan endast bokas av <strong>f\u00f6rskolor<\/strong> fr\u00e5n \u00c5bo.<\/p>\n<p>&nbsp;<\/p>\n<p>Anm\u00e4l din grupp h\u00e4r: <a href=\"https:\/\/eur04.safelinks.protection.outlook.com\/?url=https%3A%2F%2Fturunmuseot.timeworks.fi%2Fguidance%2Fsv%2Freserve-guidance%2Fturun-linna%3Fcategory%3Dguidance-school&amp;data=05%7C02%7C%7C9c8744d602b24d41b90f08dd3c6c17d0%7C6c5e2c8ad3f04a0b965842502c73e17b%7C0%7C0%7C638733157124263131%7CUnknown%7CTWFpbGZsb3d8eyJFbXB0eU1hcGkiOnRydWUsIlYiOiIwLjAuMDAwMCIsIlAiOiJXaW4zMiIsIkFOIjoiTWFpbCIsIldUIjoyfQ%3D%3D%7C0%7C%7C%7C&amp;sdata=uviBTuTiEwEEpQ67IqXLgBOLH5%2FrwbSkEpR8PweWfqc%3D&amp;reserved=0\">https:\/\/turunmuseot.timeworks.fi\/guidance\/sv\/reserve-guidance\/turun-linna?category=guidance-school<\/a><\/p>\n<\/div>\n<p>&nbsp;<\/p>\n<p><strong>Sj\u00e4lvst\u00e4ndiga bes\u00f6k i Klosterbacken<\/strong><\/p>\n<p>Sj\u00e4lvst\u00e4ndiga bes\u00f6k i augusti och september enligt museets \u00f6ppettider: Sj\u00e4lvstudiematerial finns tillg\u00e4ngligt som st\u00f6d f\u00f6r bes\u00f6ket. Med hj\u00e4lp av sj\u00e4lvstudiematerialet kan man utforska Klosterbackens museum och fundera \u00f6ver skillnaderna mellan livet idag och f\u00f6rr i v\u00e4rlden. Materialet f\u00e5s elektroniskt fr\u00e5n museet i samband med bokningen. Bes\u00f6k kan bokas per e-post <a href=\"mailto:luostarinmaki@turku.fi\">luostarinmaki@turku.fi<\/a><\/p>\n","protected":false},"excerpt":{"rendered":"<p>Sm\u00e5folkets konststig p\u00e5 \u00c5bo slott tis-fre 4-7.2 och 11-14.2.2025 kl. 9, 9.30 och 10 &nbsp; Sm\u00e5folkets konststig p\u00e5 \u00c5bo slott \u00e4r en interaktiv rundtur p\u00e5 slottet d\u00e5 vi tillsammans diskuterar och funderar med guiden om hur livet s\u00e5g ut p\u00e5<\/p>\n","protected":false},"author":3080,"featured_media":0,"parent":376,"menu_order":0,"comment_status":"closed","ping_status":"closed","template":"","meta":{"footnotes":""},"class_list":["post-382","page","type-page","status-publish","hentry"],"_links":{"self":[{"href":"https:\/\/blog.edu.turku.fi\/taidepolku\/wp-json\/wp\/v2\/pages\/382","targetHints":{"allow":["GET"]}}],"collection":[{"href":"https:\/\/blog.edu.turku.fi\/taidepolku\/wp-json\/wp\/v2\/pages"}],"about":[{"href":"https:\/\/blog.edu.turku.fi\/taidepolku\/wp-json\/wp\/v2\/types\/page"}],"author":[{"embeddable":true,"href":"https:\/\/blog.edu.turku.fi\/taidepolku\/wp-json\/wp\/v2\/users\/3080"}],"replies":[{"embeddable":true,"href":"https:\/\/blog.edu.turku.fi\/taidepolku\/wp-json\/wp\/v2\/comments?post=382"}],"version-history":[{"count":6,"href":"https:\/\/blog.edu.turku.fi\/taidepolku\/wp-json\/wp\/v2\/pages\/382\/revisions"}],"predecessor-version":[{"id":608,"href":"https:\/\/blog.edu.turku.fi\/taidepolku\/wp-json\/wp\/v2\/pages\/382\/revisions\/608"}],"up":[{"embeddable":true,"href":"https:\/\/blog.edu.turku.fi\/taidepolku\/wp-json\/wp\/v2\/pages\/376"}],"wp:attachment":[{"href":"https:\/\/blog.edu.turku.fi\/taidepolku\/wp-json\/wp\/v2\/media?parent=382"}],"curies":[{"name":"wp","href":"https:\/\/api.w.org\/{rel}","templated":true}]}}