{"id":380,"date":"2023-10-25T11:58:37","date_gmt":"2023-10-25T08:58:37","guid":{"rendered":"https:\/\/blog.edu.turku.fi\/taidepolku\/?page_id=380"},"modified":"2025-08-06T15:50:27","modified_gmt":"2025-08-06T12:50:27","slug":"bibliotek","status":"publish","type":"page","link":"https:\/\/blog.edu.turku.fi\/taidepolku\/smafolkets-konststig\/bibliotek\/","title":{"rendered":"Bibliotek"},"content":{"rendered":"<p><strong>Bekanta dig med b\u00f6ckernas och ber\u00e4ttelsernas fantastiska v\u00e4rld i stadsbiblioteket! <\/strong><\/p>\n<p>\u00c5bo stadsbibliotek erbjuder bibliotekstj\u00e4nster f\u00f6r barn, barnfamiljer, sm\u00e5barnsfostran samt skolor \u00e5ren runt. Det finns material f\u00f6r barn i huvudbiblioteket, 10 n\u00e4rbibliotek samt i tv\u00e5 bokbussar. Svenskspr\u00e5kig verksamhet \u00e4r koncentrerat till huvudbiblioteket. Vi ordnar sagostunder f\u00f6r barn som \u00e4r gratis och \u00f6ppna f\u00f6r alla. Sagostunderna tar ungef\u00e4r en halv timme.\u00a0 <a href=\"https:\/\/www.turku.fi\/sv\/bibliotek\/bibliotek#anchor-kontaktinformation-och-oppetider\">\u00d6ppettider och kontaktuppgifter<\/a><\/p>\n<p><img loading=\"lazy\" decoding=\"async\" class=\"alignnone size-medium wp-image-534\" src=\"https:\/\/blog.edu.turku.fi\/taidepolku\/files\/2024\/08\/Kuva-101-225x300.jpg\" alt=\"\" width=\"225\" height=\"300\" srcset=\"https:\/\/blog.edu.turku.fi\/taidepolku\/files\/2024\/08\/Kuva-101-225x300.jpg 225w, https:\/\/blog.edu.turku.fi\/taidepolku\/files\/2024\/08\/Kuva-101.jpg 768w\" sizes=\"auto, (max-width: 225px) 100vw, 225px\" \/><\/p>\n<p>F\u00f6r f\u00f6rskolegrupper ordnar biblioteket bibliotekskurser d\u00e4r man bekantar sig med l\u00e4sning, biblioteket och v\u00e5ra m\u00e5ngsidiga tj\u00e4nster. Vi diskuterar \u00e4ven om biblioteket tillsammans med barnen: Vem \u00e4ger biblioteket? Vad f\u00e5r man\/vad f\u00e5r man inte g\u00f6ra? Kan man hoppa, skrika eller mobba andra? Vem f\u00e5r komma till biblioteket? Vad allt kan man hitta i biblioteket? Bibliotekskursen tar ungef\u00e4r 1,5 timme. <strong>Anm\u00e4lningar till stadsbibliotekets bibliotekskurser sk\u00f6ts via <a href=\"https:\/\/www.lyyti.in\/bibliotekskurs_hosten_2025\">Lyyti<\/a>.<\/strong><\/p>\n<p>Vi hj\u00e4lper s\u00e5 gott vi kan i allt som har att g\u00f6ra med litteratur och l\u00e4skunnighet, informationss\u00f6kning, mediefostran och anv\u00e4ndning av biblioteket. Vi samarbetar \u00e4ven g\u00e4rna med f\u00f6rskolorna och daghemmen. Du n\u00e5r barnbibliotekspersonalen b\u00e4st via e-post <a href=\"mailto:saagastoori.kaupunginkirjasto@turku.fi\">saaga.kaupunginkirjasto@turku.fi<\/a><\/p>\n","protected":false},"excerpt":{"rendered":"<p>Bekanta dig med b\u00f6ckernas och ber\u00e4ttelsernas fantastiska v\u00e4rld i stadsbiblioteket! \u00c5bo stadsbibliotek erbjuder bibliotekstj\u00e4nster f\u00f6r barn, barnfamiljer, sm\u00e5barnsfostran samt skolor \u00e5ren runt. Det finns material f\u00f6r barn i huvudbiblioteket, 10 n\u00e4rbibliotek samt i tv\u00e5 bokbussar. Svenskspr\u00e5kig verksamhet \u00e4r koncentrerat till<\/p>\n","protected":false},"author":3080,"featured_media":0,"parent":376,"menu_order":0,"comment_status":"closed","ping_status":"closed","template":"","meta":{"footnotes":""},"class_list":["post-380","page","type-page","status-publish","hentry"],"_links":{"self":[{"href":"https:\/\/blog.edu.turku.fi\/taidepolku\/wp-json\/wp\/v2\/pages\/380","targetHints":{"allow":["GET"]}}],"collection":[{"href":"https:\/\/blog.edu.turku.fi\/taidepolku\/wp-json\/wp\/v2\/pages"}],"about":[{"href":"https:\/\/blog.edu.turku.fi\/taidepolku\/wp-json\/wp\/v2\/types\/page"}],"author":[{"embeddable":true,"href":"https:\/\/blog.edu.turku.fi\/taidepolku\/wp-json\/wp\/v2\/users\/3080"}],"replies":[{"embeddable":true,"href":"https:\/\/blog.edu.turku.fi\/taidepolku\/wp-json\/wp\/v2\/comments?post=380"}],"version-history":[{"count":9,"href":"https:\/\/blog.edu.turku.fi\/taidepolku\/wp-json\/wp\/v2\/pages\/380\/revisions"}],"predecessor-version":[{"id":673,"href":"https:\/\/blog.edu.turku.fi\/taidepolku\/wp-json\/wp\/v2\/pages\/380\/revisions\/673"}],"up":[{"embeddable":true,"href":"https:\/\/blog.edu.turku.fi\/taidepolku\/wp-json\/wp\/v2\/pages\/376"}],"wp:attachment":[{"href":"https:\/\/blog.edu.turku.fi\/taidepolku\/wp-json\/wp\/v2\/media?parent=380"}],"curies":[{"name":"wp","href":"https:\/\/api.w.org\/{rel}","templated":true}]}}