{"id":329,"date":"2023-08-18T12:41:25","date_gmt":"2023-08-18T09:41:25","guid":{"rendered":"https:\/\/blog.edu.turku.fi\/taidepolku\/?page_id=329"},"modified":"2025-06-24T14:45:58","modified_gmt":"2025-06-24T11:45:58","slug":"miksi-kulttuurikasvatussuunnitelma","status":"publish","type":"page","link":"https:\/\/blog.edu.turku.fi\/taidepolku\/varhaiskasvatuksen-ja-esiopetuksen-ammattilaisille\/miksi-kulttuurikasvatussuunnitelma\/","title":{"rendered":"Miksi kulttuurikasvatussuunnitelma?"},"content":{"rendered":"<h1>Miksi kulttuurikasvatussuunnitelma?<\/h1>\n<p>Pikkuv\u00e4en taidepolku tuo Turun kaupungin kulttuuripalvelut osaksi varhaiskasvatuksen ja esiopetuksen perustoimintaa. Pikkuv\u00e4en taidepolku on toteutettu yhteisty\u00f6ss\u00e4 Turun kaupungin kulttuurin palvelukokonaisuuden, lasten ja nuorten palvelukokonaisuuden, sek\u00e4 kasvatuksen ja opetuksen palvelukokonaisuuden kanssa. Se tukee Turun kaupungin esiopetussuunnitelman (2025) ja varhaiskasvatussuunnitelman perusteiden (2022) arvomaailmaa mahdollistaen lasten (kulttuuristen) oikeuksien toteutumisen, sek\u00e4 kulttuurikokemusten yhdenvertaisen ja tasa-arvoisen saatavuuden turkulaisille lapsille.<\/p>\n<p>YK:n lapsen oikeuksia koskeva yleissopimus kuvaa jo johdannossaan kulttuurin merkityst\u00e4 lapsen suojelussa ja tasapainoisessa kehityksess\u00e4. Sopimuksen 31 artiklassa valtion edellytet\u00e4\u00e4n turvaavan lapsen oikeus lepoon, vapaa-aikaan, leikkiin, virkistystoimintaan sek\u00e4 vapaaseen osallistumiseen kulttuuriel\u00e4m\u00e4\u00e4n ja taiteisiin. T\u00e4rke\u00e4\u00e4 on yht\u00e4l\u00e4isten mahdollisuuksien tarjoamista kulttuuri-, taide-, virkistys- ja vapaa-ajan toimintaan. (<em>lastenkulttuuri.fi, viitattu 16.8.2023.<\/em>) Juuri t\u00e4h\u00e4n tasa-arvoiseen mahdollisuuteen osallistua kulttuuri- ja taidetoimintaan halutaan t\u00e4ll\u00e4 Pikkuv\u00e4en taidepolulla vaikuttaa. Tavoitteena on mahdollistaa jokaiselle turkulaiselle esiopetusik\u00e4iselle lapselle v\u00e4hint\u00e4\u00e4n kaksi vierailua taide- ja kulttuuripalveluiden pariin.<\/p>\n<p>Kulttuurikokemukset itsess\u00e4\u00e4n tukevat kokonaisvaltaista hyvinvointia ja niiden vaikutukset ulottuvat l\u00e4pi elinkaaren. Hyvinvointivaikutukset ilmenev\u00e4t jokaisen henkil\u00f6kohtaisessa taide- ja kulttuurisuhteessa, jota t\u00e4m\u00e4n kulttuurikasvatussuunnitelman avulla ollaan yhdess\u00e4 rakentamassa. (<em>Taikusyd\u00e4n.fi, viitattu 16.8.2023.<\/em>)<\/p>\n<p>Kulttuuripalveluiden pariin jalkautuminen tukee my\u00f6s Varhaiskasvatussuunnitelman perusteissa 2022 mainittua oppimisk\u00e4sityst\u00e4, jossa n\u00e4hd\u00e4\u00e4n lapsi aktiivisena toimijana ja oppijana vuorovaikutuksessa toisten ihmisten ja l\u00e4hiymp\u00e4rist\u00f6jen kanssa. Laadukas ja monipuolinen pedagoginen toiminta vahvistaa lasten laaja-\u00adalaista osaamista. Erilaisten oppimisymp\u00e4rist\u00f6jen k\u00e4ytt\u00f6 ja lasten hyvinvoinnin tukeminen vaikuttavat laaja-alaisen osaamisen kehittymiseen. (Vasu 2022, 13.)<\/p>\n<p><img loading=\"lazy\" decoding=\"async\" class=\"alignnone wp-image-147\" src=\"https:\/\/blog.edu.turku.fi\/taidepolku\/files\/2023\/07\/5-300x200.jpg\" alt=\"\" width=\"686\" height=\"457\" srcset=\"https:\/\/blog.edu.turku.fi\/taidepolku\/files\/2023\/07\/5-300x200.jpg 300w, https:\/\/blog.edu.turku.fi\/taidepolku\/files\/2023\/07\/5-1024x683.jpg 1024w, https:\/\/blog.edu.turku.fi\/taidepolku\/files\/2023\/07\/5.jpg 2048w\" sizes=\"auto, (max-width: 686px) 100vw, 686px\" \/><\/p>\n<p>Taide- ja kulttuuritoiminta voi auttaa kehitt\u00e4m\u00e4\u00e4n lasten resilienssi\u00e4 (kyky\u00e4 toimia muuttuvissa olosuhteissa sek\u00e4 selviyty\u00e4 ja palautua vastoink\u00e4ymisist\u00e4 ja kuormittavista tilanteista). Taidetoiminta voi tarjota lapselle t\u00e4rkeit\u00e4 osallisuuden kokemuksia sek\u00e4 jaettuja onnistumisen kokemuksia, jotka lis\u00e4\u00e4v\u00e4t lapsen luottamusta sek\u00e4 itseens\u00e4 ett\u00e4 muihin. <em>(Taikusyd\u00e4n.fi, viitattu 20.8.2023.)<\/em><\/p>\n<p>Taidetoiminnassa erityist\u00e4 on se, ett\u00e4 vuorovaikutus ja itseilmaisu on mahdollista my\u00f6s muutoin kuin sanallisesti. Taide- ja kulttuuritoiminta ruokkii my\u00f6s lasten mielikuvitusta, joka taas mahdollistaa muun muassa empatiakyvyn kehitymist\u00e4. <em>(Taikusyd\u00e4n.fi, viitattu 20.8.2023.)<\/em><\/p>\n","protected":false},"excerpt":{"rendered":"<p>Miksi kulttuurikasvatussuunnitelma? Pikkuv\u00e4en taidepolku tuo Turun kaupungin kulttuuripalvelut osaksi varhaiskasvatuksen ja esiopetuksen perustoimintaa. Pikkuv\u00e4en taidepolku on toteutettu yhteisty\u00f6ss\u00e4 Turun kaupungin kulttuurin palvelukokonaisuuden, lasten ja nuorten palvelukokonaisuuden, sek\u00e4 kasvatuksen ja opetuksen palvelukokonaisuuden kanssa. Se tukee Turun kaupungin esiopetussuunnitelman (2025) ja varhaiskasvatussuunnitelman<\/p>\n","protected":false},"author":3080,"featured_media":0,"parent":32,"menu_order":0,"comment_status":"closed","ping_status":"closed","template":"","meta":{"footnotes":""},"class_list":["post-329","page","type-page","status-publish","hentry"],"_links":{"self":[{"href":"https:\/\/blog.edu.turku.fi\/taidepolku\/wp-json\/wp\/v2\/pages\/329","targetHints":{"allow":["GET"]}}],"collection":[{"href":"https:\/\/blog.edu.turku.fi\/taidepolku\/wp-json\/wp\/v2\/pages"}],"about":[{"href":"https:\/\/blog.edu.turku.fi\/taidepolku\/wp-json\/wp\/v2\/types\/page"}],"author":[{"embeddable":true,"href":"https:\/\/blog.edu.turku.fi\/taidepolku\/wp-json\/wp\/v2\/users\/3080"}],"replies":[{"embeddable":true,"href":"https:\/\/blog.edu.turku.fi\/taidepolku\/wp-json\/wp\/v2\/comments?post=329"}],"version-history":[{"count":5,"href":"https:\/\/blog.edu.turku.fi\/taidepolku\/wp-json\/wp\/v2\/pages\/329\/revisions"}],"predecessor-version":[{"id":668,"href":"https:\/\/blog.edu.turku.fi\/taidepolku\/wp-json\/wp\/v2\/pages\/329\/revisions\/668"}],"up":[{"embeddable":true,"href":"https:\/\/blog.edu.turku.fi\/taidepolku\/wp-json\/wp\/v2\/pages\/32"}],"wp:attachment":[{"href":"https:\/\/blog.edu.turku.fi\/taidepolku\/wp-json\/wp\/v2\/media?parent=329"}],"curies":[{"name":"wp","href":"https:\/\/api.w.org\/{rel}","templated":true}]}}