{"id":32,"date":"2023-04-27T22:16:41","date_gmt":"2023-04-27T19:16:41","guid":{"rendered":"https:\/\/blog.edu.turku.fi\/taidepolku\/?page_id=32"},"modified":"2025-06-24T14:45:08","modified_gmt":"2025-06-24T11:45:08","slug":"varhaiskasvatuksen-ja-esiopetuksen-ammattilaisille","status":"publish","type":"page","link":"https:\/\/blog.edu.turku.fi\/taidepolku\/varhaiskasvatuksen-ja-esiopetuksen-ammattilaisille\/","title":{"rendered":"Varhaiskasvatuksen ja esiopetuksen ammattilaisille"},"content":{"rendered":"<p>T\u00e4st\u00e4 osiosta l\u00f6ytyy Varhaiskasvatussuunnitelman perusteiden (2022) ja Turun kaupungin esiopetussuunnitelman (2023) pohjalta rakennettua sis\u00e4lt\u00f6\u00e4 kulttuurikasvatustoiminnan suunnittelun tueksi ja pedagogiikan perusteluksi. Tekstiss\u00e4 sek\u00e4 kuvissa viitataan Varhaiskasvatussuunnitelman perusteisiin (2022) k\u00e4ytt\u00e4m\u00e4ll\u00e4 lyhennett\u00e4\u00a0<em>Vasu 2022\u00a0<\/em>ja Turun kaupungin Esiopetussuunnitelmaan (2025) k\u00e4ytt\u00e4m\u00e4ll\u00e4 lyhennett\u00e4 <em>Turun Esiops 2025<\/em>.<\/p>\n<p><a href=\"https:\/\/blog.edu.turku.fi\/taidepolku\/varhaiskasvatuksen-ja-esiopetuksen-ammattilaisille\/laaja-alainen-osaaminen-kulttuurikokemuksissa\/\">Laaja-alainen osaaminen kulttuurikokemuksissa<\/a><\/p>\n<p><a href=\"https:\/\/blog.edu.turku.fi\/taidepolku\/varhaiskasvatuksen-ja-esiopetuksen-ammattilaisille\/oppimisen-alueet-pikkuvaen-taidepolussa\/\">Oppimisen alueet Pikkuv\u00e4en taidepolussa<\/a><\/p>\n<p><a href=\"https:\/\/blog.edu.turku.fi\/taidepolku\/varhaiskasvatuksen-ja-esiopetuksen-ammattilaisille\/miksi-kulttuurikasvatussuunnitelma\/\">Miksi kulttuurikasvatussuunnitelma?<\/a><\/p>\n<p><img loading=\"lazy\" decoding=\"async\" class=\"alignnone wp-image-145\" src=\"https:\/\/blog.edu.turku.fi\/taidepolku\/files\/2023\/07\/3-300x200.jpg\" alt=\"\" width=\"692\" height=\"461\" srcset=\"https:\/\/blog.edu.turku.fi\/taidepolku\/files\/2023\/07\/3-300x200.jpg 300w, https:\/\/blog.edu.turku.fi\/taidepolku\/files\/2023\/07\/3-1024x683.jpg 1024w, https:\/\/blog.edu.turku.fi\/taidepolku\/files\/2023\/07\/3.jpg 2048w\" sizes=\"auto, (max-width: 692px) 100vw, 692px\" \/><\/p>\n","protected":false},"excerpt":{"rendered":"<p>T\u00e4st\u00e4 osiosta l\u00f6ytyy Varhaiskasvatussuunnitelman perusteiden (2022) ja Turun kaupungin esiopetussuunnitelman (2023) pohjalta rakennettua sis\u00e4lt\u00f6\u00e4 kulttuurikasvatustoiminnan suunnittelun tueksi ja pedagogiikan perusteluksi. Tekstiss\u00e4 sek\u00e4 kuvissa viitataan Varhaiskasvatussuunnitelman perusteisiin (2022) k\u00e4ytt\u00e4m\u00e4ll\u00e4 lyhennett\u00e4\u00a0Vasu 2022\u00a0ja Turun kaupungin Esiopetussuunnitelmaan (2025) k\u00e4ytt\u00e4m\u00e4ll\u00e4 lyhennett\u00e4 Turun Esiops 2025. Laaja-alainen<\/p>\n","protected":false},"author":3331,"featured_media":0,"parent":0,"menu_order":0,"comment_status":"closed","ping_status":"closed","template":"","meta":{"footnotes":""},"class_list":["post-32","page","type-page","status-publish","hentry"],"_links":{"self":[{"href":"https:\/\/blog.edu.turku.fi\/taidepolku\/wp-json\/wp\/v2\/pages\/32","targetHints":{"allow":["GET"]}}],"collection":[{"href":"https:\/\/blog.edu.turku.fi\/taidepolku\/wp-json\/wp\/v2\/pages"}],"about":[{"href":"https:\/\/blog.edu.turku.fi\/taidepolku\/wp-json\/wp\/v2\/types\/page"}],"author":[{"embeddable":true,"href":"https:\/\/blog.edu.turku.fi\/taidepolku\/wp-json\/wp\/v2\/users\/3331"}],"replies":[{"embeddable":true,"href":"https:\/\/blog.edu.turku.fi\/taidepolku\/wp-json\/wp\/v2\/comments?post=32"}],"version-history":[{"count":38,"href":"https:\/\/blog.edu.turku.fi\/taidepolku\/wp-json\/wp\/v2\/pages\/32\/revisions"}],"predecessor-version":[{"id":667,"href":"https:\/\/blog.edu.turku.fi\/taidepolku\/wp-json\/wp\/v2\/pages\/32\/revisions\/667"}],"wp:attachment":[{"href":"https:\/\/blog.edu.turku.fi\/taidepolku\/wp-json\/wp\/v2\/media?parent=32"}],"curies":[{"name":"wp","href":"https:\/\/api.w.org\/{rel}","templated":true}]}}