{"id":249,"date":"2023-08-14T12:57:39","date_gmt":"2023-08-14T09:57:39","guid":{"rendered":"https:\/\/blog.edu.turku.fi\/taidepolku\/?page_id=249"},"modified":"2025-12-16T08:41:29","modified_gmt":"2025-12-16T06:41:29","slug":"lastenkulttuurikeskus-seikkailupuisto","status":"publish","type":"page","link":"https:\/\/blog.edu.turku.fi\/taidepolku\/teatteripolku\/lastenkulttuurikeskus-seikkailupuisto\/","title":{"rendered":"Lastenkulttuurikeskus F\u00e4ri"},"content":{"rendered":"<h2>Kev\u00e4t 2026<\/h2>\n<p><img loading=\"lazy\" decoding=\"async\" class=\"alignnone  wp-image-722\" src=\"https:\/\/blog.edu.turku.fi\/taidepolku\/files\/2025\/12\/Apo1080-nt-300x169.jpg\" alt=\"\" width=\"534\" height=\"301\" srcset=\"https:\/\/blog.edu.turku.fi\/taidepolku\/files\/2025\/12\/Apo1080-nt-300x169.jpg 300w, https:\/\/blog.edu.turku.fi\/taidepolku\/files\/2025\/12\/Apo1080-nt.jpg 1024w\" sizes=\"auto, (max-width: 534px) 100vw, 534px\" \/><\/p>\n<p><strong>Teatteri Konna: Hyv\u00e4\u00e4 huomenta, Apo Apponen!<\/strong><br \/>\nti 3.2. klo 10<br \/>\nKesto: 25 min<br \/>\nIk\u00e4suositus: 3+<br \/>\n<strong>Maksuton!<\/strong><\/p>\n<p><strong><a href=\"https:\/\/www.turku.fi\/lastenkulttuurikeskus-fari\/paivakoti-ja-kouluryhmille\">Varaa paikat ryhm\u00e4llesi t\u00e4\u00e4lt\u00e4<\/a>.\u00a0<\/strong>Lipunvaraus alkaa 7.1. klo 10.<\/p>\n<p>K\u00e4sill\u00e4 on ihan tavallinen aamu Apo Apposen el\u00e4m\u00e4ss\u00e4. Unentokkurassa Apo t\u00f6rm\u00e4ilee toinen toistaan hauskempiin hahmoihin kuten Kaaro Puttilaan ja Sinikkaan, s\u00e4hk\u00f6hammasharjan vaihtop\u00e4\u00e4h\u00e4n. Apon on selvitelt\u00e4v\u00e4 my\u00f6s v\u00e4lins\u00e4 pitk\u00e4vihaisen paidan kanssa.<\/p>\n<p>Hyv\u00e4\u00e4 huomenta, Apo Apponen! -esityksen tapahtumat kumpuavat lapsiperheen el\u00e4m\u00e4nmenosta -Apon touhut ja tohinat kun ovat tuttuja kaikille lapsille.<\/p>\n<p>T\u00e4m\u00e4 hieman standup-tyylinen esitys on nauruhermoja kutkuttavaa seurattavaa mm. p\u00e4iv\u00e4koti-ik\u00e4isille lapsille ja alakoulun pienemmille oppilaille.<\/p>\n","protected":false},"excerpt":{"rendered":"<p>Kev\u00e4t 2026 Teatteri Konna: Hyv\u00e4\u00e4 huomenta, Apo Apponen! ti 3.2. klo 10 Kesto: 25 min Ik\u00e4suositus: 3+ Maksuton! Varaa paikat ryhm\u00e4llesi t\u00e4\u00e4lt\u00e4.\u00a0Lipunvaraus alkaa 7.1. klo 10. K\u00e4sill\u00e4 on ihan tavallinen aamu Apo Apposen el\u00e4m\u00e4ss\u00e4. Unentokkurassa Apo t\u00f6rm\u00e4ilee toinen toistaan hauskempiin<\/p>\n","protected":false},"author":3080,"featured_media":0,"parent":10,"menu_order":0,"comment_status":"closed","ping_status":"closed","template":"","meta":{"footnotes":""},"class_list":["post-249","page","type-page","status-publish","hentry"],"_links":{"self":[{"href":"https:\/\/blog.edu.turku.fi\/taidepolku\/wp-json\/wp\/v2\/pages\/249","targetHints":{"allow":["GET"]}}],"collection":[{"href":"https:\/\/blog.edu.turku.fi\/taidepolku\/wp-json\/wp\/v2\/pages"}],"about":[{"href":"https:\/\/blog.edu.turku.fi\/taidepolku\/wp-json\/wp\/v2\/types\/page"}],"author":[{"embeddable":true,"href":"https:\/\/blog.edu.turku.fi\/taidepolku\/wp-json\/wp\/v2\/users\/3080"}],"replies":[{"embeddable":true,"href":"https:\/\/blog.edu.turku.fi\/taidepolku\/wp-json\/wp\/v2\/comments?post=249"}],"version-history":[{"count":66,"href":"https:\/\/blog.edu.turku.fi\/taidepolku\/wp-json\/wp\/v2\/pages\/249\/revisions"}],"predecessor-version":[{"id":724,"href":"https:\/\/blog.edu.turku.fi\/taidepolku\/wp-json\/wp\/v2\/pages\/249\/revisions\/724"}],"up":[{"embeddable":true,"href":"https:\/\/blog.edu.turku.fi\/taidepolku\/wp-json\/wp\/v2\/pages\/10"}],"wp:attachment":[{"href":"https:\/\/blog.edu.turku.fi\/taidepolku\/wp-json\/wp\/v2\/media?parent=249"}],"curies":[{"name":"wp","href":"https:\/\/api.w.org\/{rel}","templated":true}]}}