{"id":247,"date":"2023-08-14T12:57:05","date_gmt":"2023-08-14T09:57:05","guid":{"rendered":"https:\/\/blog.edu.turku.fi\/taidepolku\/?page_id=247"},"modified":"2026-03-18T13:35:15","modified_gmt":"2026-03-18T11:35:15","slug":"turun-kaupunginteatteri","status":"publish","type":"page","link":"https:\/\/blog.edu.turku.fi\/taidepolku\/teatteripolku\/turun-kaupunginteatteri\/","title":{"rendered":"Turun Kaupunginteatteri"},"content":{"rendered":"<div><strong><em>Kierrokset kev\u00e4\u00e4ll\u00e4 2026:<\/em><\/strong><\/div>\n<p>Maksuttomat teatterikierrokset p\u00e4iv\u00e4koti- ja koululaisryhmille arkiaamuisin klo 8.30-9.30 ja 9.00-10.00. Tiedustelut ja varaukset s\u00e4hk\u00f6postitse <a href=\"mailto:aatu.pyy@tkteatteri.fi\">aatu.pyy@tkteatteri.fi<\/a><\/p>\n<p>Opastetuilla kierroksilla tutustutaan pintaa syvemm\u00e4lt\u00e4 teatteritaloon, esitysten valmistukseen ja teatterissa ty\u00f6skenteleviin ammattikuntiin. Teatterikierroksen aikana ryhm\u00e4t n\u00e4kev\u00e4t muun muassa erilaisia valmistustiloja, joihin yleis\u00f6ll\u00e4 ei tavallisesti ole p\u00e4\u00e4sy\u00e4.<\/p>\n<p>&nbsp;<\/p>\n","protected":false},"excerpt":{"rendered":"<p>Kierrokset kev\u00e4\u00e4ll\u00e4 2026: Maksuttomat teatterikierrokset p\u00e4iv\u00e4koti- ja koululaisryhmille arkiaamuisin klo 8.30-9.30 ja 9.00-10.00. Tiedustelut ja varaukset s\u00e4hk\u00f6postitse aatu.pyy@tkteatteri.fi Opastetuilla kierroksilla tutustutaan pintaa syvemm\u00e4lt\u00e4 teatteritaloon, esitysten valmistukseen ja teatterissa ty\u00f6skenteleviin ammattikuntiin. Teatterikierroksen aikana ryhm\u00e4t n\u00e4kev\u00e4t muun muassa erilaisia valmistustiloja, joihin yleis\u00f6ll\u00e4<\/p>\n","protected":false},"author":3080,"featured_media":0,"parent":10,"menu_order":0,"comment_status":"closed","ping_status":"closed","template":"","meta":{"footnotes":""},"class_list":["post-247","page","type-page","status-publish","hentry"],"_links":{"self":[{"href":"https:\/\/blog.edu.turku.fi\/taidepolku\/wp-json\/wp\/v2\/pages\/247","targetHints":{"allow":["GET"]}}],"collection":[{"href":"https:\/\/blog.edu.turku.fi\/taidepolku\/wp-json\/wp\/v2\/pages"}],"about":[{"href":"https:\/\/blog.edu.turku.fi\/taidepolku\/wp-json\/wp\/v2\/types\/page"}],"author":[{"embeddable":true,"href":"https:\/\/blog.edu.turku.fi\/taidepolku\/wp-json\/wp\/v2\/users\/3080"}],"replies":[{"embeddable":true,"href":"https:\/\/blog.edu.turku.fi\/taidepolku\/wp-json\/wp\/v2\/comments?post=247"}],"version-history":[{"count":11,"href":"https:\/\/blog.edu.turku.fi\/taidepolku\/wp-json\/wp\/v2\/pages\/247\/revisions"}],"predecessor-version":[{"id":745,"href":"https:\/\/blog.edu.turku.fi\/taidepolku\/wp-json\/wp\/v2\/pages\/247\/revisions\/745"}],"up":[{"embeddable":true,"href":"https:\/\/blog.edu.turku.fi\/taidepolku\/wp-json\/wp\/v2\/pages\/10"}],"wp:attachment":[{"href":"https:\/\/blog.edu.turku.fi\/taidepolku\/wp-json\/wp\/v2\/media?parent=247"}],"curies":[{"name":"wp","href":"https:\/\/api.w.org\/{rel}","templated":true}]}}