{"id":239,"date":"2023-08-14T12:47:57","date_gmt":"2023-08-14T09:47:57","guid":{"rendered":"https:\/\/blog.edu.turku.fi\/taidepolku\/?page_id=239"},"modified":"2026-01-16T14:25:07","modified_gmt":"2026-01-16T12:25:07","slug":"turun-filharmoninen-orkesteri","status":"publish","type":"page","link":"https:\/\/blog.edu.turku.fi\/taidepolku\/extrapolku\/turun-filharmoninen-orkesteri\/","title":{"rendered":"Turun filharmonisen orkesterin ekstrat"},"content":{"rendered":"<p><b>TURUN FILHARMONINEN ORKESTERI<\/b><\/p>\n<p>Tutustu musiikin kiehtovaan maailmaan Turun filharmonisen orkesterin kanssa!<\/p>\n<p>Varhaiskasvatuksen ja esiopetuksen ryhmille suunnatun <a href=\"https:\/\/blog.edu.turku.fi\/taidepolku\/musiikkipolku\/\">kev\u00e4tkauden lastenkonserttikokonaisuuden<\/a> lis\u00e4ksi orkesteri j\u00e4rjest\u00e4\u00e4 noin kerran kuussa avoimia kenraaliharjoituksia sek\u00e4 syksyisin konserttikokonaisuuden, jonka p\u00e4\u00e4asiallinen kohderyhm\u00e4 on 6.\u20139.-luokkalaiset koululaiset sek\u00e4 lukioryhm\u00e4t. Tilauksesta j\u00e4rjestet\u00e4\u00e4n my\u00f6s opastettuja kierroksia Konserttitalossa.<\/p>\n<p>Orkesteri l\u00e4hett\u00e4\u00e4 tiedotteen alkavan kauden tarjonnasta varhaiskasvatuksen ja esiopetuksen henkil\u00f6kunnalle elokuussa ja tammikuussa. Tiedot orkesterin kuluvan kauden ohjelmasta sek\u00e4 ilmoittautumisohjeet l\u00f6ytyv\u00e4t my\u00f6s <a href=\"https:\/\/tfo.fi\/fi\/lapset-ja-nuoret\/kouluille-ja-paivakodeille\">orkesterin sivuilta<\/a>.<\/p>\n<p>Turun filharmonisen orkesterin konsertit ja harjoitukset j\u00e4rjestet\u00e4\u00e4n Turun konserttitalossa osoitteessa Aninkaistenkatu 9.<\/p>\n<p>Lis\u00e4tiedot, kysymykset ja mahdolliset varausten peruutukset: tuottaja Heidi Pulkkinen, puh. 044 9072090, heidi.pulkkinen@turku.fi<\/p>\n<p><strong>Avoimet kenraaliharjoitukset<\/strong><\/p>\n<p>Turun filharmoninen orkesteri tarjoaa koululais- ja p\u00e4iv\u00e4kotiryhmille mahdollisuuden tulla tutustumaan orkesterisoiton salaisuuksiin filharmonikoiden kenraaliharjoitukseen, jossa harjoitellaan kuluvan viikon konserttiohjelmistoa. Vierailuun on mahdollista valmistautua etuk\u00e4teen l\u00e4hetett\u00e4v\u00e4n ennakkomateriaalin avulla. Avoimet kenraaliharjoitukset sis\u00e4lt\u00e4v\u00e4t lyhyen esittelyn Konserttitalolla puoli tuntia ennen harjoituksen alkua.<\/p>\n<p>Avoimet kenraaliharjoitukset ovat maksuttomia, mutta vaativat ennakkoilmoittautumisen. Ilmoittautumislinkit l\u00f6ytyv\u00e4t orkesterin l\u00e4hett\u00e4m\u00e4st\u00e4 tiedotteesta.<\/p>\n<p><strong>Konserttitalokierrokset<\/strong><\/p>\n<p>Millainen on orkesterimuusikon ty\u00f6p\u00e4iv\u00e4? Miten kapellimestari valmistautuu konserttiin? Mink\u00e4lainen n\u00e4kym\u00e4 on lavalta katsomoon? Opastetulla kierroksella tutustutaan toiminnallisella tavalla orkesterin arkip\u00e4iv\u00e4\u00e4n, konserttikulttuuriin ja lavan takaiseen el\u00e4m\u00e4\u00e4n.<\/p>\n<p>Konserttitalokierroksia j\u00e4rjestet\u00e4\u00e4n tilauksesta. Talokierroksen kesto on noin 45 minuuttia ja ryhm\u00e4n maksimikoko on noin 25 henke\u00e4. Kierrokset ovat maksuttomia.<br \/>\nLis\u00e4tiedot: Heidi Pulkkinen, tuottaja, <a href=\"mailto:heidi.pulkkinen@turku.fi\">heidi.pulkkinen@turku.fi\u00a0<\/a><\/p>\n<p><img loading=\"lazy\" decoding=\"async\" class=\"alignnone wp-image-114\" src=\"https:\/\/blog.edu.turku.fi\/taidepolku\/files\/2023\/06\/20141112-0439-300x200.jpg\" alt=\"\" width=\"684\" height=\"456\" srcset=\"https:\/\/blog.edu.turku.fi\/taidepolku\/files\/2023\/06\/20141112-0439-300x200.jpg 300w, https:\/\/blog.edu.turku.fi\/taidepolku\/files\/2023\/06\/20141112-0439.jpg 1024w\" sizes=\"auto, (max-width: 684px) 100vw, 684px\" \/><\/p>\n","protected":false},"excerpt":{"rendered":"<p>TURUN FILHARMONINEN ORKESTERI Tutustu musiikin kiehtovaan maailmaan Turun filharmonisen orkesterin kanssa! Varhaiskasvatuksen ja esiopetuksen ryhmille suunnatun kev\u00e4tkauden lastenkonserttikokonaisuuden lis\u00e4ksi orkesteri j\u00e4rjest\u00e4\u00e4 noin kerran kuussa avoimia kenraaliharjoituksia sek\u00e4 syksyisin konserttikokonaisuuden, jonka p\u00e4\u00e4asiallinen kohderyhm\u00e4 on 6.\u20139.-luokkalaiset koululaiset sek\u00e4 lukioryhm\u00e4t. Tilauksesta j\u00e4rjestet\u00e4\u00e4n my\u00f6s<\/p>\n","protected":false},"author":3080,"featured_media":0,"parent":68,"menu_order":0,"comment_status":"closed","ping_status":"closed","template":"","meta":{"footnotes":""},"class_list":["post-239","page","type-page","status-publish","hentry"],"_links":{"self":[{"href":"https:\/\/blog.edu.turku.fi\/taidepolku\/wp-json\/wp\/v2\/pages\/239","targetHints":{"allow":["GET"]}}],"collection":[{"href":"https:\/\/blog.edu.turku.fi\/taidepolku\/wp-json\/wp\/v2\/pages"}],"about":[{"href":"https:\/\/blog.edu.turku.fi\/taidepolku\/wp-json\/wp\/v2\/types\/page"}],"author":[{"embeddable":true,"href":"https:\/\/blog.edu.turku.fi\/taidepolku\/wp-json\/wp\/v2\/users\/3080"}],"replies":[{"embeddable":true,"href":"https:\/\/blog.edu.turku.fi\/taidepolku\/wp-json\/wp\/v2\/comments?post=239"}],"version-history":[{"count":13,"href":"https:\/\/blog.edu.turku.fi\/taidepolku\/wp-json\/wp\/v2\/pages\/239\/revisions"}],"predecessor-version":[{"id":737,"href":"https:\/\/blog.edu.turku.fi\/taidepolku\/wp-json\/wp\/v2\/pages\/239\/revisions\/737"}],"up":[{"embeddable":true,"href":"https:\/\/blog.edu.turku.fi\/taidepolku\/wp-json\/wp\/v2\/pages\/68"}],"wp:attachment":[{"href":"https:\/\/blog.edu.turku.fi\/taidepolku\/wp-json\/wp\/v2\/media?parent=239"}],"curies":[{"name":"wp","href":"https:\/\/api.w.org\/{rel}","templated":true}]}}