{"id":237,"date":"2023-08-14T12:47:14","date_gmt":"2023-08-14T09:47:14","guid":{"rendered":"https:\/\/blog.edu.turku.fi\/taidepolku\/?page_id=237"},"modified":"2025-10-20T11:51:15","modified_gmt":"2025-10-20T08:51:15","slug":"museot","status":"publish","type":"page","link":"https:\/\/blog.edu.turku.fi\/taidepolku\/extrapolku\/museot\/","title":{"rendered":"Museoiden ekstrat"},"content":{"rendered":"<p><strong>APTEEKKIMUSEO &amp; QWENSELIN TALO<\/strong><\/p>\n<p><span data-contrast=\"auto\">Omatoimivierailu:<\/span><span data-ccp-props=\"{&quot;134233117&quot;:false,&quot;134233118&quot;:false,&quot;201341983&quot;:0,&quot;335559738&quot;:0,&quot;335559739&quot;:0,&quot;335559740&quot;:240}\">\u00a0<\/span><span data-contrast=\"auto\">Gustav-kyyhkyn kierros. Saatavilla\u00a0koko lukuvuoden ajan.<\/span><\/p>\n<p><span data-contrast=\"auto\">Vierailu varataan s\u00e4hk\u00f6postitse<\/span><span data-contrast=\"none\">\u202f<\/span><a href=\"mailto:apteekkimuseo@turku.fi\">apteekkimuseo@turku.fi<\/a><\/p>\n<p><span data-ccp-props=\"{&quot;134233117&quot;:false,&quot;134233118&quot;:false,&quot;201341983&quot;:0,&quot;335559738&quot;:0,&quot;335559739&quot;:0,&quot;335559740&quot;:240}\">\u00a0<\/span><\/p>\n<p><strong>BIOLOGINEN MUSEO<\/strong><\/p>\n<p><span data-contrast=\"auto\">Omatoimivierailu, saatavilla koko lukuvuoden ajan (paitsi toukokuussa).<\/span><span data-ccp-props=\"{&quot;134233117&quot;:false,&quot;134233118&quot;:false,&quot;201341983&quot;:0,&quot;335559738&quot;:0,&quot;335559739&quot;:0,&quot;335559740&quot;:240}\">\u00a0<\/span><\/p>\n<p><span data-contrast=\"auto\">Vierailu varataan s\u00e4hk\u00f6postitse <\/span><a href=\"mailto:biologinenmuseo@turku.fi\"><span data-contrast=\"none\">biologinenmuseo@turku.fi<\/span><\/a><span data-contrast=\"auto\">\u00a0<\/span><span data-ccp-props=\"{&quot;134233117&quot;:false,&quot;134233118&quot;:false,&quot;201341983&quot;:0,&quot;335559738&quot;:0,&quot;335559739&quot;:0,&quot;335559740&quot;:240}\">\u00a0<\/span><\/p>\n<p><span data-ccp-props=\"{&quot;134233117&quot;:false,&quot;134233118&quot;:false,&quot;201341983&quot;:0,&quot;335559738&quot;:0,&quot;335559739&quot;:0,&quot;335559740&quot;:240}\">\u00a0<\/span><\/p>\n<p><strong>KURALAN KYL\u00c4M\u00c4KI<\/strong><\/p>\n<p><span data-contrast=\"none\">Omatoimivierailu syyskuussa tai toukokuussa. Ei ennakkoilmoittautumista. Lataa mukaan suosittu <\/span><span data-contrast=\"none\"><a href=\"https:\/\/kuralankylamaki.fi\/wp-content\/uploads\/sites\/7\/2025\/04\/katkosuunnistuskartta_1920x1080px_kuralan_kylamaki_2025_saavutettava-2.pdf\">K\u00e4tk\u00f6suunnistuskartta.<\/a><\/span><\/p>\n<p><span data-contrast=\"none\">Ryhmi\u00e4 kutsutaan my\u00f6s erillisen aikataulun mukaan Kyl\u00e4m\u00e4en p\u00e4\u00e4si\u00e4is- ja joulutapahtumaan. Lis\u00e4tiedot <\/span><a href=\"mailto:kylamaki@turku.fi\"><span data-contrast=\"none\">kylamaki@turku.fi<\/span><\/a><\/p>\n<p><span data-ccp-props=\"{&quot;134233117&quot;:false,&quot;134233118&quot;:false,&quot;201341983&quot;:0,&quot;335559738&quot;:0,&quot;335559739&quot;:0,&quot;335559740&quot;:240}\">\u00a0<\/span><\/p>\n<p><strong>LUOSTARINM\u00c4EN MUSEOKORTTELI<\/strong><\/p>\n<p><span data-contrast=\"none\">Omatoimivierailu elo-syyskuussa museon aukioloaikojen mukaan: Omatoimimateriaali saatavilla vierailun tueksi. Omatoimimateriaalin avulla seikkaillaan Luostarinm\u00e4en museossa ihmetellen ja pohtien eroja nykyp\u00e4iv\u00e4n ja vanhan ajan v\u00e4lill\u00e4. Materiaalin saa s\u00e4hk\u00f6isesti museolta varauksen yhteydess\u00e4.<\/span><\/p>\n<p><span data-contrast=\"none\">Vierailu varataan s\u00e4hk\u00f6postitse <\/span><a href=\"mailto:luostarinmaki@turku.fi\"><span data-contrast=\"none\">luostarinmaki@turku.fi<\/span><\/a><span data-contrast=\"none\">\u00a0<\/span><span data-ccp-props=\"{&quot;134233117&quot;:false,&quot;134233118&quot;:false,&quot;201341983&quot;:0,&quot;335559738&quot;:0,&quot;335559739&quot;:0,&quot;335559740&quot;:240}\">\u00a0<\/span><\/p>\n","protected":false},"excerpt":{"rendered":"<p>APTEEKKIMUSEO &amp; QWENSELIN TALO Omatoimivierailu:\u00a0Gustav-kyyhkyn kierros. Saatavilla\u00a0koko lukuvuoden ajan. Vierailu varataan s\u00e4hk\u00f6postitse\u202fapteekkimuseo@turku.fi \u00a0 BIOLOGINEN MUSEO Omatoimivierailu, saatavilla koko lukuvuoden ajan (paitsi toukokuussa).\u00a0 Vierailu varataan s\u00e4hk\u00f6postitse biologinenmuseo@turku.fi\u00a0\u00a0 \u00a0 KURALAN KYL\u00c4M\u00c4KI Omatoimivierailu syyskuussa tai toukokuussa. Ei ennakkoilmoittautumista. Lataa mukaan suosittu K\u00e4tk\u00f6suunnistuskartta. Ryhmi\u00e4<\/p>\n","protected":false},"author":3080,"featured_media":0,"parent":68,"menu_order":0,"comment_status":"closed","ping_status":"closed","template":"","meta":{"footnotes":""},"class_list":["post-237","page","type-page","status-publish","hentry"],"_links":{"self":[{"href":"https:\/\/blog.edu.turku.fi\/taidepolku\/wp-json\/wp\/v2\/pages\/237","targetHints":{"allow":["GET"]}}],"collection":[{"href":"https:\/\/blog.edu.turku.fi\/taidepolku\/wp-json\/wp\/v2\/pages"}],"about":[{"href":"https:\/\/blog.edu.turku.fi\/taidepolku\/wp-json\/wp\/v2\/types\/page"}],"author":[{"embeddable":true,"href":"https:\/\/blog.edu.turku.fi\/taidepolku\/wp-json\/wp\/v2\/users\/3080"}],"replies":[{"embeddable":true,"href":"https:\/\/blog.edu.turku.fi\/taidepolku\/wp-json\/wp\/v2\/comments?post=237"}],"version-history":[{"count":9,"href":"https:\/\/blog.edu.turku.fi\/taidepolku\/wp-json\/wp\/v2\/pages\/237\/revisions"}],"predecessor-version":[{"id":697,"href":"https:\/\/blog.edu.turku.fi\/taidepolku\/wp-json\/wp\/v2\/pages\/237\/revisions\/697"}],"up":[{"embeddable":true,"href":"https:\/\/blog.edu.turku.fi\/taidepolku\/wp-json\/wp\/v2\/pages\/68"}],"wp:attachment":[{"href":"https:\/\/blog.edu.turku.fi\/taidepolku\/wp-json\/wp\/v2\/media?parent=237"}],"curies":[{"name":"wp","href":"https:\/\/api.w.org\/{rel}","templated":true}]}}