{"id":203,"date":"2023-08-11T10:14:35","date_gmt":"2023-08-11T07:14:35","guid":{"rendered":"https:\/\/blog.edu.turku.fi\/taidepolku\/?page_id=203"},"modified":"2025-11-03T08:14:06","modified_gmt":"2025-11-03T06:14:06","slug":"tilauslomake","status":"publish","type":"page","link":"https:\/\/blog.edu.turku.fi\/taidepolku\/tilauslomake\/","title":{"rendered":"Varausohjeet ja laskutus"},"content":{"rendered":"<p>Muista ilmoittautua sek\u00e4 maksullisille ett\u00e4 maksuttomille vierailuille! Ilmoittautumisohjeet l\u00f6ytyv\u00e4t aina tilaisuuden tietojen yhteydest\u00e4.<\/p>\n<p>Kustannusten kohdentamiseksi oikein tulee toimia seuraavalla tavalla:<\/p>\n<ol>\n<li style=\"list-style-type: none\">\n<ol>\n<li><strong>Opettaja<\/strong> varaa ryhm\u00e4lleen paikat kulttuurilaitoksesta ja pyyt\u00e4\u00e4 p\u00e4iv\u00e4kodinjohtajalta puiteostotilauksen otettavaksi mukaan vierailulle<\/li>\n<li><strong>P\u00e4iv\u00e4kodinjohtaja\u00a0<\/strong>tulostaa opettajalle mukaan vierailulle oikean puiteostotilauksen.<\/li>\n<\/ol>\n<\/li>\n<\/ol>\n<p><strong>Puiteostotilaukset ovat voimassa kalenterivuoden kerrallaan ja ne toimitetaan esiopetusta j\u00e4rjest\u00e4vien yksik\u00f6iden johtajille s\u00e4hk\u00f6postitse.<\/strong><\/p>\n<p>Turun kaupungin varhaiskasvatus kustantaa esiopetusvuoden aikana esiopetuksessa oleville lapsille seuraavat maksulliset vierailut:<\/p>\n<ul>\n<li>1 teatterivierailu (joko Turun Kaupunginteatteri tai Lastenkulttuurikeskus F\u00e4ri)<\/li>\n<li>1 konserttivierailu (Turun filharmoninen orkesteri tai Lastenkulttuurikeskus F\u00e4ri)<\/li>\n<li>1 opastettu museovierailu (Turun museokeskuksen museot)<\/li>\n<\/ul>\n<p>Huomiothan, ett\u00e4 jos yksik\u00f6ss\u00e4 halutaan tehd\u00e4 edell\u00e4 mainittujen kaupungin kustantamien vierailuiden lis\u00e4ksi muita vierailuita, tulee ne rahoittaa yksik\u00f6n omasta budjetista. Muistathan my\u00f6s, ett\u00e4 esiopetuksen tulee olla perheille maksutonta.<\/p>\n","protected":false},"excerpt":{"rendered":"<p>Muista ilmoittautua sek\u00e4 maksullisille ett\u00e4 maksuttomille vierailuille! Ilmoittautumisohjeet l\u00f6ytyv\u00e4t aina tilaisuuden tietojen yhteydest\u00e4. Kustannusten kohdentamiseksi oikein tulee toimia seuraavalla tavalla: Opettaja varaa ryhm\u00e4lleen paikat kulttuurilaitoksesta ja pyyt\u00e4\u00e4 p\u00e4iv\u00e4kodinjohtajalta puiteostotilauksen otettavaksi mukaan vierailulle P\u00e4iv\u00e4kodinjohtaja\u00a0tulostaa opettajalle mukaan vierailulle oikean puiteostotilauksen. Puiteostotilaukset ovat<\/p>\n","protected":false},"author":3080,"featured_media":0,"parent":0,"menu_order":0,"comment_status":"closed","ping_status":"closed","template":"","meta":{"footnotes":""},"class_list":["post-203","page","type-page","status-publish","hentry"],"_links":{"self":[{"href":"https:\/\/blog.edu.turku.fi\/taidepolku\/wp-json\/wp\/v2\/pages\/203","targetHints":{"allow":["GET"]}}],"collection":[{"href":"https:\/\/blog.edu.turku.fi\/taidepolku\/wp-json\/wp\/v2\/pages"}],"about":[{"href":"https:\/\/blog.edu.turku.fi\/taidepolku\/wp-json\/wp\/v2\/types\/page"}],"author":[{"embeddable":true,"href":"https:\/\/blog.edu.turku.fi\/taidepolku\/wp-json\/wp\/v2\/users\/3080"}],"replies":[{"embeddable":true,"href":"https:\/\/blog.edu.turku.fi\/taidepolku\/wp-json\/wp\/v2\/comments?post=203"}],"version-history":[{"count":20,"href":"https:\/\/blog.edu.turku.fi\/taidepolku\/wp-json\/wp\/v2\/pages\/203\/revisions"}],"predecessor-version":[{"id":706,"href":"https:\/\/blog.edu.turku.fi\/taidepolku\/wp-json\/wp\/v2\/pages\/203\/revisions\/706"}],"wp:attachment":[{"href":"https:\/\/blog.edu.turku.fi\/taidepolku\/wp-json\/wp\/v2\/media?parent=203"}],"curies":[{"name":"wp","href":"https:\/\/api.w.org\/{rel}","templated":true}]}}