{"id":12,"date":"2023-04-04T09:46:58","date_gmt":"2023-04-04T06:46:58","guid":{"rendered":"https:\/\/blog.edu.turku.fi\/taidepolku\/?page_id=12"},"modified":"2026-01-16T14:23:46","modified_gmt":"2026-01-16T12:23:46","slug":"musiikkipolku","status":"publish","type":"page","link":"https:\/\/blog.edu.turku.fi\/taidepolku\/musiikkipolku\/","title":{"rendered":"Musiikkipolku"},"content":{"rendered":"<p><b>TURUN FILHARMONINEN ORKESTERI<\/b><\/p>\n<p>Tutustu musiikin kiehtovaan maailmaan Turun filharmonisen orkesterin kanssa! Tule konserttivierailulle, kurkista maksuttomiin kenraaliharjoituksiin tai osallistu kierrokselle konserttitalon kulissien taakse.<\/p>\n<p>Turun filharmoninen orkesteri on Suomen vanhin ja maailman vanhimpiin kuuluva sinfoniaorkesteri. Sen juuret ulottuvat Turun Soitannollisen Seuran perustamiseen 1790, ja sen pitk\u00e4 historia kattaa huikean kaistaleen l\u00e4nsimaista musiikkia. Nyky\u00e4\u00e4n Turun filharmoninen orkesteri on Suomen viidenneksi suurin orkesteri, jossa on 74 soittajaa.<\/p>\n<p><strong>Konsertit varhaiskasvatuksen ja esiopetuksen ryhmille \u00a0<\/strong><\/p>\n<p>Turun filharmoninen orkesteri j\u00e4rjest\u00e4\u00e4 maaliskuussa (vko 11\/ 2026) <a href=\"https:\/\/tfo.fi\/ryhmille-aave-pyykkinarulla\/\">Aave pyykkinarulla -konserttikokonaisuuden<\/a>, johon kutsutaan kaikki esiopetuksen ryhm\u00e4t.<\/p>\n<p>Katso <a href=\"https:\/\/blog.edu.turku.fi\/taidepolku\/extrapolku\/\">Xtrapolku-v\u00e4lilehdelt\u00e4<\/a> muu ohjelmamme varhaiskasvatuksen ja esiopetuksen ryhmille.<\/p>\n<p>Orkesteri l\u00e4hett\u00e4\u00e4 tiedotteen alkavan kauden tarjonnasta varhaiskasvatuksen ja esiopetuksen henkil\u00f6kunnalle elokuussa ja tammikuussa. Tiedot orkesterin kuluvan lukukauden ohjelmasta sek\u00e4 ilmoittautumisohjeet l\u00f6ytyv\u00e4t my\u00f6s <a href=\"https:\/\/tfo.fi\/lapset\/\">orkesterin sivuilta<\/a>.<\/p>\n<p>Turun filharmonisen orkesterin konsertit j\u00e4rjestet\u00e4\u00e4n Turun konserttitalossa osoitteessa Aninkaistenkatu 9.<\/p>\n<p><strong>Liput<\/strong><\/p>\n<p>Konserttilippujen hinta varhaiskasvatuksen ja esiopetuksen ryhmille on 4 \u20ac per lapsi, ryhm\u00e4n mukana tuleva ohjaaja, opettaja tai avustaja p\u00e4\u00e4see maksutta. Varaukset tehd\u00e4\u00e4n ilmoittautumislinkin kautta, linkki julkaistaan <a href=\"https:\/\/tfo.fi\/ryhmille-aave-pyykkinarulla\/\">orkesterin sivuilla<\/a> tammikuun aikana ja se l\u00f6ytyy my\u00f6s orkesterin l\u00e4hett\u00e4m\u00e4st\u00e4 tiedotteesta.<\/p>\n<p>Turun filharmonisen orkesterin konserttilippu toimii bussilippuna F\u00f6li-linjoilla 3 h ennen ja 2 h j\u00e4lkeen konsertin. Lipulla voi matkustaa yhteens\u00e4 nelj\u00e4 matkaa eli molempiin suuntiin voi k\u00e4ytt\u00e4\u00e4 tarvittaessa yhden vaihdon. Jos tarvitsette liput bussimatkoja varten, valitkaa lippuvarauksen yhteydess\u00e4 lippujen postitus koululle\/ toimitus s\u00e4hk\u00f6postilla. Muussa tapauksessa saatte liput saapuessanne Konserttitalolle.<\/p>\n<p><strong>Lis\u00e4tiedot ja kysymykset:<\/strong> tuottaja Heidi Pulkkinen, puh. 044 9072090, heidi.pulkkinen@turku.fi<\/p>\n<p><img loading=\"lazy\" decoding=\"async\" class=\"wp-image-115 size-large aligncenter\" src=\"https:\/\/blog.edu.turku.fi\/taidepolku\/files\/2023\/06\/20141112-0125-1024x681.jpg\" alt=\"\" width=\"1024\" height=\"681\" srcset=\"https:\/\/blog.edu.turku.fi\/taidepolku\/files\/2023\/06\/20141112-0125.jpg 1024w, https:\/\/blog.edu.turku.fi\/taidepolku\/files\/2023\/06\/20141112-0125-300x200.jpg 300w\" sizes=\"auto, (max-width: 1024px) 100vw, 1024px\" \/><\/p>\n","protected":false},"excerpt":{"rendered":"<p>TURUN FILHARMONINEN ORKESTERI Tutustu musiikin kiehtovaan maailmaan Turun filharmonisen orkesterin kanssa! Tule konserttivierailulle, kurkista maksuttomiin kenraaliharjoituksiin tai osallistu kierrokselle konserttitalon kulissien taakse. Turun filharmoninen orkesteri on Suomen vanhin ja maailman vanhimpiin kuuluva sinfoniaorkesteri. Sen juuret ulottuvat Turun Soitannollisen Seuran perustamiseen<\/p>\n","protected":false},"author":56,"featured_media":0,"parent":0,"menu_order":0,"comment_status":"closed","ping_status":"closed","template":"","meta":{"footnotes":""},"class_list":["post-12","page","type-page","status-publish","hentry"],"_links":{"self":[{"href":"https:\/\/blog.edu.turku.fi\/taidepolku\/wp-json\/wp\/v2\/pages\/12","targetHints":{"allow":["GET"]}}],"collection":[{"href":"https:\/\/blog.edu.turku.fi\/taidepolku\/wp-json\/wp\/v2\/pages"}],"about":[{"href":"https:\/\/blog.edu.turku.fi\/taidepolku\/wp-json\/wp\/v2\/types\/page"}],"author":[{"embeddable":true,"href":"https:\/\/blog.edu.turku.fi\/taidepolku\/wp-json\/wp\/v2\/users\/56"}],"replies":[{"embeddable":true,"href":"https:\/\/blog.edu.turku.fi\/taidepolku\/wp-json\/wp\/v2\/comments?post=12"}],"version-history":[{"count":14,"href":"https:\/\/blog.edu.turku.fi\/taidepolku\/wp-json\/wp\/v2\/pages\/12\/revisions"}],"predecessor-version":[{"id":736,"href":"https:\/\/blog.edu.turku.fi\/taidepolku\/wp-json\/wp\/v2\/pages\/12\/revisions\/736"}],"wp:attachment":[{"href":"https:\/\/blog.edu.turku.fi\/taidepolku\/wp-json\/wp\/v2\/media?parent=12"}],"curies":[{"name":"wp","href":"https:\/\/api.w.org\/{rel}","templated":true}]}}