{"id":9,"date":"2019-11-26T08:48:45","date_gmt":"2019-11-26T06:48:45","guid":{"rendered":"https:\/\/blog.edu.turku.fi\/syvalahti\/?page_id=9"},"modified":"2025-07-31T09:02:34","modified_gmt":"2025-07-31T06:02:34","slug":"varhaiskasvatus","status":"publish","type":"page","link":"https:\/\/blog.edu.turku.fi\/syvalahti\/varhaiskasvatus\/","title":{"rendered":"P\u00e4iv\u00e4koti"},"content":{"rendered":"<p>Syv\u00e4lahden p\u00e4iv\u00e4kodin johtaja<br \/>\nHanna Heikinmatti<br \/>\n040 570 6825<br \/>\nhanna.heikinmatti@edu.turku.fi<\/p>\n<p>Syv\u00e4lahden p\u00e4iv\u00e4kodin varajohtaja<br \/>\nMarjo Haapanen<br \/>\n040 645 2401<br \/>\nmarjo.haapanen@edu.turku.fi<\/p>\n<p><a href=\"http:\/\/blog.edu.turku.fi\/syvalahdenpk\">P\u00e4iv\u00e4kodin sivut<\/a><\/p>\n","protected":false},"excerpt":{"rendered":"<p>Syv\u00e4lahden p\u00e4iv\u00e4kodin johtaja Hanna Heikinmatti 040 570 6825 hanna.heikinmatti@edu.turku.fi Syv\u00e4lahden p\u00e4iv\u00e4kodin varajohtaja Marjo Haapanen 040 645 2401 marjo.haapanen@edu.turku.fi P\u00e4iv\u00e4kodin sivut<\/p>\n","protected":false},"author":1122,"featured_media":0,"parent":0,"menu_order":0,"comment_status":"closed","ping_status":"closed","template":"","meta":{"footnotes":""},"class_list":["post-9","page","type-page","status-publish","hentry"],"_links":{"self":[{"href":"https:\/\/blog.edu.turku.fi\/syvalahti\/wp-json\/wp\/v2\/pages\/9","targetHints":{"allow":["GET"]}}],"collection":[{"href":"https:\/\/blog.edu.turku.fi\/syvalahti\/wp-json\/wp\/v2\/pages"}],"about":[{"href":"https:\/\/blog.edu.turku.fi\/syvalahti\/wp-json\/wp\/v2\/types\/page"}],"author":[{"embeddable":true,"href":"https:\/\/blog.edu.turku.fi\/syvalahti\/wp-json\/wp\/v2\/users\/1122"}],"replies":[{"embeddable":true,"href":"https:\/\/blog.edu.turku.fi\/syvalahti\/wp-json\/wp\/v2\/comments?post=9"}],"version-history":[{"count":9,"href":"https:\/\/blog.edu.turku.fi\/syvalahti\/wp-json\/wp\/v2\/pages\/9\/revisions"}],"predecessor-version":[{"id":474,"href":"https:\/\/blog.edu.turku.fi\/syvalahti\/wp-json\/wp\/v2\/pages\/9\/revisions\/474"}],"wp:attachment":[{"href":"https:\/\/blog.edu.turku.fi\/syvalahti\/wp-json\/wp\/v2\/media?parent=9"}],"curies":[{"name":"wp","href":"https:\/\/api.w.org\/{rel}","templated":true}]}}