{"id":7,"date":"2019-11-26T08:48:04","date_gmt":"2019-11-26T06:48:04","guid":{"rendered":"https:\/\/blog.edu.turku.fi\/syvalahti\/?page_id=7"},"modified":"2026-04-08T08:19:00","modified_gmt":"2026-04-08T05:19:00","slug":"koulu","status":"publish","type":"page","link":"https:\/\/blog.edu.turku.fi\/syvalahti\/koulu\/","title":{"rendered":"Koulu"},"content":{"rendered":"<p><strong>Syv\u00e4lahden koulu on noin 650 oppilaan vuosiluokkien 1-9 yhten\u00e4iskoulu Turun Hirvensalossa. Koulun oppilasalue on Hirvensalo, Satava ja Kakskerta. Syv\u00e4lahden koulu vaalii yhdess\u00e4 tekemisen kulttuuria. Hyv\u00e4 arki Syv\u00e4lahdessa rakentuu yhteisty\u00f6t\u00e4 tekem\u00e4ll\u00e4 ja toisiltamme oppimalla.<\/strong><\/p>\n<div>\n<p>Syksyll\u00e4 2026 koulunsa aloittavien ekaluokkalaisten tutustumisp\u00e4iv\u00e4 on <strong>torstaina 7.5.2026 klo 8.30 &#8211; 10.00. <\/strong>Koulutulokkaiden huoltajille j\u00e4rjestet\u00e4\u00e4n samaan aikaan info-tilaisuus koulun aloituksesta ja koulun toiminnasta keskusaulassa. Mukana on koulun henkil\u00f6kuntaa ja yhteisty\u00f6kumppaneita.<\/p>\n<\/div>\n<div>\n<p>Syksyll\u00e4 2026 aloittavien seitsem\u00e4sluokkalaisten tutustumisp\u00e4iv\u00e4 on <strong>tiistaina 12.5.2026 klo 14.15 &#8211; 15.45.<\/strong><\/p>\n<\/div>\n<div>\n<p><strong style=\"font-size: 19px;letter-spacing: 0.13333em;text-transform: uppercase\">lukuvuoden 2025-2026 ty\u00f6ajat<\/strong><\/p>\n<\/div>\n<p><strong>Syyslukukausi: to 7.8. \u2013 la 20.12.2025\u00a0<\/strong><\/p>\n<p>Syysloma: ma 13.10. \u2013 su 19.10.2025<\/p>\n<p>Joululoma: su 21.12.2025 \u2013 ti 6.1.2026<\/p>\n<p><strong>Kev\u00e4tlukukausi: ke 7.1. \u2013 la 30.5.2026<\/strong><\/p>\n<p>Talviloma: ma 16.2. \u2013 su 22.2.2026<\/p>\n<p>Tarvittaessa voit ottaa yhteytt\u00e4 Syv\u00e4lahden rehtoreihin, joiden, ja monen muun, yhteystiedot l\u00f6yd\u00e4t koulun nettisivuilta: <a href=\"https:\/\/blog.edu.turku.fi\/syvalahti\/syvalahden-koulu-yhteystiedot\/\">https:\/\/blog.edu.turku.fi\/syvalahti\/<\/a><\/p>\n<h4><strong>Koulunk\u00e4ynnist\u00e4 seiskaluokalla<\/strong><\/h4>\n<ul>\n<li>Kuutosluokalla oppilaalla oli vain muutama opettaja. Seiskalla opettajia on v\u00e4hint\u00e4\u00e4n kymmenkunta.<\/li>\n<li>Koulup\u00e4iv\u00e4t ja -viikot pitenev\u00e4t. Oppitunteja on viikossa noin 30.<\/li>\n<li>Oppilaan vastuu huolehtia tekemisest\u00e4\u00e4n kasvaa entisest\u00e4\u00e4n.<\/li>\n<li>L\u00e4ksyj\u00e4 on enemm\u00e4n ja koealueet kasvavat. Kaikki l\u00e4ksyt ja kokeet merkit\u00e4\u00e4n Wilmaan.<\/li>\n<li>Oppiaineiden arviointi on jatkuvaa ja monipuolista.\n<ul>\n<li>Koearvosanat ovat vain osa arviointia.<\/li>\n<li>Tuntity\u00f6skentely ja kotiteht\u00e4vien s\u00e4\u00e4nn\u00f6llinen tekeminen vaikuttavat my\u00f6s vahvasti arviointiin.<\/li>\n<li>Osa seiskaluokan numeroista j\u00e4\u00e4 ysiluokan p\u00e4\u00e4tt\u00f6todistukseen.<\/li>\n<\/ul>\n<\/li>\n<li><strong>Vastuu oppimisesta ja opiskelusta on yh\u00e4 enemm\u00e4n oppilaalla itsell\u00e4\u00e4n. <\/strong><\/li>\n<li><strong>Opiskelu kannattaa ottaa tosissaan jo alusta l\u00e4htien.<\/strong><\/li>\n<li>Oppilas muuttuu\/kypsyy itse, ymp\u00e4rist\u00f6 muuttuu, luokkatoverit vaihtuvat osin ja opettajat ovat uusia.<\/li>\n<li>Koulunk\u00e4ynti vaatii enemm\u00e4n ponnistelua ja on v\u00e4lill\u00e4 vaikeaa, raskastakin.<\/li>\n<li>Muutoksista johtuva h\u00e4mmennys voi vaikuttaa vahvasti nuoreen.<\/li>\n<li><strong>Se kuuluu normaaliin el\u00e4m\u00e4\u00e4n<\/strong>.<\/li>\n<li><strong>Sopeutuminen vie aikansa. K\u00e4rsiv\u00e4llisyytt\u00e4 tarvitaan.<\/strong><\/li>\n<li>Vanhempien tukea tarvitaan aina, vaikka murrosi\u00e4ss\u00e4 nuoret et\u00e4\u00e4nnytt\u00e4v\u00e4tkin itse\u00e4\u00e4n vanhemmistaan.<\/li>\n<li>Kavereiden merkitys korostuu. Kaverisuhteissa tapahtuu usein my\u00f6s muutoksia.<\/li>\n<li>Koulussa tuetaan monin tavoin oppilaiden sosiaalista sopeutumista.\n<ul>\n<li>Oppilaalla on tukijoita auttamassa: tukioppilaat, luokanohjaaja, muut opettajat, erityisopettajat, opot, kuraattori psykologi, terveydenhoitaja, l\u00e4\u00e4k\u00e4ri ja rehtorit.<\/li>\n<li>Tuen ja avun pyyt\u00e4misess\u00e4 on oppilaalla itsell\u00e4 iso vastuu.<\/li>\n<\/ul>\n<\/li>\n<li><strong>Turvallinen ja selke\u00e4 arki sek\u00e4 tarvittavan tiivis yhteisty\u00f6 kodin ja koulun v\u00e4lill\u00e4 auttavat oppilasta.<\/strong><\/li>\n<\/ul>\n<p><strong>Viisi vinkki\u00e4 vanhemmille eli n\u00e4in tuet lapsesi koulunk\u00e4ynti\u00e4<\/strong><\/p>\n<p>KT Tuomo Virtanen, erityispedagogiikan yliopistolehtori, Jyv\u00e4skyl\u00e4n yliopisto<\/p>\n<ol>\n<li>Osoita olevasi kiinnostunut lapsesi kouluty\u00f6st\u00e4 ja sen sujumisesta. Huomioi erityisesti edistysaskeleet!<\/li>\n<li>Keskustele lapsen kanssa koulunk\u00e4ynnist\u00e4 my\u00f6nteiseen s\u00e4vyyn ja v\u00e4lt\u00e4 siirt\u00e4m\u00e4st\u00e4 omia negatiivisia muistojasi esim. itsellesi ei mieluisasta oppiaineesta eteenp\u00e4in lapselle.<\/li>\n<li>Jos lapsella on hankaluuksia esim. jonkin oppiaineen kanssa, muista olla my\u00f6t\u00e4tuntoinen ja kannustaa h\u00e4nt\u00e4 opiskelemaan sinnikk\u00e4\u00e4sti.<\/li>\n<li>Muista kuulostella lapsen tuntemuksia erityisesti nivelvaiheissa, kuten alakoulusta yl\u00e4kouluun tai yl\u00e4koulusta lukioon\/ammattikouluun siirtyess\u00e4.<\/li>\n<li>My\u00f6s teini tarvitsee tukea! Murrosi\u00e4ss\u00e4 on luonnollista, ett\u00e4 nuori hakee tukea ennemmin kavereiltaan. My\u00f6s koulunk\u00e4ynnin suhteen on silti t\u00e4rke\u00e4 s\u00e4ilytt\u00e4\u00e4 keskusteluyhteys nuoren kanssa ja pysy\u00e4 k\u00e4rryill\u00e4 siit\u00e4, mit\u00e4 koulussa on milloinkin meneill\u00e4\u00e4n.<\/li>\n<\/ol>\n<h4><strong>Koulup\u00e4iv\u00e4n rakenne<\/strong><\/h4>\n<table width=\"236\">\n<tbody>\n<tr>\n<td width=\"113\"><strong>kello<\/strong><\/td>\n<td width=\"123\"><strong>tunti<\/strong><\/td>\n<\/tr>\n<tr>\n<td width=\"113\">8.15\u20139.00<\/td>\n<td width=\"123\">1<\/td>\n<\/tr>\n<tr>\n<td width=\"113\">9.00\u20139.45<\/td>\n<td width=\"123\">2<\/td>\n<\/tr>\n<tr>\n<td width=\"113\">9.45\u201310.15<\/td>\n<td width=\"123\">v\u00e4litunti 30 min<\/td>\n<\/tr>\n<tr>\n<td width=\"113\">10.15 &#8211; (11.00)<\/td>\n<td width=\"123\">3 (sis. ruokailun)<\/td>\n<\/tr>\n<tr>\n<td width=\"113\">(11.15) -12.00<\/td>\n<td width=\"123\">4<\/td>\n<\/tr>\n<tr>\n<td width=\"113\">12.00\u201312.30<\/td>\n<td width=\"123\">v\u00e4litunti 30 min<\/td>\n<\/tr>\n<tr>\n<td width=\"113\">12.30\u201313.15<\/td>\n<td width=\"123\">5<\/td>\n<\/tr>\n<tr>\n<td width=\"113\">13.15\u201314.00<\/td>\n<td width=\"123\">6<\/td>\n<\/tr>\n<tr>\n<td width=\"113\">14.00\u201314.15<\/td>\n<td width=\"123\">v\u00e4litunti 15 min<\/td>\n<\/tr>\n<tr>\n<td width=\"113\">14.15\u201315.00<\/td>\n<td width=\"123\">7<\/td>\n<\/tr>\n<tr>\n<td width=\"113\">15.00\u201315.45<\/td>\n<td width=\"123\">8<\/td>\n<\/tr>\n<\/tbody>\n<\/table>\n<ul>\n<li>Sama p\u00e4iv\u00e4n rakenne kaikilla luokilla (1\u20139) mahdollistaa yhteisty\u00f6n ja joustavat opetusk\u00e4yt\u00e4nteet koko monitoimitalossa.<\/li>\n<li>P\u00e4iv\u00e4n rakenteen selkeys luo kiireett\u00f6myytt\u00e4 ja helpottaa tilojen k\u00e4ytt\u00f6\u00e4.<\/li>\n<li>Oppitunnit (90\/45) min) parantavat opittavaan\/opetettavaan asiaan keskittymist\u00e4 ja luovat ty\u00f6rauhaa.<\/li>\n<li>Pitk\u00e4t v\u00e4litunnit (30 min) antavat oppilaille mahdollisuuden olla kavereiden kanssa.<\/li>\n<\/ul>\n<h4><strong>Koulun s\u00e4\u00e4nn\u00f6t ja k\u00e4yt\u00e4nteet<\/strong><\/h4>\n<p>Koululla on j\u00e4rjestyss\u00e4\u00e4nn\u00f6t ja k\u00e4yt\u00e4nteet, jotka koskettavat kaikkia oppilaita ykk\u00f6sest\u00e4 ysiin.<\/p>\n<ul>\n<li>L\u00f6yd\u00e4t ne Wilmasta (Tiedotteet)<\/li>\n<li>Syv\u00e4lahti on mm. keng\u00e4t\u00f6n, lakiton, karkiton, purkaton ja energiajuomaton.<\/li>\n<li>K\u00e4nnyk\u00e4t pidet\u00e4\u00e4n \u00e4\u00e4nett\u00f6min\u00e4 (s\u00e4ilytys repussa\/laukussa koko koulup\u00e4iv\u00e4n ajan, eiv\u00e4t saa h\u00e4irit\u00e4 opetusta ja\/tai oppimista).<\/li>\n<li>V\u00e4litunnit ollaan p\u00e4\u00e4s\u00e4\u00e4nt\u00f6isesti ulkona. S\u00e4\u00e4nmukainen pukeutuminen kannattaa.<\/li>\n<li>Ulko-ovet ovat aina lukossa. Oppilailla on k\u00e4yt\u00f6ss\u00e4\u00e4n ovikoodi.<\/li>\n<li><strong>Onnistuneeseen koulunk\u00e4yntiin oppilaan pit\u00e4\u00e4 muistaa vain kaksi asiaa ja my\u00f6s toimia niin:<br \/>\n<\/strong><strong>K\u00e4ytt\u00e4ydy kunnolla ja <\/strong><strong>tee tunnollisesti sinulle annetut teht\u00e4v\u00e4t.<\/strong><\/li>\n<\/ul>\n<h4><strong>Uusien seiskaluokkien muodostamisesta<\/strong><\/h4>\n<p>Uusia seiskoja on noin 160.\u00a0\u00a0Uusia seiskaluokkia on kuusi.<\/p>\n<p>Jokaisessa luokassa on oppilaita kaikista kouluista: Haarlasta, W\u00e4in\u00f6 Aaltosesta ja Syv\u00e4lahdesta.<\/p>\n<p>Nykyiset kuutosten luokanopettajat muodostavat luokastaan 4\u20136 oppilaan ryhmi\u00e4 (moduuleja), jotka ovat <u>oppimisen kannalta toimivia.<\/u><\/p>\n<p>Luokanopettajat huomioivat <u>opiskelussa toimivat <\/u>kaverisuhteet.\u00a0 Oppilailta ja huoltajilta ei kysyt\u00e4 kaveritoiveita<\/p>\n<p>Luokanopettaja huomioi lis\u00e4ksi mm. kielivalinnat (A2), katsomusaineet ja tuen tarpeet.<\/p>\n<p><strong>Luokanopettaja on paras asiantuntija laatimaan ryhm\u00e4t\/moduulit.<\/strong><\/p>\n<p>Syv\u00e4lahden rehtorit muokkaavat ryhmist\u00e4\/moduuleista uudet, mahdollisimman tasakokoiset luokat kev\u00e4\u00e4n aikana.<\/p>\n<p>Uudet luokat ovat tiedossa tutustumisp\u00e4iv\u00e4n\u00e4 toukokuussa.<\/p>\n<p>Luokanvaihto on mahdollista vain erityisen painavasta syyst\u00e4.<\/p>\n<p>Erityisen painavia syit\u00e4 voivat olla mm. vakava kiusaaminen, yksin\u00e4isyys, suuri huoli oppilaan koulunk\u00e4ynnist\u00e4 ja\/tai henkisest\u00e4 jaksamisesta, oppilashuollon ammattilaisen tai muun asiantuntijoiden luokanvaihtoa puoltavat kirjalliset lausunnot<\/p>\n<p>Kaveritoive yksin\u00e4\u00e4n ei ole erityisen painava syy.<\/p>\n<p>Oppilaita ei siirret\u00e4 luokalta toiselle ennen syyslomaa.\u00a0 Totuttelu uuteen luokkaan vie aikansa.<\/p>\n<p><strong>Koulussa kannustamme ja tuemme nuoria solmimaan uusia kaverisuhteita.<\/strong><\/p>\n<p><strong>On t\u00e4rke\u00e4\u00e4, ett\u00e4 my\u00f6s kotona toimitaan n\u00e4in.<\/strong><\/p>\n<h5><strong>TERVETULOA SYV\u00c4LAHTELAISEKSI!<\/strong><\/h5>\n<p>Syv\u00e4lahden koulu tarjoaa perusopetusta 1.-9. luokille Turun Hirvensalossa.<\/p>\n<p><img loading=\"lazy\" decoding=\"async\" class=\"wp-image-186 alignleft\" src=\"https:\/\/blog.edu.turku.fi\/syvalahti\/files\/2020\/12\/180912_vanhakakskerrantie_8_032-1024x683.jpg\" alt=\"\" width=\"478\" height=\"318\" srcset=\"https:\/\/blog.edu.turku.fi\/syvalahti\/files\/2020\/12\/180912_vanhakakskerrantie_8_032.jpg 1024w, https:\/\/blog.edu.turku.fi\/syvalahti\/files\/2020\/12\/180912_vanhakakskerrantie_8_032-300x200.jpg 300w\" sizes=\"auto, (max-width: 478px) 85vw, 478px\" \/> <img loading=\"lazy\" decoding=\"async\" class=\"wp-image-187 alignleft\" src=\"https:\/\/blog.edu.turku.fi\/syvalahti\/files\/2020\/12\/180912_vanhakakskerrantie_8_022-1024x683.jpg\" alt=\"\" width=\"479\" height=\"319\" srcset=\"https:\/\/blog.edu.turku.fi\/syvalahti\/files\/2020\/12\/180912_vanhakakskerrantie_8_022.jpg 1024w, https:\/\/blog.edu.turku.fi\/syvalahti\/files\/2020\/12\/180912_vanhakakskerrantie_8_022-300x200.jpg 300w\" sizes=\"auto, (max-width: 479px) 85vw, 479px\" \/><\/p>\n<p>&nbsp;<\/p>\n<p>&nbsp;<\/p>\n<p>&nbsp;<\/p>\n<p>&nbsp;<\/p>\n<p>&nbsp;<\/p>\n<p>&nbsp;<\/p>\n<p>&nbsp;<\/p>\n<p>&nbsp;<\/p>\n<p>&nbsp;<\/p>\n<p>&nbsp;<\/p>\n<p>&nbsp;<\/p>\n<p>&nbsp;<\/p>\n<p><img loading=\"lazy\" decoding=\"async\" class=\"alignnone wp-image-188\" src=\"https:\/\/blog.edu.turku.fi\/syvalahti\/files\/2020\/12\/180919_vanhakakskerrantie_8_018-1024x683.jpg\" alt=\"\" width=\"480\" height=\"320\" srcset=\"https:\/\/blog.edu.turku.fi\/syvalahti\/files\/2020\/12\/180919_vanhakakskerrantie_8_018.jpg 1024w, https:\/\/blog.edu.turku.fi\/syvalahti\/files\/2020\/12\/180919_vanhakakskerrantie_8_018-300x200.jpg 300w\" sizes=\"auto, (max-width: 480px) 85vw, 480px\" \/><\/p>\n","protected":false},"excerpt":{"rendered":"<p>Syv\u00e4lahden koulu on noin 650 oppilaan vuosiluokkien 1-9 yhten\u00e4iskoulu Turun Hirvensalossa. Koulun oppilasalue on Hirvensalo, Satava ja Kakskerta. Syv\u00e4lahden koulu vaalii yhdess\u00e4 tekemisen kulttuuria. Hyv\u00e4 arki Syv\u00e4lahdessa rakentuu yhteisty\u00f6t\u00e4 tekem\u00e4ll\u00e4 ja toisiltamme oppimalla. Syksyll\u00e4 2026 koulunsa aloittavien ekaluokkalaisten tutustumisp\u00e4iv\u00e4 on torstaina 7.5.2026 klo 8.30 &#8211; 10.00. Koulutulokkaiden huoltajille j\u00e4rjestet\u00e4\u00e4n samaan aikaan info-tilaisuus koulun aloituksesta ja &hellip; <a href=\"https:\/\/blog.edu.turku.fi\/syvalahti\/koulu\/\" class=\"more-link\">Jatka lukemista<span class=\"screen-reader-text\"> &#8221;Koulu&#8221;<\/span><\/a><\/p>\n","protected":false},"author":1122,"featured_media":0,"parent":0,"menu_order":0,"comment_status":"closed","ping_status":"closed","template":"","meta":{"footnotes":""},"class_list":["post-7","page","type-page","status-publish","hentry"],"_links":{"self":[{"href":"https:\/\/blog.edu.turku.fi\/syvalahti\/wp-json\/wp\/v2\/pages\/7","targetHints":{"allow":["GET"]}}],"collection":[{"href":"https:\/\/blog.edu.turku.fi\/syvalahti\/wp-json\/wp\/v2\/pages"}],"about":[{"href":"https:\/\/blog.edu.turku.fi\/syvalahti\/wp-json\/wp\/v2\/types\/page"}],"author":[{"embeddable":true,"href":"https:\/\/blog.edu.turku.fi\/syvalahti\/wp-json\/wp\/v2\/users\/1122"}],"replies":[{"embeddable":true,"href":"https:\/\/blog.edu.turku.fi\/syvalahti\/wp-json\/wp\/v2\/comments?post=7"}],"version-history":[{"count":55,"href":"https:\/\/blog.edu.turku.fi\/syvalahti\/wp-json\/wp\/v2\/pages\/7\/revisions"}],"predecessor-version":[{"id":496,"href":"https:\/\/blog.edu.turku.fi\/syvalahti\/wp-json\/wp\/v2\/pages\/7\/revisions\/496"}],"wp:attachment":[{"href":"https:\/\/blog.edu.turku.fi\/syvalahti\/wp-json\/wp\/v2\/media?parent=7"}],"curies":[{"name":"wp","href":"https:\/\/api.w.org\/{rel}","templated":true}]}}