{"id":424,"date":"2025-07-28T14:01:54","date_gmt":"2025-07-28T11:01:54","guid":{"rendered":"https:\/\/blog.edu.turku.fi\/syvalahti\/?page_id=424"},"modified":"2026-04-09T10:02:55","modified_gmt":"2026-04-09T07:02:55","slug":"syvalahden-koulu-yhteystiedot-2025-2026","status":"publish","type":"page","link":"https:\/\/blog.edu.turku.fi\/syvalahti\/syvalahden-koulu-yhteystiedot-2025-2026\/","title":{"rendered":"Syv\u00e4lahden koulun yhteystiedot 2025 &#8211; 2026"},"content":{"rendered":"<p><strong>P\u00e4ivitetty 9.4.2026<br \/>\n<\/strong>S\u00e4hk\u00f6postiosoite on etunimi.sukunimi@edu.turku.fi.<\/p>\n<p>Poikkeukset:<br \/>\ntiina-johanna.ilmanen@edu.turku.fi<br \/>\nmarko.j.koski@edu.turku.fi (rehtori)<br \/>\ntommi.j.laiho@edu.turku.fi<br \/>\nelina.m.makinen@edu.turku.fi<\/p>\n<table>\n<tbody>\n<tr>\n<td width=\"227\"><strong>Hallinto:<\/strong><\/td>\n<td width=\"226\"><\/td>\n<td width=\"227\"><\/td>\n<\/tr>\n<tr>\n<td width=\"227\">Koski Marko<\/td>\n<td width=\"226\">040\u00a0193 7352<\/td>\n<td width=\"227\">rehtori<\/td>\n<\/tr>\n<tr>\n<td width=\"227\">Holm\u00e9n Aino<\/td>\n<td width=\"226\">040\u00a0547 0597<\/td>\n<td width=\"227\">apulaisrehtori<\/td>\n<\/tr>\n<tr>\n<td width=\"227\">Paavilainen Anne<\/td>\n<td width=\"226\">040\u00a0357 5534<\/td>\n<td width=\"227\">koulusihteeri<\/td>\n<\/tr>\n<tr>\n<td colspan=\"3\" width=\"680\"><\/td>\n<\/tr>\n<tr>\n<td width=\"227\"><strong>Koulun henkil\u00f6kunta:<\/strong><\/td>\n<td width=\"226\"><\/td>\n<td width=\"227\"><\/td>\n<\/tr>\n<tr>\n<td width=\"227\">Aaltonen Jusu<\/td>\n<td width=\"226\">044\u00a0907 5175<\/td>\n<td width=\"227\">liikunta<\/td>\n<\/tr>\n<tr>\n<td width=\"227\">Aho Mirja<\/td>\n<td width=\"226\">040\u00a0193 3242<\/td>\n<td width=\"227\">kotikortteli 3 \u2013 4 lk<\/td>\n<\/tr>\n<tr>\n<td width=\"227\">Al-Amarah Radhwan<\/td>\n<td width=\"226\">040\u00a0485 8235<\/td>\n<td width=\"227\">OMO\/MAI -opetus (arabia)<\/td>\n<\/tr>\n<tr>\n<td width=\"227\">Al-Ibadi Marjukka<\/td>\n<td width=\"226\">040\u00a0486 3067<\/td>\n<td width=\"227\">islamin uskonto<\/td>\n<\/tr>\n<tr>\n<td width=\"227\">Antin Anna-Liina<\/td>\n<td width=\"226\">044\u00a0794 9976<\/td>\n<td width=\"227\">kotikortteli 1 \u2013 2 lk<\/td>\n<\/tr>\n<tr>\n<td width=\"227\">Halttunen Johanna<\/td>\n<td width=\"226\">040\u00a0486 8148<\/td>\n<td width=\"227\">ma, fy, ke<\/td>\n<\/tr>\n<tr>\n<td width=\"227\">Hannula Eva<\/td>\n<td width=\"226\">044\u00a0907 4923<\/td>\n<td width=\"227\">suomi toisena kielen\u00e4<\/td>\n<\/tr>\n<tr>\n<td width=\"227\">Haukioja Leena<\/td>\n<td width=\"226\">044\u00a0907 4081<\/td>\n<td width=\"227\">ma, fy, ke<\/td>\n<\/tr>\n<tr>\n<td width=\"227\">Heldt Milla<\/td>\n<td width=\"226\">040 358 0513<\/td>\n<td width=\"227\">ruotsi, saksa<\/td>\n<\/tr>\n<tr>\n<td width=\"227\">Himberg Eeva<\/td>\n<td width=\"226\">040\u00a0486 0890<\/td>\n<td width=\"227\">opinto-ohjaaja<\/td>\n<\/tr>\n<tr>\n<td width=\"227\">Honka Johanna<\/td>\n<td width=\"226\">040\u00a0624 9847<\/td>\n<td width=\"227\">ma, fy, ke<\/td>\n<\/tr>\n<tr>\n<td width=\"227\">Hovi Reetta<\/td>\n<td width=\"226\">040\u00a0184 2902<\/td>\n<td width=\"227\">liikunta<\/td>\n<\/tr>\n<tr>\n<td width=\"227\">Huhtala Minna<\/td>\n<td width=\"226\">040\u00a0183 0481<\/td>\n<td width=\"227\">koulunk\u00e4ynninohjaaja<\/td>\n<\/tr>\n<tr>\n<td width=\"227\">Ilmanen Tiina<\/td>\n<td width=\"226\">044\u00a0907 5381<\/td>\n<td width=\"227\">erityisopettaja, SILTA<\/td>\n<\/tr>\n<tr>\n<td width=\"227\">Jokela Sari<\/td>\n<td width=\"226\">040\u00a0485 8392<\/td>\n<td width=\"227\">koulunk\u00e4ynninohjaaja<\/td>\n<\/tr>\n<tr>\n<td width=\"227\">Juhakoski Wilhelmina<\/td>\n<td width=\"226\">040\u00a0549 0767<\/td>\n<td width=\"227\">kuvataide<\/td>\n<\/tr>\n<tr>\n<td width=\"227\">Karmakoski Heikki<\/td>\n<td width=\"226\">040\u00a0620 6170<\/td>\n<td width=\"227\">musiikki<\/td>\n<\/tr>\n<tr>\n<td width=\"227\">Kurjenlento Virpi<\/td>\n<td width=\"226\">044\u00a0907 4050<\/td>\n<td width=\"227\">kotitalous, terveystieto<\/td>\n<\/tr>\n<tr>\n<td width=\"227\">Kurth Janna<\/td>\n<td width=\"226\">040\u00a0481 3869<\/td>\n<td width=\"227\">kotikortteli 3 \u2013 4 lk<\/td>\n<\/tr>\n<tr>\n<td width=\"227\">Kyt\u00f6honka Leena<\/td>\n<td width=\"226\">040\u00a0190 5681<\/td>\n<td width=\"227\">erityisopettaja 7 \u2013 9 lk<\/td>\n<\/tr>\n<tr>\n<td width=\"227\">K\u00e4hk\u00f6l\u00e4 Satu<\/td>\n<td width=\"226\">040 358 3526<\/td>\n<td width=\"227\">englanti, saksa<\/td>\n<\/tr>\n<tr>\n<td width=\"227\">Lahti Heikki<\/td>\n<td width=\"226\">040\u00a0190 6305<\/td>\n<td width=\"227\">koulunk\u00e4ynninohjaaja<\/td>\n<\/tr>\n<tr>\n<td width=\"227\">Laiho Tommi<\/td>\n<td width=\"226\">044\u00a0907 2226<\/td>\n<td width=\"227\">ma, fy, ke<\/td>\n<\/tr>\n<tr>\n<td width=\"227\">Laine Arto<\/td>\n<td width=\"226\">040\u00a0190 5607<\/td>\n<td width=\"227\">ma, fy, ke<\/td>\n<\/tr>\n<tr>\n<td width=\"227\">Laine Kaisa<\/td>\n<td width=\"226\">040\u00a0190 7256<\/td>\n<td width=\"227\">ruotsi, saksa, terveystieto<\/td>\n<\/tr>\n<tr>\n<td width=\"227\">Lakka Minna<\/td>\n<td width=\"226\">040\u00a0193 3942<\/td>\n<td width=\"227\">biologia, maantieto<\/td>\n<\/tr>\n<tr>\n<td width=\"227\">Lehti Sasu<\/td>\n<td width=\"226\">044\u00a0907 4168<\/td>\n<td width=\"227\">koulunk\u00e4ynninohjaaja<\/td>\n<\/tr>\n<tr>\n<td width=\"227\">Lehtinen Petka<\/td>\n<td width=\"226\">040 193 2451<\/td>\n<td width=\"227\">ma, fy, ke<\/td>\n<\/tr>\n<tr>\n<td width=\"227\">Lehtovaara Milla vv<br \/>\nsij. Hilja Louhi<\/td>\n<td width=\"226\">040\u00a0190 7241<br \/>\n044 9073689<\/td>\n<td width=\"227\">koulunk\u00e4ynninohjaaja<\/td>\n<\/tr>\n<tr>\n<td width=\"227\">Lindgren Olli<\/td>\n<td width=\"226\">040\u00a0586 8385<\/td>\n<td width=\"227\">ma, fy, ke<\/td>\n<\/tr>\n<tr>\n<td width=\"227\">Lindstr\u00f6m Anna<\/td>\n<td width=\"226\">040\u00a0193 2466<\/td>\n<td width=\"227\">englanti<\/td>\n<\/tr>\n<tr>\n<td width=\"227\">Mansikkaniemi Elli<\/td>\n<td width=\"226\">040 193 2179<\/td>\n<td width=\"227\">kotikortteli 1 \u2013 2 lk<\/td>\n<\/tr>\n<tr>\n<td width=\"227\">M\u00e4kinen Elina<\/td>\n<td width=\"226\">040\u00a0193 1880<\/td>\n<td width=\"227\">suomen kieli ja kirjallisuus<\/td>\n<\/tr>\n<tr>\n<td width=\"227\">Nkegbe Abla<\/td>\n<td width=\"226\"><\/td>\n<td width=\"227\">roomalaiskatolinen uskonto<\/td>\n<\/tr>\n<tr>\n<td width=\"227\">Nystedt-Silvola Helen<\/td>\n<td width=\"226\">040\u00a0585 5188<\/td>\n<td width=\"227\">kotitalous, terveystieto<\/td>\n<\/tr>\n<tr>\n<td width=\"227\">Paaskunta Satu<\/td>\n<td width=\"226\">044 907 5116<\/td>\n<td width=\"227\">opinto-ohjaaja<\/td>\n<\/tr>\n<tr>\n<td width=\"227\">Painilainen-Soon Minna<\/td>\n<td width=\"226\">040\u00a0193 3843<\/td>\n<td width=\"227\">biologia, maantieto, terveystieto<\/td>\n<\/tr>\n<tr>\n<td width=\"227\">Rannikko Paula<\/td>\n<td width=\"226\">050 596 0514<\/td>\n<td width=\"227\">ortodoksinen uskonto<\/td>\n<\/tr>\n<tr>\n<td width=\"227\">Reko Pauliina<\/td>\n<td width=\"226\">040\u00a0193 5445<\/td>\n<td width=\"227\">kotikortteli 5 \u2013 6 lk, liikunta<\/td>\n<\/tr>\n<tr>\n<td width=\"227\">Saadat Svetlana<\/td>\n<td width=\"226\">044\u00a0907 5599<\/td>\n<td width=\"227\">OMO\/MAI (ven\u00e4j\u00e4)<\/td>\n<\/tr>\n<tr>\n<td width=\"227\">Sairanen Laura<\/td>\n<td width=\"226\">044 907 3594<\/td>\n<td width=\"227\">kotitalous<\/td>\n<\/tr>\n<tr>\n<td width=\"227\">Salonen Ilkka<\/td>\n<td width=\"226\">040\u00a0193 2860<\/td>\n<td width=\"227\">k\u00e4sity\u00f6<\/td>\n<\/tr>\n<tr>\n<td width=\"227\">Shareef Masooma<\/td>\n<td width=\"226\">040\u00a0485 4844<\/td>\n<td width=\"227\">koulunk\u00e4ynninohjaaja, SILTA<\/td>\n<\/tr>\n<tr>\n<td width=\"227\">Siimes-Laur\u00e9n Sari<\/td>\n<td width=\"226\">040\u00a0193 2768<\/td>\n<td width=\"227\">suomen kieli ja kirjallisuus<\/td>\n<\/tr>\n<tr>\n<td width=\"227\">Siivonen Minna<\/td>\n<td width=\"226\">040\u00a0198 4898<\/td>\n<td width=\"227\">k\u00e4sity\u00f6<\/td>\n<\/tr>\n<tr>\n<td width=\"227\">Silander Heidi<\/td>\n<td width=\"226\">040\u00a0198 5459<\/td>\n<td width=\"227\">ruotsi, saksa<\/td>\n<\/tr>\n<tr>\n<td width=\"227\">Terho Lotta<\/td>\n<td width=\"226\">044\u00a0907 4398<\/td>\n<td width=\"227\">erityisopettaja, 7 \u2013 9 lk<\/td>\n<\/tr>\n<tr>\n<td width=\"227\">Tiltti Heidi<\/td>\n<td width=\"226\">040\u00a0193 2931<\/td>\n<td width=\"227\">englanti, espanja<\/td>\n<\/tr>\n<tr>\n<td width=\"227\">Toivo Marja<\/td>\n<td width=\"226\">044\u00a0907 4380<\/td>\n<td width=\"227\">erityisopettaja, 1 \u2013 6 lk<\/td>\n<\/tr>\n<tr>\n<td width=\"227\">Tranberg Veli-Matti<\/td>\n<td width=\"226\">040\u00a0359 3892<\/td>\n<td width=\"227\">liikunta<\/td>\n<\/tr>\n<tr>\n<td width=\"227\">Tuomikoski Mari<\/td>\n<td width=\"226\">040\u00a0172 9583<\/td>\n<td width=\"227\">suomen kieli ja kirjallisuus<\/td>\n<\/tr>\n<tr>\n<td width=\"227\">Vainio Ulla<\/td>\n<td width=\"226\">040 141 6422<\/td>\n<td width=\"227\">kotikortteli 3 \u2013 4 lk<\/td>\n<\/tr>\n<tr>\n<td width=\"227\">Valtonen Janne<\/td>\n<td width=\"226\">040\u00a0480 1638<\/td>\n<td width=\"227\">historia, yhteiskuntaoppi<\/td>\n<\/tr>\n<tr>\n<td width=\"227\">Vanhatalo Jaakko<\/td>\n<td width=\"226\">044\u00a0907 5131<\/td>\n<td width=\"227\">evl uskonto, et<\/td>\n<\/tr>\n<tr>\n<td width=\"227\">Vehosmaa Aapeli<\/td>\n<td width=\"226\">044 907 3566<\/td>\n<td width=\"227\">kotikortteli 5 \u2013 6 lk, liikunta<\/td>\n<\/tr>\n<tr>\n<td width=\"227\">Viitaniemi-Merimaa Suvi<\/td>\n<td width=\"226\">040\u00a0631 8936<\/td>\n<td width=\"227\">kotikortteli 5 \u2013 6 lk<\/td>\n<\/tr>\n<tr>\n<td width=\"227\">Ylijoki Markus<\/td>\n<td width=\"226\">040\u00a0190 4986<\/td>\n<td width=\"227\">historia, yhteiskuntaoppi<\/td>\n<\/tr>\n<tr>\n<td colspan=\"3\" width=\"680\"><\/td>\n<\/tr>\n<tr>\n<td width=\"227\"><strong>Muu henkil\u00f6kunta:<\/strong><\/td>\n<td width=\"226\"><\/td>\n<td width=\"227\"><\/td>\n<\/tr>\n<tr>\n<td width=\"227\">Sinisalo Jessica<\/td>\n<td width=\"226\">040 572 1812<\/td>\n<td width=\"227\">kouluterveydenhoitaja 1 \u2013 6 lk<\/td>\n<\/tr>\n<tr>\n<td width=\"227\">Tanninen Annina<\/td>\n<td width=\"226\">040\u00a0536 9549<\/td>\n<td width=\"227\">kouluterveydenhoitaja 7 \u2013 9 lk<\/td>\n<\/tr>\n<tr>\n<td width=\"227\">Kangasniemi Tea<\/td>\n<td width=\"226\">040\u00a0184 0659<\/td>\n<td width=\"227\">koulukuraattori<\/td>\n<\/tr>\n<tr>\n<td width=\"227\">Lampinen Jasmina<\/td>\n<td width=\"226\">040\u00a0574 9034<\/td>\n<td width=\"227\">koulupsykologi<\/td>\n<\/tr>\n<tr>\n<td width=\"227\"><\/td>\n<td width=\"226\"><\/td>\n<td width=\"227\">psyk. sairaanhoitaja 7 &#8211; 9 lk<\/td>\n<\/tr>\n<tr>\n<td width=\"227\">Siira Salla-Miisa<\/td>\n<td width=\"226\">044\u00a0907 5543<\/td>\n<td width=\"227\">psyk. sairaanhoitaja 1 \u2013 6 lk<\/td>\n<\/tr>\n<tr>\n<td width=\"227\">Kivikoski Oscar<\/td>\n<td width=\"226\">044\u00a0770 3298<\/td>\n<td width=\"227\">koulunuorisoty\u00f6ntekij\u00e4<\/td>\n<\/tr>\n<tr>\n<td width=\"227\">Tuominen Mervi<\/td>\n<td width=\"226\">040\u00a0660 7998<\/td>\n<td width=\"227\">keitti\u00f6n palveluvastaava<\/td>\n<\/tr>\n<tr>\n<td width=\"227\">Ala-Salom\u00e4ki Henri<\/td>\n<td width=\"226\">050\u00a0431 0286<\/td>\n<td width=\"227\">kiinteist\u00f6huoltomies<\/td>\n<\/tr>\n<tr>\n<td width=\"227\">Parkkinen Petri<\/td>\n<td width=\"226\">044\u00a0704 8589<\/td>\n<td width=\"227\">pehtori\/palvelukoordinaattori<\/td>\n<\/tr>\n<\/tbody>\n<\/table>\n<p>&nbsp;<\/p>\n","protected":false},"excerpt":{"rendered":"<p>P\u00e4ivitetty 9.4.2026 S\u00e4hk\u00f6postiosoite on etunimi.sukunimi@edu.turku.fi. Poikkeukset: tiina-johanna.ilmanen@edu.turku.fi marko.j.koski@edu.turku.fi (rehtori) tommi.j.laiho@edu.turku.fi elina.m.makinen@edu.turku.fi Hallinto: Koski Marko 040\u00a0193 7352 rehtori Holm\u00e9n Aino 040\u00a0547 0597 apulaisrehtori Paavilainen Anne 040\u00a0357 5534 koulusihteeri Koulun henkil\u00f6kunta: Aaltonen Jusu 044\u00a0907 5175 liikunta Aho Mirja 040\u00a0193 3242 kotikortteli 3 \u2013 4 lk Al-Amarah Radhwan 040\u00a0485 8235 OMO\/MAI -opetus (arabia) Al-Ibadi Marjukka 040\u00a0486 3067 islamin &hellip; <a href=\"https:\/\/blog.edu.turku.fi\/syvalahti\/syvalahden-koulu-yhteystiedot-2025-2026\/\" class=\"more-link\">Jatka lukemista<span class=\"screen-reader-text\"> &#8221;Syv\u00e4lahden koulun yhteystiedot 2025 &#8211; 2026&#8221;<\/span><\/a><\/p>\n","protected":false},"author":178,"featured_media":0,"parent":0,"menu_order":0,"comment_status":"closed","ping_status":"closed","template":"","meta":{"footnotes":""},"class_list":["post-424","page","type-page","status-publish","hentry"],"_links":{"self":[{"href":"https:\/\/blog.edu.turku.fi\/syvalahti\/wp-json\/wp\/v2\/pages\/424","targetHints":{"allow":["GET"]}}],"collection":[{"href":"https:\/\/blog.edu.turku.fi\/syvalahti\/wp-json\/wp\/v2\/pages"}],"about":[{"href":"https:\/\/blog.edu.turku.fi\/syvalahti\/wp-json\/wp\/v2\/types\/page"}],"author":[{"embeddable":true,"href":"https:\/\/blog.edu.turku.fi\/syvalahti\/wp-json\/wp\/v2\/users\/178"}],"replies":[{"embeddable":true,"href":"https:\/\/blog.edu.turku.fi\/syvalahti\/wp-json\/wp\/v2\/comments?post=424"}],"version-history":[{"count":18,"href":"https:\/\/blog.edu.turku.fi\/syvalahti\/wp-json\/wp\/v2\/pages\/424\/revisions"}],"predecessor-version":[{"id":497,"href":"https:\/\/blog.edu.turku.fi\/syvalahti\/wp-json\/wp\/v2\/pages\/424\/revisions\/497"}],"wp:attachment":[{"href":"https:\/\/blog.edu.turku.fi\/syvalahti\/wp-json\/wp\/v2\/media?parent=424"}],"curies":[{"name":"wp","href":"https:\/\/api.w.org\/{rel}","templated":true}]}}