{"id":41,"date":"2019-11-26T09:18:59","date_gmt":"2019-11-26T07:18:59","guid":{"rendered":"https:\/\/blog.edu.turku.fi\/syvalahti\/?page_id=41"},"modified":"2025-07-29T09:45:44","modified_gmt":"2025-07-29T06:45:44","slug":"etusivu","status":"publish","type":"page","link":"https:\/\/blog.edu.turku.fi\/syvalahti\/","title":{"rendered":"Etusivu"},"content":{"rendered":"<p>Syv\u00e4lahden monitoimitalo tarjoaa nimens\u00e4 mukaisesti laajat palvelut Turun Hirvensalossa. Monitoimitalossa on tilat Syv\u00e4lahden p\u00e4iv\u00e4kodille, koululle, opiskeluhuollolle, neuvolalle, nuorisolle, liikunnalle ja Hirvensalon kirjastolle. Syv\u00e4lahden monitoimitalo vaalii yhdess\u00e4 tekemisen kulttuuria.<\/p>\n<p><a href=\"https:\/\/blog.edu.turku.fi\/syvalahtiprojekti\/\">Monitoimitalon historiaa<\/a><\/p>\n<p><a href=\"https:\/\/www.youtube.com\/watch?v=o3leyv1OrEU\">Monitoimitalon esittelyvideo<\/a><\/p>\n<p><a href=\"https:\/\/blog.edu.turku.fi\/syvalahti\/etusivu\/vierailut-syvalahden-monitoimitalossa\/\">Tutustumisvierailut<\/a><\/p>\n<p><a href=\"https:\/\/kouluvaarimauri.blogspot.com\/\">Kouluvaarin blogi<\/a><\/p>\n<p><a href=\"https:\/\/www.youtube.com\/watch?v=Ysh1ArXDeUc\">Video: Syv\u00e4lahti 2022<\/a><\/p>\n<p><strong>\u00a0<\/strong><\/p>\n<p>&nbsp;<\/p>\n<p>&nbsp;<\/p>\n<p>&nbsp;<\/p>\n","protected":false},"excerpt":{"rendered":"<p>Syv\u00e4lahden monitoimitalo tarjoaa nimens\u00e4 mukaisesti laajat palvelut Turun Hirvensalossa. Monitoimitalossa on tilat Syv\u00e4lahden p\u00e4iv\u00e4kodille, koululle, opiskeluhuollolle, neuvolalle, nuorisolle, liikunnalle ja Hirvensalon kirjastolle. Syv\u00e4lahden monitoimitalo vaalii yhdess\u00e4 tekemisen kulttuuria. Monitoimitalon historiaa Monitoimitalon esittelyvideo Tutustumisvierailut Kouluvaarin blogi Video: Syv\u00e4lahti 2022 \u00a0 &nbsp; &nbsp; &nbsp;<\/p>\n","protected":false},"author":9,"featured_media":0,"parent":0,"menu_order":0,"comment_status":"closed","ping_status":"closed","template":"","meta":{"footnotes":""},"class_list":["post-41","page","type-page","status-publish","hentry"],"_links":{"self":[{"href":"https:\/\/blog.edu.turku.fi\/syvalahti\/wp-json\/wp\/v2\/pages\/41","targetHints":{"allow":["GET"]}}],"collection":[{"href":"https:\/\/blog.edu.turku.fi\/syvalahti\/wp-json\/wp\/v2\/pages"}],"about":[{"href":"https:\/\/blog.edu.turku.fi\/syvalahti\/wp-json\/wp\/v2\/types\/page"}],"author":[{"embeddable":true,"href":"https:\/\/blog.edu.turku.fi\/syvalahti\/wp-json\/wp\/v2\/users\/9"}],"replies":[{"embeddable":true,"href":"https:\/\/blog.edu.turku.fi\/syvalahti\/wp-json\/wp\/v2\/comments?post=41"}],"version-history":[{"count":31,"href":"https:\/\/blog.edu.turku.fi\/syvalahti\/wp-json\/wp\/v2\/pages\/41\/revisions"}],"predecessor-version":[{"id":448,"href":"https:\/\/blog.edu.turku.fi\/syvalahti\/wp-json\/wp\/v2\/pages\/41\/revisions\/448"}],"wp:attachment":[{"href":"https:\/\/blog.edu.turku.fi\/syvalahti\/wp-json\/wp\/v2\/media?parent=41"}],"curies":[{"name":"wp","href":"https:\/\/api.w.org\/{rel}","templated":true}]}}