{"id":36,"date":"2019-11-26T09:06:26","date_gmt":"2019-11-26T07:06:26","guid":{"rendered":"https:\/\/blog.edu.turku.fi\/syvalahti\/?page_id=36"},"modified":"2025-07-29T10:14:42","modified_gmt":"2025-07-29T07:14:42","slug":"vanhempainyhdistys","status":"publish","type":"page","link":"https:\/\/blog.edu.turku.fi\/syvalahti\/vanhempainyhdistys\/","title":{"rendered":"Vanhempainyhdistys"},"content":{"rendered":"<p>Syv\u00e4lahden Vanhemmat on koulun ja p\u00e4iv\u00e4kodin yhteinen vanhempainyhdistys. Toimimme aktiivisesti monin eri tavoin p\u00e4\u00e4m\u00e4\u00e4r\u00e4n\u00e4mme edist\u00e4\u00e4 lasten, nuorten sek\u00e4 kasvatusyhteis\u00f6n monipuolista hyvinvointia, vuorovaikutusta sek\u00e4 yhteisty\u00f6t\u00e4. Tule mukaan!<\/p>\n<p><a href=\"https:\/\/syvalahdenvanhemmat.fi\/\">Syv\u00e4lahden vanhemmat<\/a><\/p>\n<p>&nbsp;<\/p>\n<p>&nbsp;<\/p>\n","protected":false},"excerpt":{"rendered":"<p>Syv\u00e4lahden Vanhemmat on koulun ja p\u00e4iv\u00e4kodin yhteinen vanhempainyhdistys. Toimimme aktiivisesti monin eri tavoin p\u00e4\u00e4m\u00e4\u00e4r\u00e4n\u00e4mme edist\u00e4\u00e4 lasten, nuorten sek\u00e4 kasvatusyhteis\u00f6n monipuolista hyvinvointia, vuorovaikutusta sek\u00e4 yhteisty\u00f6t\u00e4. Tule mukaan! Syv\u00e4lahden vanhemmat &nbsp; &nbsp;<\/p>\n","protected":false},"author":1122,"featured_media":0,"parent":0,"menu_order":0,"comment_status":"closed","ping_status":"closed","template":"","meta":{"footnotes":""},"class_list":["post-36","page","type-page","status-publish","hentry"],"_links":{"self":[{"href":"https:\/\/blog.edu.turku.fi\/syvalahti\/wp-json\/wp\/v2\/pages\/36","targetHints":{"allow":["GET"]}}],"collection":[{"href":"https:\/\/blog.edu.turku.fi\/syvalahti\/wp-json\/wp\/v2\/pages"}],"about":[{"href":"https:\/\/blog.edu.turku.fi\/syvalahti\/wp-json\/wp\/v2\/types\/page"}],"author":[{"embeddable":true,"href":"https:\/\/blog.edu.turku.fi\/syvalahti\/wp-json\/wp\/v2\/users\/1122"}],"replies":[{"embeddable":true,"href":"https:\/\/blog.edu.turku.fi\/syvalahti\/wp-json\/wp\/v2\/comments?post=36"}],"version-history":[{"count":7,"href":"https:\/\/blog.edu.turku.fi\/syvalahti\/wp-json\/wp\/v2\/pages\/36\/revisions"}],"predecessor-version":[{"id":454,"href":"https:\/\/blog.edu.turku.fi\/syvalahti\/wp-json\/wp\/v2\/pages\/36\/revisions\/454"}],"wp:attachment":[{"href":"https:\/\/blog.edu.turku.fi\/syvalahti\/wp-json\/wp\/v2\/media?parent=36"}],"curies":[{"name":"wp","href":"https:\/\/api.w.org\/{rel}","templated":true}]}}