{"id":13,"date":"2019-11-26T08:50:56","date_gmt":"2019-11-26T06:50:56","guid":{"rendered":"https:\/\/blog.edu.turku.fi\/syvalahti\/?page_id=13"},"modified":"2025-07-30T08:28:18","modified_gmt":"2025-07-30T05:28:18","slug":"nuorisotila","status":"publish","type":"page","link":"https:\/\/blog.edu.turku.fi\/syvalahti\/nuorisotila\/","title":{"rendered":"Nuorisotila"},"content":{"rendered":"<p>Nuorisotila on nuorten oma paikka.\u00a0 Siell\u00e4 on mahdollisuus pelailuun, yhdess\u00e4 tekemiseen ja omien ideoiden toteuttamiseen. Ohjaajina nuorisotiloissa toimivat koulutetut nuorisoty\u00f6ntekij\u00e4t. Tarvitset nuorisokortin, ett\u00e4 voit osallistua toimintaan. Kortti on ilmainen. Kortin voit hankkia mist\u00e4 tahansa nuorisotilasta.<\/p>\n<p>p. 040 189 5537<\/p>\n<p><a href=\"https:\/\/www.turku.fi\/toimipaikat\/syvalahden-nuorisotila#service-channel-contacts-section\">Lis\u00e4tietoa nuorisotilan toiminnasta<\/a><\/p>\n","protected":false},"excerpt":{"rendered":"<p>Nuorisotila on nuorten oma paikka.\u00a0 Siell\u00e4 on mahdollisuus pelailuun, yhdess\u00e4 tekemiseen ja omien ideoiden toteuttamiseen. Ohjaajina nuorisotiloissa toimivat koulutetut nuorisoty\u00f6ntekij\u00e4t. Tarvitset nuorisokortin, ett\u00e4 voit osallistua toimintaan. Kortti on ilmainen. Kortin voit hankkia mist\u00e4 tahansa nuorisotilasta. p. 040 189 5537 Lis\u00e4tietoa nuorisotilan toiminnasta<\/p>\n","protected":false},"author":1122,"featured_media":0,"parent":0,"menu_order":0,"comment_status":"closed","ping_status":"closed","template":"","meta":{"footnotes":""},"class_list":["post-13","page","type-page","status-publish","hentry"],"_links":{"self":[{"href":"https:\/\/blog.edu.turku.fi\/syvalahti\/wp-json\/wp\/v2\/pages\/13","targetHints":{"allow":["GET"]}}],"collection":[{"href":"https:\/\/blog.edu.turku.fi\/syvalahti\/wp-json\/wp\/v2\/pages"}],"about":[{"href":"https:\/\/blog.edu.turku.fi\/syvalahti\/wp-json\/wp\/v2\/types\/page"}],"author":[{"embeddable":true,"href":"https:\/\/blog.edu.turku.fi\/syvalahti\/wp-json\/wp\/v2\/users\/1122"}],"replies":[{"embeddable":true,"href":"https:\/\/blog.edu.turku.fi\/syvalahti\/wp-json\/wp\/v2\/comments?post=13"}],"version-history":[{"count":17,"href":"https:\/\/blog.edu.turku.fi\/syvalahti\/wp-json\/wp\/v2\/pages\/13\/revisions"}],"predecessor-version":[{"id":471,"href":"https:\/\/blog.edu.turku.fi\/syvalahti\/wp-json\/wp\/v2\/pages\/13\/revisions\/471"}],"wp:attachment":[{"href":"https:\/\/blog.edu.turku.fi\/syvalahti\/wp-json\/wp\/v2\/media?parent=13"}],"curies":[{"name":"wp","href":"https:\/\/api.w.org\/{rel}","templated":true}]}}