{"id":122,"date":"2019-11-26T12:37:50","date_gmt":"2019-11-26T10:37:50","guid":{"rendered":"https:\/\/blog.edu.turku.fi\/syvalahti\/?page_id=122"},"modified":"2025-07-29T10:09:53","modified_gmt":"2025-07-29T07:09:53","slug":"aamu-ja-iltapaivatoiminta","status":"publish","type":"page","link":"https:\/\/blog.edu.turku.fi\/syvalahti\/aamu-ja-iltapaivatoiminta\/","title":{"rendered":"Aamu- ja iltap\u00e4iv\u00e4toiminta"},"content":{"rendered":"<div>\n<p class=\"x_MsoNormal\"><strong>Iltap\u00e4iv\u00e4toiminta<\/strong><\/p>\n<p class=\"x_MsoNormal\">TPS Juniorij\u00e4\u00e4kiekko ry j\u00e4rjest\u00e4\u00e4 iltap\u00e4iv\u00e4toimintaa Syv\u00e4lahden monitoimitalolla Hirvensalossa.<\/p>\n<p class=\"x_MsoNormal\">Iltap\u00e4iv\u00e4toiminta on tarkoitettu perusopetuksen 1. ja 2. vuosiluokkien oppilaille sek\u00e4 muiden vuosiluokkien erityisen tuen oppilaille.<\/p>\n<p class=\"x_MsoNormal\">p.\u00a0 040 085 3270 (arkisin koulun ty\u00f6vuoden aikana klo 11\u201317)<\/p>\n<p class=\"x_MsoNormal\">s-posti:\u00a0<span id=\"0.9990091239295107\" class=\"highlight\">ippe<\/span>@tpsjuniorit.fi<\/p>\n<p>&nbsp;<\/p>\n<\/div>\n<p>&nbsp;<\/p>\n<div class=\"widget-container\">\n<div id=\"widget-p73kfxDhbt0EoDXNlWO2\" class=\"widget widget-text\">\n<div>\n<p><img loading=\"lazy\" decoding=\"async\" class=\"alignnone wp-image-179\" src=\"https:\/\/blog.edu.turku.fi\/syvalahti\/files\/2020\/12\/180912_vanhakakskerrantie_8_030-1024x683.jpg\" alt=\"\" width=\"500\" height=\"333\" srcset=\"https:\/\/blog.edu.turku.fi\/syvalahti\/files\/2020\/12\/180912_vanhakakskerrantie_8_030.jpg 1024w, https:\/\/blog.edu.turku.fi\/syvalahti\/files\/2020\/12\/180912_vanhakakskerrantie_8_030-300x200.jpg 300w\" sizes=\"auto, (max-width: 500px) 85vw, 500px\" \/><\/p>\n<\/div>\n<\/div>\n<\/div>\n<p>&nbsp;<\/p>\n","protected":false},"excerpt":{"rendered":"<p>Iltap\u00e4iv\u00e4toiminta TPS Juniorij\u00e4\u00e4kiekko ry j\u00e4rjest\u00e4\u00e4 iltap\u00e4iv\u00e4toimintaa Syv\u00e4lahden monitoimitalolla Hirvensalossa. Iltap\u00e4iv\u00e4toiminta on tarkoitettu perusopetuksen 1. ja 2. vuosiluokkien oppilaille sek\u00e4 muiden vuosiluokkien erityisen tuen oppilaille. p.\u00a0 040 085 3270 (arkisin koulun ty\u00f6vuoden aikana klo 11\u201317) s-posti:\u00a0ippe@tpsjuniorit.fi &nbsp; &nbsp; &nbsp;<\/p>\n","protected":false},"author":1122,"featured_media":0,"parent":0,"menu_order":0,"comment_status":"closed","ping_status":"closed","template":"","meta":{"footnotes":""},"class_list":["post-122","page","type-page","status-publish","hentry"],"_links":{"self":[{"href":"https:\/\/blog.edu.turku.fi\/syvalahti\/wp-json\/wp\/v2\/pages\/122","targetHints":{"allow":["GET"]}}],"collection":[{"href":"https:\/\/blog.edu.turku.fi\/syvalahti\/wp-json\/wp\/v2\/pages"}],"about":[{"href":"https:\/\/blog.edu.turku.fi\/syvalahti\/wp-json\/wp\/v2\/types\/page"}],"author":[{"embeddable":true,"href":"https:\/\/blog.edu.turku.fi\/syvalahti\/wp-json\/wp\/v2\/users\/1122"}],"replies":[{"embeddable":true,"href":"https:\/\/blog.edu.turku.fi\/syvalahti\/wp-json\/wp\/v2\/comments?post=122"}],"version-history":[{"count":11,"href":"https:\/\/blog.edu.turku.fi\/syvalahti\/wp-json\/wp\/v2\/pages\/122\/revisions"}],"predecessor-version":[{"id":453,"href":"https:\/\/blog.edu.turku.fi\/syvalahti\/wp-json\/wp\/v2\/pages\/122\/revisions\/453"}],"wp:attachment":[{"href":"https:\/\/blog.edu.turku.fi\/syvalahti\/wp-json\/wp\/v2\/media?parent=122"}],"curies":[{"name":"wp","href":"https:\/\/api.w.org\/{rel}","templated":true}]}}