{"id":79,"date":"2019-05-15T11:17:58","date_gmt":"2019-05-15T08:17:58","guid":{"rendered":"https:\/\/blog.edu.turku.fi\/syvalahdenphy\/?page_id=79"},"modified":"2025-08-26T11:21:35","modified_gmt":"2025-08-26T08:21:35","slug":"ryhmien-puhelinnumerot","status":"publish","type":"page","link":"https:\/\/blog.edu.turku.fi\/syvalahdenpk\/ryhmien-puhelinnumerot\/","title":{"rendered":"Ryhmien puhelinnumerot"},"content":{"rendered":"<p>Liplatukset 0406304787<br \/>\nLoiskahdukset 0401976535<\/p>\n<p>Py\u00f6rteet 0403564827<br \/>\nP\u00e4rsk\u00e4hdykset 0406482417<\/p>\n<p>Solinat 0401933404<br \/>\nMainingit 0406650482<\/p>\n<p>Tyrskyt 0406375014<br \/>\nVaahtop\u00e4\u00e4t 0405851405<\/p>\n<p><span data-olk-copy-source=\"MessageBody\">Pajunkissat (esiopetus, Ylikyl\u00e4) 0503967021<br \/>\nTammenterhot (esiopetus, Ylikyl\u00e4) 0401708305<br \/>\n<\/span><\/p>\n","protected":false},"excerpt":{"rendered":"<p>Liplatukset 0406304787 Loiskahdukset 0401976535 Py\u00f6rteet 0403564827 P\u00e4rsk\u00e4hdykset 0406482417 Solinat 0401933404 Mainingit 0406650482 Tyrskyt 0406375014 Vaahtop\u00e4\u00e4t 0405851405 Pajunkissat (esiopetus, Ylikyl\u00e4) 0503967021 Tammenterhot (esiopetus, Ylikyl\u00e4) 0401708305<\/p>\n","protected":false},"author":2686,"featured_media":0,"parent":0,"menu_order":0,"comment_status":"closed","ping_status":"closed","template":"","meta":{"footnotes":""},"class_list":["post-79","page","type-page","status-publish","hentry"],"_links":{"self":[{"href":"https:\/\/blog.edu.turku.fi\/syvalahdenpk\/wp-json\/wp\/v2\/pages\/79","targetHints":{"allow":["GET"]}}],"collection":[{"href":"https:\/\/blog.edu.turku.fi\/syvalahdenpk\/wp-json\/wp\/v2\/pages"}],"about":[{"href":"https:\/\/blog.edu.turku.fi\/syvalahdenpk\/wp-json\/wp\/v2\/types\/page"}],"author":[{"embeddable":true,"href":"https:\/\/blog.edu.turku.fi\/syvalahdenpk\/wp-json\/wp\/v2\/users\/2686"}],"replies":[{"embeddable":true,"href":"https:\/\/blog.edu.turku.fi\/syvalahdenpk\/wp-json\/wp\/v2\/comments?post=79"}],"version-history":[{"count":6,"href":"https:\/\/blog.edu.turku.fi\/syvalahdenpk\/wp-json\/wp\/v2\/pages\/79\/revisions"}],"predecessor-version":[{"id":203,"href":"https:\/\/blog.edu.turku.fi\/syvalahdenpk\/wp-json\/wp\/v2\/pages\/79\/revisions\/203"}],"wp:attachment":[{"href":"https:\/\/blog.edu.turku.fi\/syvalahdenpk\/wp-json\/wp\/v2\/media?parent=79"}],"curies":[{"name":"wp","href":"https:\/\/api.w.org\/{rel}","templated":true}]}}