{"id":28,"date":"2019-05-15T10:33:28","date_gmt":"2019-05-15T07:33:28","guid":{"rendered":"https:\/\/blog.edu.turku.fi\/syvalahdenphy\/?page_id=28"},"modified":"2025-08-26T11:09:00","modified_gmt":"2025-08-26T08:09:00","slug":"sairastapaukset","status":"publish","type":"page","link":"https:\/\/blog.edu.turku.fi\/syvalahdenpk\/sairastapaukset\/","title":{"rendered":"Sairastapaukset"},"content":{"rendered":"<p>Mik\u00e4li lapsellesi sattuu tapaturma p\u00e4iv\u00e4n aikana, annamme h\u00e4nelle tarvittavan ensiavun. Jos tilanne vaatii, viemme h\u00e4net l\u00e4himm\u00e4lle terveysasemalle ja otamme yhteyden jompaankumpaan vanhempaan. Hammastapaturman sattuessa otamme yhteyden terveystoimen hammashoitolaan. Liev\u00e4t silm\u00e4tapaturmat hoitaa terveyskeskusl\u00e4\u00e4k\u00e4ri, joka kirjoittaa tarvittaessa l\u00e4hetteen jatkohoitoon. Vakavammat silm\u00e4tapaturmat hoidetaan suoraan TYKS:ss\u00e4.<\/p>\n<p>Tapaturman sattuessa lapselle annetaan p\u00e4iv\u00e4kodista hoitolaitosta varten lomake: Ilmoitus tapaturmasta p\u00e4ivystykseen tai hammashoitolaan. T\u00e4m\u00e4 lomake j\u00e4tet\u00e4\u00e4n t\u00e4ytettyn\u00e4 hoitolaitokseen, joka l\u00e4hett\u00e4\u00e4 laskun suoraan lapsen vanhemmalle. Vanhempi\/huoltaja maksaa ensin itse laskun ja hakee sen j\u00e4lkeen korvausta IF-vakuutusyhti\u00f6lt\u00e4. Turun kaupunki korvaa tapaturmasta aiheutuneet kulut julkisen terveydenhuollon kustannusten mukaisesti.<\/p>\n<p>Korvaushakemus tehd\u00e4\u00e4n kirjallisesti mieluiten s\u00e4hk\u00f6postitse osoitteeseen personalclaims@if.fi tai postiosoitteeseen IF Oy, PL 2026, 20025 IF. Laskuja ei tarvitse l\u00e4hett\u00e4\u00e4 If:iin, mutta ne on hyv\u00e4 s\u00e4ilytt\u00e4\u00e4 jonkin aikaa. Korvaushakemukseen\/s\u00e4hk\u00f6postiviestiin laitetaan seuraavat tiedot:<\/p>\n<p>lapsen nimi sotu ilman loppuosaa tilinumero ja henkil\u00f6n nimi, jolle korvaus maksetaan luettelo maksetuista laskuista eurom\u00e4\u00e4rineen (l\u00e4\u00e4k\u00e4rik\u00e4ynti, mahdolliset l\u00e4\u00e4kkeet ym.)<\/p>\n<p>Lapsen sairastuessa p\u00e4iv\u00e4hoitop\u00e4iv\u00e4n aikana otamme yhteyden vanhempaan\/huoltajaan ja annamme lapselle tarvittavan hoidon ja mahdollisuuden lepoon.<\/p>\n","protected":false},"excerpt":{"rendered":"<p>Mik\u00e4li lapsellesi sattuu tapaturma p\u00e4iv\u00e4n aikana, annamme h\u00e4nelle tarvittavan ensiavun. Jos tilanne vaatii, viemme h\u00e4net l\u00e4himm\u00e4lle terveysasemalle ja otamme yhteyden jompaankumpaan vanhempaan. Hammastapaturman sattuessa otamme yhteyden terveystoimen hammashoitolaan. Liev\u00e4t silm\u00e4tapaturmat hoitaa terveyskeskusl\u00e4\u00e4k\u00e4ri, joka kirjoittaa tarvittaessa l\u00e4hetteen jatkohoitoon. Vakavammat silm\u00e4tapaturmat hoidetaan suoraan TYKS:ss\u00e4. Tapaturman sattuessa lapselle annetaan p\u00e4iv\u00e4kodista hoitolaitosta varten lomake: Ilmoitus tapaturmasta p\u00e4ivystykseen tai hammashoitolaan. &hellip; <a href=\"https:\/\/blog.edu.turku.fi\/syvalahdenpk\/sairastapaukset\/\" class=\"more-link\">Jatka lukemista<span class=\"screen-reader-text\"> &#8221;Sairastapaukset&#8221;<\/span><\/a><\/p>\n","protected":false},"author":2686,"featured_media":0,"parent":0,"menu_order":0,"comment_status":"closed","ping_status":"closed","template":"","meta":{"footnotes":""},"class_list":["post-28","page","type-page","status-publish","hentry"],"_links":{"self":[{"href":"https:\/\/blog.edu.turku.fi\/syvalahdenpk\/wp-json\/wp\/v2\/pages\/28","targetHints":{"allow":["GET"]}}],"collection":[{"href":"https:\/\/blog.edu.turku.fi\/syvalahdenpk\/wp-json\/wp\/v2\/pages"}],"about":[{"href":"https:\/\/blog.edu.turku.fi\/syvalahdenpk\/wp-json\/wp\/v2\/types\/page"}],"author":[{"embeddable":true,"href":"https:\/\/blog.edu.turku.fi\/syvalahdenpk\/wp-json\/wp\/v2\/users\/2686"}],"replies":[{"embeddable":true,"href":"https:\/\/blog.edu.turku.fi\/syvalahdenpk\/wp-json\/wp\/v2\/comments?post=28"}],"version-history":[{"count":3,"href":"https:\/\/blog.edu.turku.fi\/syvalahdenpk\/wp-json\/wp\/v2\/pages\/28\/revisions"}],"predecessor-version":[{"id":190,"href":"https:\/\/blog.edu.turku.fi\/syvalahdenpk\/wp-json\/wp\/v2\/pages\/28\/revisions\/190"}],"wp:attachment":[{"href":"https:\/\/blog.edu.turku.fi\/syvalahdenpk\/wp-json\/wp\/v2\/media?parent=28"}],"curies":[{"name":"wp","href":"https:\/\/api.w.org\/{rel}","templated":true}]}}