{"id":27,"date":"2019-05-15T10:33:28","date_gmt":"2019-05-15T07:33:28","guid":{"rendered":"https:\/\/blog.edu.turku.fi\/syvalahdenphy\/?page_id=27"},"modified":"2019-05-15T13:53:11","modified_gmt":"2019-05-15T10:53:11","slug":"arki","status":"publish","type":"page","link":"https:\/\/blog.edu.turku.fi\/syvalahdenpk\/arki\/","title":{"rendered":"Arki"},"content":{"rendered":"<p>P\u00e4iv\u00e4hoitoyksikk\u00f6mme toiminta-aika on ma-pe klo 6.30 -17.00. <\/p>\n<p>Hoitosuunnitelmassa sovitaan lapsen hoitoaika. Mik\u00e4li se tilap\u00e4isesti muuttuu tai ylitt\u00e4\u00e4 p\u00e4iv\u00e4hoitoyksik\u00f6n tavanomaisen toiminta-ajan, on siit\u00e4 sovittava etuk\u00e4teen lapsen ryhm\u00e4n henkil\u00f6kunnan kanssa. <\/p>\n<p>Aamuisin kokoonnumme alakerran Py\u00f6rteet &amp; P\u00e4rsk\u00e4hdykset kotipes\u00e4\u00e4n klo 7.15 asti, jonka j\u00e4lkeen siirrymme omiin kotipesiimme.<\/p>\n","protected":false},"excerpt":{"rendered":"<p>P\u00e4iv\u00e4hoitoyksikk\u00f6mme toiminta-aika on ma-pe klo 6.30 -17.00. Hoitosuunnitelmassa sovitaan lapsen hoitoaika. Mik\u00e4li se tilap\u00e4isesti muuttuu tai ylitt\u00e4\u00e4 p\u00e4iv\u00e4hoitoyksik\u00f6n tavanomaisen toiminta-ajan, on siit\u00e4 sovittava etuk\u00e4teen lapsen ryhm\u00e4n henkil\u00f6kunnan kanssa. Aamuisin kokoonnumme alakerran Py\u00f6rteet &amp; P\u00e4rsk\u00e4hdykset kotipes\u00e4\u00e4n klo 7.15 asti, jonka j\u00e4lkeen siirrymme omiin kotipesiimme.<\/p>\n","protected":false},"author":2686,"featured_media":0,"parent":0,"menu_order":0,"comment_status":"closed","ping_status":"closed","template":"","meta":{"footnotes":""},"class_list":["post-27","page","type-page","status-publish","hentry"],"_links":{"self":[{"href":"https:\/\/blog.edu.turku.fi\/syvalahdenpk\/wp-json\/wp\/v2\/pages\/27","targetHints":{"allow":["GET"]}}],"collection":[{"href":"https:\/\/blog.edu.turku.fi\/syvalahdenpk\/wp-json\/wp\/v2\/pages"}],"about":[{"href":"https:\/\/blog.edu.turku.fi\/syvalahdenpk\/wp-json\/wp\/v2\/types\/page"}],"author":[{"embeddable":true,"href":"https:\/\/blog.edu.turku.fi\/syvalahdenpk\/wp-json\/wp\/v2\/users\/2686"}],"replies":[{"embeddable":true,"href":"https:\/\/blog.edu.turku.fi\/syvalahdenpk\/wp-json\/wp\/v2\/comments?post=27"}],"version-history":[{"count":3,"href":"https:\/\/blog.edu.turku.fi\/syvalahdenpk\/wp-json\/wp\/v2\/pages\/27\/revisions"}],"predecessor-version":[{"id":148,"href":"https:\/\/blog.edu.turku.fi\/syvalahdenpk\/wp-json\/wp\/v2\/pages\/27\/revisions\/148"}],"wp:attachment":[{"href":"https:\/\/blog.edu.turku.fi\/syvalahdenpk\/wp-json\/wp\/v2\/media?parent=27"}],"curies":[{"name":"wp","href":"https:\/\/api.w.org\/{rel}","templated":true}]}}