{"id":149,"date":"2019-05-15T13:57:21","date_gmt":"2019-05-15T10:57:21","guid":{"rendered":"https:\/\/blog.edu.turku.fi\/syvalahdenphy\/?page_id=149"},"modified":"2025-08-26T11:29:07","modified_gmt":"2025-08-26T08:29:07","slug":"tervetuloa","status":"publish","type":"page","link":"https:\/\/blog.edu.turku.fi\/syvalahdenpk\/","title":{"rendered":"Tervetuloa!"},"content":{"rendered":"<p>Syv\u00e4lahden p\u00e4iv\u00e4koti sijaitsee Syv\u00e4lahden monitoimitalossa, jossa on p\u00e4iv\u00e4kodin lis\u00e4ksi perusopetuksen yhten\u00e4iskoulu, kirjasto, nuorisotila, kouluterveydenhuolto ja neuvola. Toiminta alkoi elokuussa 2018.<\/p>\n<p>Lis\u00e4ksi esiopetuksen k\u00e4yt\u00f6ss\u00e4 on Ylikyl\u00e4\u00e4n 2024 valmistunut uudisrakennus.<\/p>\n<p>P\u00e4iv\u00e4kodin arkea voit seurata Instagramissa <a href=\"https:\/\/www.instagram.com\/syvispk\/\">@syvispk<\/a> !<\/p>\n<p><img loading=\"lazy\" decoding=\"async\" class=\"wp-image-167 size-medium\" src=\"https:\/\/blog.edu.turku.fi\/syvalahdenpk\/files\/2019\/09\/gsmarena_001-300x188.jpg\" alt=\"Instagram\" width=\"300\" height=\"188\" srcset=\"https:\/\/blog.edu.turku.fi\/syvalahdenpk\/files\/2019\/09\/gsmarena_001-300x188.jpg 300w, https:\/\/blog.edu.turku.fi\/syvalahdenpk\/files\/2019\/09\/gsmarena_001.jpg 728w\" sizes=\"auto, (max-width: 300px) 85vw, 300px\" \/><\/p>\n<p><a href=\"https:\/\/blog.edu.turku.fi\/syvalahti\/\">Syv\u00e4lahden monitoimitalon sivut<\/a><\/p>\n","protected":false},"excerpt":{"rendered":"<p>Syv\u00e4lahden p\u00e4iv\u00e4koti sijaitsee Syv\u00e4lahden monitoimitalossa, jossa on p\u00e4iv\u00e4kodin lis\u00e4ksi perusopetuksen yhten\u00e4iskoulu, kirjasto, nuorisotila, kouluterveydenhuolto ja neuvola. Toiminta alkoi elokuussa 2018. Lis\u00e4ksi esiopetuksen k\u00e4yt\u00f6ss\u00e4 on Ylikyl\u00e4\u00e4n 2024 valmistunut uudisrakennus. P\u00e4iv\u00e4kodin arkea voit seurata Instagramissa @syvispk ! Syv\u00e4lahden monitoimitalon sivut<\/p>\n","protected":false},"author":2686,"featured_media":0,"parent":0,"menu_order":0,"comment_status":"closed","ping_status":"closed","template":"","meta":{"footnotes":""},"class_list":["post-149","page","type-page","status-publish","hentry"],"_links":{"self":[{"href":"https:\/\/blog.edu.turku.fi\/syvalahdenpk\/wp-json\/wp\/v2\/pages\/149","targetHints":{"allow":["GET"]}}],"collection":[{"href":"https:\/\/blog.edu.turku.fi\/syvalahdenpk\/wp-json\/wp\/v2\/pages"}],"about":[{"href":"https:\/\/blog.edu.turku.fi\/syvalahdenpk\/wp-json\/wp\/v2\/types\/page"}],"author":[{"embeddable":true,"href":"https:\/\/blog.edu.turku.fi\/syvalahdenpk\/wp-json\/wp\/v2\/users\/2686"}],"replies":[{"embeddable":true,"href":"https:\/\/blog.edu.turku.fi\/syvalahdenpk\/wp-json\/wp\/v2\/comments?post=149"}],"version-history":[{"count":27,"href":"https:\/\/blog.edu.turku.fi\/syvalahdenpk\/wp-json\/wp\/v2\/pages\/149\/revisions"}],"predecessor-version":[{"id":204,"href":"https:\/\/blog.edu.turku.fi\/syvalahdenpk\/wp-json\/wp\/v2\/pages\/149\/revisions\/204"}],"wp:attachment":[{"href":"https:\/\/blog.edu.turku.fi\/syvalahdenpk\/wp-json\/wp\/v2\/media?parent=149"}],"curies":[{"name":"wp","href":"https:\/\/api.w.org\/{rel}","templated":true}]}}