{"id":99,"date":"2015-06-25T12:39:03","date_gmt":"2015-06-25T09:39:03","guid":{"rendered":"https:\/\/blog.edu.turku.fi\/suotorpankujanphy\/?page_id=99"},"modified":"2022-09-22T07:25:02","modified_gmt":"2022-09-22T04:25:02","slug":"perkkionkadun-leikkipuisto","status":"publish","type":"page","link":"https:\/\/blog.edu.turku.fi\/suotorpankujanphy\/perkkionkadun-leikkipuisto\/","title":{"rendered":"Perkki\u00f6nkadun leikkipuisto"},"content":{"rendered":"<p>&nbsp;<\/p>\n<p>Perkki\u00f6n leikkipaikka sijaitsee J\u00e4k\u00e4rl\u00e4n asuntoalueella Perkki\u00f6nkadun varrella. Leikkipaikka kuuluu Suotorpankujan p\u00e4iv\u00e4hoitoyksik\u00f6n alaisuuteen.<\/p>\n<p>Leikkipuistossa ty\u00f6skentelev\u00e4t<\/p>\n<p><strong>puh. nro 050 595 5051<\/strong><\/p>\n<p><a href=\"https:\/\/blog.edu.turku.fi\/suotorpankujanphy\/files\/2019\/09\/sand-2148440_1280.jpg\"><img loading=\"lazy\" decoding=\"async\" class=\"alignnone size-medium wp-image-467\" src=\"https:\/\/blog.edu.turku.fi\/suotorpankujanphy\/files\/2019\/09\/sand-2148440_1280-300x184.jpg\" alt=\"\" width=\"300\" height=\"184\" srcset=\"https:\/\/blog.edu.turku.fi\/suotorpankujanphy\/files\/2019\/09\/sand-2148440_1280-300x184.jpg 300w, https:\/\/blog.edu.turku.fi\/suotorpankujanphy\/files\/2019\/09\/sand-2148440_1280-1024x627.jpg 1024w, https:\/\/blog.edu.turku.fi\/suotorpankujanphy\/files\/2019\/09\/sand-2148440_1280.jpg 1280w\" sizes=\"auto, (max-width: 300px) 85vw, 300px\" \/><\/a><\/p>\n","protected":false},"excerpt":{"rendered":"<p>&nbsp; Perkki\u00f6n leikkipaikka sijaitsee J\u00e4k\u00e4rl\u00e4n asuntoalueella Perkki\u00f6nkadun varrella. Leikkipaikka kuuluu Suotorpankujan p\u00e4iv\u00e4hoitoyksik\u00f6n alaisuuteen. Leikkipuistossa ty\u00f6skentelev\u00e4t puh. nro 050 595 5051<\/p>\n","protected":false},"author":2708,"featured_media":0,"parent":0,"menu_order":0,"comment_status":"closed","ping_status":"closed","template":"","meta":{"footnotes":""},"class_list":["post-99","page","type-page","status-publish","hentry"],"_links":{"self":[{"href":"https:\/\/blog.edu.turku.fi\/suotorpankujanphy\/wp-json\/wp\/v2\/pages\/99","targetHints":{"allow":["GET"]}}],"collection":[{"href":"https:\/\/blog.edu.turku.fi\/suotorpankujanphy\/wp-json\/wp\/v2\/pages"}],"about":[{"href":"https:\/\/blog.edu.turku.fi\/suotorpankujanphy\/wp-json\/wp\/v2\/types\/page"}],"author":[{"embeddable":true,"href":"https:\/\/blog.edu.turku.fi\/suotorpankujanphy\/wp-json\/wp\/v2\/users\/2708"}],"replies":[{"embeddable":true,"href":"https:\/\/blog.edu.turku.fi\/suotorpankujanphy\/wp-json\/wp\/v2\/comments?post=99"}],"version-history":[{"count":13,"href":"https:\/\/blog.edu.turku.fi\/suotorpankujanphy\/wp-json\/wp\/v2\/pages\/99\/revisions"}],"predecessor-version":[{"id":504,"href":"https:\/\/blog.edu.turku.fi\/suotorpankujanphy\/wp-json\/wp\/v2\/pages\/99\/revisions\/504"}],"wp:attachment":[{"href":"https:\/\/blog.edu.turku.fi\/suotorpankujanphy\/wp-json\/wp\/v2\/media?parent=99"}],"curies":[{"name":"wp","href":"https:\/\/api.w.org\/{rel}","templated":true}]}}