{"id":93,"date":"2015-06-25T12:38:26","date_gmt":"2015-06-25T09:38:26","guid":{"rendered":"https:\/\/blog.edu.turku.fi\/suotorpankujanphy\/?page_id=93"},"modified":"2022-09-22T07:23:19","modified_gmt":"2022-09-22T04:23:19","slug":"hillerit-2","status":"publish","type":"page","link":"https:\/\/blog.edu.turku.fi\/suotorpankujanphy\/hillerit-2\/","title":{"rendered":"Hillerit"},"content":{"rendered":"<blockquote>\n<h5><em>Toimintakaudella 2022- 2023 Hillereiss\u00e4 ty\u00f6skentelev\u00e4t Oona Palmeiro\u00a0 (vo), Nina Malin (vo), Eija Ketonen (lh) ja Seija Nieminen (avustaja)<\/em><\/h5>\n<\/blockquote>\n<p><b>Puh: 040 687 3826<\/b><\/p>\n<p><a href=\"https:\/\/blog.edu.turku.fi\/hillerit\">Hillereiden oma blogi<\/a><\/p>\n<p><a href=\"https:\/\/blog.edu.turku.fi\/suotorpankujanphy\/files\/2019\/09\/iltis-4357315_1280-1.jpg\"><img loading=\"lazy\" decoding=\"async\" class=\"alignnone size-medium wp-image-466\" src=\"https:\/\/blog.edu.turku.fi\/suotorpankujanphy\/files\/2019\/09\/iltis-4357315_1280-1-300x223.jpg\" alt=\"\" width=\"300\" height=\"223\" srcset=\"https:\/\/blog.edu.turku.fi\/suotorpankujanphy\/files\/2019\/09\/iltis-4357315_1280-1-300x223.jpg 300w, https:\/\/blog.edu.turku.fi\/suotorpankujanphy\/files\/2019\/09\/iltis-4357315_1280-1-1024x762.jpg 1024w, https:\/\/blog.edu.turku.fi\/suotorpankujanphy\/files\/2019\/09\/iltis-4357315_1280-1.jpg 1280w\" sizes=\"auto, (max-width: 300px) 85vw, 300px\" \/><\/a><\/p>\n","protected":false},"excerpt":{"rendered":"<p>Toimintakaudella 2022- 2023 Hillereiss\u00e4 ty\u00f6skentelev\u00e4t Oona Palmeiro\u00a0 (vo), Nina Malin (vo), Eija Ketonen (lh) ja Seija Nieminen (avustaja) Puh: 040 687 3826 Hillereiden oma blogi<\/p>\n","protected":false},"author":2708,"featured_media":0,"parent":0,"menu_order":0,"comment_status":"closed","ping_status":"closed","template":"","meta":{"footnotes":""},"class_list":["post-93","page","type-page","status-publish","hentry"],"_links":{"self":[{"href":"https:\/\/blog.edu.turku.fi\/suotorpankujanphy\/wp-json\/wp\/v2\/pages\/93","targetHints":{"allow":["GET"]}}],"collection":[{"href":"https:\/\/blog.edu.turku.fi\/suotorpankujanphy\/wp-json\/wp\/v2\/pages"}],"about":[{"href":"https:\/\/blog.edu.turku.fi\/suotorpankujanphy\/wp-json\/wp\/v2\/types\/page"}],"author":[{"embeddable":true,"href":"https:\/\/blog.edu.turku.fi\/suotorpankujanphy\/wp-json\/wp\/v2\/users\/2708"}],"replies":[{"embeddable":true,"href":"https:\/\/blog.edu.turku.fi\/suotorpankujanphy\/wp-json\/wp\/v2\/comments?post=93"}],"version-history":[{"count":38,"href":"https:\/\/blog.edu.turku.fi\/suotorpankujanphy\/wp-json\/wp\/v2\/pages\/93\/revisions"}],"predecessor-version":[{"id":503,"href":"https:\/\/blog.edu.turku.fi\/suotorpankujanphy\/wp-json\/wp\/v2\/pages\/93\/revisions\/503"}],"wp:attachment":[{"href":"https:\/\/blog.edu.turku.fi\/suotorpankujanphy\/wp-json\/wp\/v2\/media?parent=93"}],"curies":[{"name":"wp","href":"https:\/\/api.w.org\/{rel}","templated":true}]}}