{"id":89,"date":"2015-06-25T12:38:06","date_gmt":"2015-06-25T09:38:06","guid":{"rendered":"https:\/\/blog.edu.turku.fi\/suotorpankujanphy\/?page_id=89"},"modified":"2022-09-22T07:19:49","modified_gmt":"2022-09-22T04:19:49","slug":"lumikot-2","status":"publish","type":"page","link":"https:\/\/blog.edu.turku.fi\/suotorpankujanphy\/lumikot-2\/","title":{"rendered":"Lumikot"},"content":{"rendered":"<p>Toimintakaudella 2022- 2023 Lumikoiden ryhm\u00e4ss\u00e4 \u00a0ty\u00f6skentelev\u00e4t:<\/p>\n<p>Kaisa Lahtinen, (vo,esiopetus), Virve Virtanen (vo, Pikku eskarit), Merja Arvola (lh).<\/p>\n<p style=\"text-align: left\"><a href=\"https:\/\/blog.edu.turku.fi\/lumikot\">Lumikoiden oma blogi <\/a><\/p>\n<p>&nbsp;<\/p>\n<p><a href=\"https:\/\/blog.edu.turku.fi\/suotorpankujanphy\/files\/2019\/09\/animals-3352109_1280.jpg\"><img loading=\"lazy\" decoding=\"async\" class=\"alignnone size-medium wp-image-462\" src=\"https:\/\/blog.edu.turku.fi\/suotorpankujanphy\/files\/2019\/09\/animals-3352109_1280-300x200.jpg\" alt=\"\" width=\"300\" height=\"200\" srcset=\"https:\/\/blog.edu.turku.fi\/suotorpankujanphy\/files\/2019\/09\/animals-3352109_1280-300x200.jpg 300w, https:\/\/blog.edu.turku.fi\/suotorpankujanphy\/files\/2019\/09\/animals-3352109_1280-1024x682.jpg 1024w, https:\/\/blog.edu.turku.fi\/suotorpankujanphy\/files\/2019\/09\/animals-3352109_1280.jpg 1280w\" sizes=\"auto, (max-width: 300px) 85vw, 300px\" \/><\/a><\/p>\n<h5 style=\"text-align: left\">Toiminnallinen esiopetus<\/h5>\n<p style=\"text-align: left\">Toiminnallinen esiopetus on ensisijaisesti tekem\u00e4ll\u00e4 oppimista.<br \/>\nToiminnallinen esiopetus vahvistaa lasten keskin\u00e4ist\u00e4 vuorovaikutusta ja yhteisty\u00f6taitoja, sek\u00e4 antaa vahvan pohjan lapsen sosiaalisille taidoille.<br \/>\nLapsi oppii toiminnallisen esiopetuksen kautta ajattelemaan itse ja h\u00e4nen<br \/>\nongelmanratkaisukykyns\u00e4 kehittyy.<br \/>\nLapsi oppii kyseenalaistamaan asioita, keksim\u00e4\u00e4n itse ratkaisuja.Oppiminen tapahtuu oivaltamalla, oman kokemuksen kautta. Aikuinen tukee t\u00e4t\u00e4 oppimisprosessia antamalla lapsen itse l\u00f6yt\u00e4\u00e4 vastaukset askarruttaviin ongelmiin.<br \/>\nT\u00e4ll\u00f6in opitaan oivaltamisen kautta, ei ulkoa oppimalla.<\/p>\n<p><a href=\"https:\/\/blog.edu.turku.fi\/suotorpankuja\/files\/2012\/09\/Lumikot-2011-2012-001.jpg\"><img loading=\"lazy\" decoding=\"async\" class=\"alignnone size-medium wp-image-179\" src=\"https:\/\/blog.edu.turku.fi\/suotorpankuja\/files\/2012\/09\/Lumikot-2011-2012-001-300x225.jpg\" alt=\"Lumikot 2011-2012 001\" width=\"239\" height=\"184\" \/><\/a><\/p>\n","protected":false},"excerpt":{"rendered":"<p>Toimintakaudella 2022- 2023 Lumikoiden ryhm\u00e4ss\u00e4 \u00a0ty\u00f6skentelev\u00e4t: Kaisa Lahtinen, (vo,esiopetus), Virve Virtanen (vo, Pikku eskarit), Merja Arvola (lh). Lumikoiden oma blogi &nbsp; Toiminnallinen esiopetus Toiminnallinen esiopetus on ensisijaisesti tekem\u00e4ll\u00e4 oppimista. Toiminnallinen esiopetus vahvistaa lasten keskin\u00e4ist\u00e4 vuorovaikutusta ja yhteisty\u00f6taitoja, sek\u00e4 antaa vahvan pohjan lapsen sosiaalisille taidoille. Lapsi oppii toiminnallisen esiopetuksen kautta ajattelemaan itse ja h\u00e4nen ongelmanratkaisukykyns\u00e4 kehittyy. &hellip; <a href=\"https:\/\/blog.edu.turku.fi\/suotorpankujanphy\/lumikot-2\/\" class=\"more-link\">Jatka lukemista<span class=\"screen-reader-text\"> &#8221;Lumikot&#8221;<\/span><\/a><\/p>\n","protected":false},"author":2708,"featured_media":0,"parent":0,"menu_order":0,"comment_status":"closed","ping_status":"closed","template":"","meta":{"footnotes":""},"class_list":["post-89","page","type-page","status-publish","hentry"],"_links":{"self":[{"href":"https:\/\/blog.edu.turku.fi\/suotorpankujanphy\/wp-json\/wp\/v2\/pages\/89","targetHints":{"allow":["GET"]}}],"collection":[{"href":"https:\/\/blog.edu.turku.fi\/suotorpankujanphy\/wp-json\/wp\/v2\/pages"}],"about":[{"href":"https:\/\/blog.edu.turku.fi\/suotorpankujanphy\/wp-json\/wp\/v2\/types\/page"}],"author":[{"embeddable":true,"href":"https:\/\/blog.edu.turku.fi\/suotorpankujanphy\/wp-json\/wp\/v2\/users\/2708"}],"replies":[{"embeddable":true,"href":"https:\/\/blog.edu.turku.fi\/suotorpankujanphy\/wp-json\/wp\/v2\/comments?post=89"}],"version-history":[{"count":31,"href":"https:\/\/blog.edu.turku.fi\/suotorpankujanphy\/wp-json\/wp\/v2\/pages\/89\/revisions"}],"predecessor-version":[{"id":498,"href":"https:\/\/blog.edu.turku.fi\/suotorpankujanphy\/wp-json\/wp\/v2\/pages\/89\/revisions\/498"}],"wp:attachment":[{"href":"https:\/\/blog.edu.turku.fi\/suotorpankujanphy\/wp-json\/wp\/v2\/media?parent=89"}],"curies":[{"name":"wp","href":"https:\/\/api.w.org\/{rel}","templated":true}]}}