{"id":84,"date":"2015-06-25T12:36:41","date_gmt":"2015-06-25T09:36:41","guid":{"rendered":"https:\/\/blog.edu.turku.fi\/suotorpankujanphy\/?page_id=84"},"modified":"2022-09-22T07:27:14","modified_gmt":"2022-09-22T04:27:14","slug":"yksikkomme-7","status":"publish","type":"page","link":"https:\/\/blog.edu.turku.fi\/suotorpankujanphy\/yksikkomme-7\/","title":{"rendered":"Yksikk\u00f6mme"},"content":{"rendered":"<header class=\"entry-header\">\n<h1 class=\"entry-title\">Yhteystiedot<\/h1>\n<\/header>\n<div class=\"entry-content\">\n<p>Suotorpankujan p\u00e4iv\u00e4koti, Suotorpankuja 3, 20460 Turku.<\/p>\n<p>P\u00e4iv\u00e4kodinjohtaja Jenni Rissanen (my\u00f6s Perkki\u00f6nkadun leikkipuisto ja Ypsilonin p\u00e4iv\u00e4koti)<\/p>\n<p>p. 050 552 5060<\/p>\n<p>Ryhmien numerot:<\/p>\n<p>Hillerit: p.\u00a0040 687 3826<\/p>\n<p>Lumikot p. 040 6863 708<\/p>\n<p>M\u00e4yr\u00e4t p. 040 6863 714<\/p>\n<p>Laitosapulaisina toimivat Henna Ruotsalainen ja Janita Salmi, p. 040 6863 732\u00a0 (keitti\u00f6)<\/p>\n<\/div>\n<p><a href=\"https:\/\/blog.edu.turku.fi\/suotorpankujanphy\/files\/2019\/09\/colored-pencils-656158_1280.jpg\"><img loading=\"lazy\" decoding=\"async\" class=\"alignnone size-medium wp-image-476\" src=\"https:\/\/blog.edu.turku.fi\/suotorpankujanphy\/files\/2019\/09\/colored-pencils-656158_1280-300x200.jpg\" alt=\"\" width=\"300\" height=\"200\" srcset=\"https:\/\/blog.edu.turku.fi\/suotorpankujanphy\/files\/2019\/09\/colored-pencils-656158_1280-300x200.jpg 300w, https:\/\/blog.edu.turku.fi\/suotorpankujanphy\/files\/2019\/09\/colored-pencils-656158_1280-1024x682.jpg 1024w, https:\/\/blog.edu.turku.fi\/suotorpankujanphy\/files\/2019\/09\/colored-pencils-656158_1280-1200x800.jpg 1200w, https:\/\/blog.edu.turku.fi\/suotorpankujanphy\/files\/2019\/09\/colored-pencils-656158_1280.jpg 1280w\" sizes=\"auto, (max-width: 300px) 85vw, 300px\" \/><\/a><\/p>\n","protected":false},"excerpt":{"rendered":"<p>Yhteystiedot Suotorpankujan p\u00e4iv\u00e4koti, Suotorpankuja 3, 20460 Turku. P\u00e4iv\u00e4kodinjohtaja Jenni Rissanen (my\u00f6s Perkki\u00f6nkadun leikkipuisto ja Ypsilonin p\u00e4iv\u00e4koti) p. 050 552 5060 Ryhmien numerot: Hillerit: p.\u00a0040 687 3826 Lumikot p. 040 6863 708 M\u00e4yr\u00e4t p. 040 6863 714 Laitosapulaisina toimivat Henna Ruotsalainen ja Janita Salmi, p. 040 6863 732\u00a0 (keitti\u00f6)<\/p>\n","protected":false},"author":2708,"featured_media":0,"parent":0,"menu_order":0,"comment_status":"closed","ping_status":"closed","template":"","meta":{"footnotes":""},"class_list":["post-84","page","type-page","status-publish","hentry"],"_links":{"self":[{"href":"https:\/\/blog.edu.turku.fi\/suotorpankujanphy\/wp-json\/wp\/v2\/pages\/84","targetHints":{"allow":["GET"]}}],"collection":[{"href":"https:\/\/blog.edu.turku.fi\/suotorpankujanphy\/wp-json\/wp\/v2\/pages"}],"about":[{"href":"https:\/\/blog.edu.turku.fi\/suotorpankujanphy\/wp-json\/wp\/v2\/types\/page"}],"author":[{"embeddable":true,"href":"https:\/\/blog.edu.turku.fi\/suotorpankujanphy\/wp-json\/wp\/v2\/users\/2708"}],"replies":[{"embeddable":true,"href":"https:\/\/blog.edu.turku.fi\/suotorpankujanphy\/wp-json\/wp\/v2\/comments?post=84"}],"version-history":[{"count":19,"href":"https:\/\/blog.edu.turku.fi\/suotorpankujanphy\/wp-json\/wp\/v2\/pages\/84\/revisions"}],"predecessor-version":[{"id":506,"href":"https:\/\/blog.edu.turku.fi\/suotorpankujanphy\/wp-json\/wp\/v2\/pages\/84\/revisions\/506"}],"wp:attachment":[{"href":"https:\/\/blog.edu.turku.fi\/suotorpankujanphy\/wp-json\/wp\/v2\/media?parent=84"}],"curies":[{"name":"wp","href":"https:\/\/api.w.org\/{rel}","templated":true}]}}