{"id":280,"date":"2016-11-28T09:43:13","date_gmt":"2016-11-28T07:43:13","guid":{"rendered":"https:\/\/blog.edu.turku.fi\/suotorpankujanphy\/?page_id=280"},"modified":"2020-01-17T15:54:22","modified_gmt":"2020-01-17T13:54:22","slug":"tervetuloa","status":"publish","type":"page","link":"https:\/\/blog.edu.turku.fi\/suotorpankujanphy\/","title":{"rendered":"Tervetuloa!"},"content":{"rendered":"<p>Tervetuloa Suotorpankujan p\u00e4iv\u00e4kodin omalle kotisivulle! T\u00e4\u00e4lt\u00e4 l\u00f6yd\u00e4t tietoa p\u00e4iv\u00e4kodin toiminnasta sek\u00e4 lapsesi oman p\u00e4iv\u00e4kotiryhm\u00e4n toiminnasta.<\/p>\n<p><strong>Yksikk\u00f6mme<\/strong><\/p>\n<p>Suotorpankujan p\u00e4iv\u00e4hoitoyksikk\u00f6 valmistui syksyll\u00e4 1985. Luontoliikuntapainoitteinen p\u00e4iv\u00e4kotimme sijaitsee Maarian J\u00e4k\u00e4rl\u00e4ss\u00e4, noin 12km Turun keskustasta. P\u00e4iv\u00e4kotimme sijaitsee ihanteellisella paikalla luonnon l\u00e4heisyydess\u00e4. T\u00e4m\u00e4 antaakin mahdollisuuden luonnon tutkimiseen ja havainnointiin, sek\u00e4 leikkiin ja monipuoliseen liikkumiseen. Ohjattua toimintaa toteutetaan pienryhmiss\u00e4, jolloin yhteistoiminnallinen oppiminen mahdollistuu; lapsella on mahdollisuus keskusteluun, pohdintaan, itse oivaltamiseen, kuunteluun ja kuulluksi tulemiseen.<\/p>\n<p>&nbsp;<\/p>\n","protected":false},"excerpt":{"rendered":"<p>Tervetuloa Suotorpankujan p\u00e4iv\u00e4kodin omalle kotisivulle! T\u00e4\u00e4lt\u00e4 l\u00f6yd\u00e4t tietoa p\u00e4iv\u00e4kodin toiminnasta sek\u00e4 lapsesi oman p\u00e4iv\u00e4kotiryhm\u00e4n toiminnasta. Yksikk\u00f6mme Suotorpankujan p\u00e4iv\u00e4hoitoyksikk\u00f6 valmistui syksyll\u00e4 1985. Luontoliikuntapainoitteinen p\u00e4iv\u00e4kotimme sijaitsee Maarian J\u00e4k\u00e4rl\u00e4ss\u00e4, noin 12km Turun keskustasta. P\u00e4iv\u00e4kotimme sijaitsee ihanteellisella paikalla luonnon l\u00e4heisyydess\u00e4. T\u00e4m\u00e4 antaakin mahdollisuuden luonnon tutkimiseen ja havainnointiin, sek\u00e4 leikkiin ja monipuoliseen liikkumiseen. Ohjattua toimintaa toteutetaan pienryhmiss\u00e4, jolloin yhteistoiminnallinen oppiminen &hellip; <a href=\"https:\/\/blog.edu.turku.fi\/suotorpankujanphy\/\" class=\"more-link\">Jatka lukemista<span class=\"screen-reader-text\"> &#8221;Tervetuloa!&#8221;<\/span><\/a><\/p>\n","protected":false},"author":2708,"featured_media":0,"parent":0,"menu_order":0,"comment_status":"closed","ping_status":"closed","template":"","meta":{"footnotes":""},"class_list":["post-280","page","type-page","status-publish","hentry"],"_links":{"self":[{"href":"https:\/\/blog.edu.turku.fi\/suotorpankujanphy\/wp-json\/wp\/v2\/pages\/280","targetHints":{"allow":["GET"]}}],"collection":[{"href":"https:\/\/blog.edu.turku.fi\/suotorpankujanphy\/wp-json\/wp\/v2\/pages"}],"about":[{"href":"https:\/\/blog.edu.turku.fi\/suotorpankujanphy\/wp-json\/wp\/v2\/types\/page"}],"author":[{"embeddable":true,"href":"https:\/\/blog.edu.turku.fi\/suotorpankujanphy\/wp-json\/wp\/v2\/users\/2708"}],"replies":[{"embeddable":true,"href":"https:\/\/blog.edu.turku.fi\/suotorpankujanphy\/wp-json\/wp\/v2\/comments?post=280"}],"version-history":[{"count":6,"href":"https:\/\/blog.edu.turku.fi\/suotorpankujanphy\/wp-json\/wp\/v2\/pages\/280\/revisions"}],"predecessor-version":[{"id":490,"href":"https:\/\/blog.edu.turku.fi\/suotorpankujanphy\/wp-json\/wp\/v2\/pages\/280\/revisions\/490"}],"wp:attachment":[{"href":"https:\/\/blog.edu.turku.fi\/suotorpankujanphy\/wp-json\/wp\/v2\/media?parent=280"}],"curies":[{"name":"wp","href":"https:\/\/api.w.org\/{rel}","templated":true}]}}