{"id":131,"date":"2015-06-25T13:59:27","date_gmt":"2015-06-25T10:59:27","guid":{"rendered":"https:\/\/blog.edu.turku.fi\/suotorpankujanphy\/?page_id=131"},"modified":"2020-03-25T12:51:43","modified_gmt":"2020-03-25T10:51:43","slug":"ajankohtaista-4","status":"publish","type":"page","link":"https:\/\/blog.edu.turku.fi\/suotorpankujanphy\/ajankohtaista-4\/","title":{"rendered":"Ajankohtaista"},"content":{"rendered":"<h6 class=\"entry-title\">Vanhempainyhdistys<\/h6>\n<p><!-- .entry-header --><\/p>\n<div class=\"entry-content\">\n<p>Suotorpankujan p\u00e4iv\u00e4hoitoyksik\u00f6ss\u00e4 toimii Vanhempainyhdistys.<br \/>\nVanhempainyhdistykseen otetaan ilolla mukaan uusia aktiivisia vanhempia.<\/p>\n<p>Kysy lis\u00e4\u00e4 p\u00e4iv\u00e4kodista!<\/p>\n<\/div>\n<p>&nbsp;<\/p>\n<p>&nbsp;<\/p>\n<p><strong>\u00a0<\/strong><br \/>\n<a href=\"https:\/\/blog.edu.turku.fi\/suotorpankujanphy\/files\/2019\/09\/sand-1573326_1280.jpg\"><img loading=\"lazy\" decoding=\"async\" src=\"https:\/\/blog.edu.turku.fi\/suotorpankujanphy\/files\/2019\/09\/sand-1573326_1280-300x225.jpg\" alt=\"\" width=\"300\" height=\"225\" class=\"alignnone size-medium wp-image-461\" srcset=\"https:\/\/blog.edu.turku.fi\/suotorpankujanphy\/files\/2019\/09\/sand-1573326_1280-300x225.jpg 300w, https:\/\/blog.edu.turku.fi\/suotorpankujanphy\/files\/2019\/09\/sand-1573326_1280-1024x768.jpg 1024w, https:\/\/blog.edu.turku.fi\/suotorpankujanphy\/files\/2019\/09\/sand-1573326_1280.jpg 1280w\" sizes=\"auto, (max-width: 300px) 85vw, 300px\" \/><\/a><\/p>\n","protected":false},"excerpt":{"rendered":"<p>Vanhempainyhdistys Suotorpankujan p\u00e4iv\u00e4hoitoyksik\u00f6ss\u00e4 toimii Vanhempainyhdistys. Vanhempainyhdistykseen otetaan ilolla mukaan uusia aktiivisia vanhempia. Kysy lis\u00e4\u00e4 p\u00e4iv\u00e4kodista! &nbsp; &nbsp; \u00a0<\/p>\n","protected":false},"author":2708,"featured_media":0,"parent":0,"menu_order":0,"comment_status":"closed","ping_status":"closed","template":"","meta":{"footnotes":""},"class_list":["post-131","page","type-page","status-publish","hentry"],"_links":{"self":[{"href":"https:\/\/blog.edu.turku.fi\/suotorpankujanphy\/wp-json\/wp\/v2\/pages\/131","targetHints":{"allow":["GET"]}}],"collection":[{"href":"https:\/\/blog.edu.turku.fi\/suotorpankujanphy\/wp-json\/wp\/v2\/pages"}],"about":[{"href":"https:\/\/blog.edu.turku.fi\/suotorpankujanphy\/wp-json\/wp\/v2\/types\/page"}],"author":[{"embeddable":true,"href":"https:\/\/blog.edu.turku.fi\/suotorpankujanphy\/wp-json\/wp\/v2\/users\/2708"}],"replies":[{"embeddable":true,"href":"https:\/\/blog.edu.turku.fi\/suotorpankujanphy\/wp-json\/wp\/v2\/comments?post=131"}],"version-history":[{"count":12,"href":"https:\/\/blog.edu.turku.fi\/suotorpankujanphy\/wp-json\/wp\/v2\/pages\/131\/revisions"}],"predecessor-version":[{"id":494,"href":"https:\/\/blog.edu.turku.fi\/suotorpankujanphy\/wp-json\/wp\/v2\/pages\/131\/revisions\/494"}],"wp:attachment":[{"href":"https:\/\/blog.edu.turku.fi\/suotorpankujanphy\/wp-json\/wp\/v2\/media?parent=131"}],"curies":[{"name":"wp","href":"https:\/\/api.w.org\/{rel}","templated":true}]}}