{"id":903,"date":"2024-01-12T13:26:09","date_gmt":"2024-01-12T11:26:09","guid":{"rendered":"https:\/\/blog.edu.turku.fi\/strapetsi\/?page_id=903"},"modified":"2025-08-22T11:48:27","modified_gmt":"2025-08-22T08:48:27","slug":"tietoa-hankkeesta","status":"publish","type":"page","link":"https:\/\/blog.edu.turku.fi\/strapetsi\/tietoa-hankkeesta\/","title":{"rendered":"Tietoa hankkeesta"},"content":{"rendered":"<p style=\"text-align: center\">Hanke on saanut rahoituksensa joulukuussa 2024 jatkuen 31.05.2027 saakka. Toteuttamassa on kattava valtakunnallinen verkosto, joka k\u00e4sitt\u00e4\u00e4 90 ammatillisen koulutuksen j\u00e4rjest\u00e4j\u00e4\u00e4. Verkostoa koordinoi Turun kaupunki. Hanke on suunnattu kaikille ammatillisen koulutuksen j\u00e4rjest\u00e4jille. Hanketta rahoittaa Opetus- ja kulttuuriministeri\u00f6 3 979 000\u00a0 euron budjetilla.<\/p>\n<p>Hankkeen rahoitusp\u00e4\u00e4t\u00f6st\u00e4 on muokattu yhteen diaan saadaksemme sen linkitykset auki niin toimintaymp\u00e4rist\u00f6n kuin organisaatioiden sis\u00e4ll\u00e4. Keskiosassa kuvataan hankkeen rahoituskriteerien t\u00e4rkeimm\u00e4t seitsem\u00e4n mittaria, jotka tulee koulutuksen j\u00e4rjest\u00e4jien ottaa tiedolla johtamisessa haltuun.<\/p>\n<p><img loading=\"lazy\" decoding=\"async\" class=\"alignnone size-large wp-image-1283\" src=\"https:\/\/blog.edu.turku.fi\/strapetsi\/files\/2025\/08\/Strapetsi-II-rahoituspaatos-kuvana-1024x567.png\" alt=\"\" width=\"1024\" height=\"567\" srcset=\"https:\/\/blog.edu.turku.fi\/strapetsi\/files\/2025\/08\/Strapetsi-II-rahoituspaatos-kuvana.png 1024w, https:\/\/blog.edu.turku.fi\/strapetsi\/files\/2025\/08\/Strapetsi-II-rahoituspaatos-kuvana-300x166.png 300w\" sizes=\"auto, (max-width: 1024px) 100vw, 1024px\" \/><\/p>\n<h2>Hankkeen ohjausryhm\u00e4<\/h2>\n<p>Ohjausryhm\u00e4n teht\u00e4v\u00e4n\u00e4 on ohjata ja neuvoa hanketta edistym\u00e4\u00e4n. \u00a0Ohjausryhm\u00e4 koostuu rahoittajan edustajasta, Opetushallituksen edustajasta, koordinoinnin edustajista, ty\u00f6el\u00e4m\u00e4edustaja, hankkeen tuotantotiimin edustajasta sek\u00e4 hankkeen organisaatioiden johdon edustajista.<\/p>\n<p>Ohjausryhm\u00e4\u00e4n kuuluvat:\u00a0<\/p>\n<ul>\n<li>Borkowski Paula, suunnittelija, Opetushallitus<\/li>\n<li>Hannula Mirja, johtava asiantuntija, Elinkeinoel\u00e4m\u00e4n keskusliitto EK<\/li>\n<li>Kettunen Anna, vararehtori, Suomen ymp\u00e4rist\u00f6opisto SYKLI Oy<\/li>\n<li>Kinnunen Piret, projektikoordinaattori, Turun kaupunki<\/li>\n<li>Kuokkanen Juha, laatup\u00e4\u00e4llikk\u00f6, Perho Liiketalousopisto oy<\/li>\n<li>Kr\u00f6ger Jarmo, vararehtori, Koulutuskeskus Salpaus -kuntayhtym\u00e4<\/li>\n<li>Lehtinen P\u00e4ivi, rehtori, Turun ammatti-instituutti\/Turun kaupunki<\/li>\n<li>Levonen Anne, rektor, Svenska \u00d6sterbottens f\u00f6rbund f\u00f6r utbildning och kultur<\/li>\n<li>Mikkonen Juho, erityisasiantuntija, Opetushallitus<\/li>\n<li>Peltola Johannes, asiantuntija, Opetus- ja kulttuuriministeri\u00f6<\/li>\n<li>Toivio Heli, apulaisrehtori, Jyv\u00e4skyl\u00e4n kristillisen opiston s\u00e4\u00e4ti\u00f6 sr<\/li>\n<li>V\u00e4\u00e4n\u00e4nen Matti, kuntayhtym\u00e4n johtaja, Jokilaaksojen koulutuskuntayhtym\u00e4<\/li>\n<li>Varahenkil\u00f6t:\n<ul>\n<li>Kallio Petteri, opetusneuvos, Opetushallitus<\/li>\n<li>Katajisto Seija, vararehtori, Koulutuskeskus Salpaus-kuntayhtym\u00e4<\/li>\n<li>Salvi Sirkka, laatu- ja kehitt\u00e4misp\u00e4\u00e4llikk\u00f6, Jyv\u00e4skyl\u00e4n kristillisen opiston s\u00e4\u00e4ti\u00f6 sr<\/li>\n<li>Laaksonen Annina, hankep\u00e4\u00e4llikk\u00f6, Turun kaupunki<\/li>\n<\/ul>\n<\/li>\n<\/ul>\n<h2>Hankkeen toteuttaja organisaatiot<img loading=\"lazy\" decoding=\"async\" class=\"alignright wp-image-1221\" src=\"https:\/\/blog.edu.turku.fi\/strapetsi\/files\/2025\/01\/Stapetsi_MERI_RGB-300x261.png\" alt=\"\" width=\"494\" height=\"430\" srcset=\"https:\/\/blog.edu.turku.fi\/strapetsi\/files\/2025\/01\/Stapetsi_MERI_RGB-300x261.png 300w, https:\/\/blog.edu.turku.fi\/strapetsi\/files\/2025\/01\/Stapetsi_MERI_RGB.png 1024w\" sizes=\"auto, (max-width: 494px) 100vw, 494px\" \/><\/h2>\n<p><a href=\"https:\/\/www.taitotalo.fi\/\">AEL- Amiedu Oy<\/a><\/p>\n<p><a href=\"https:\/\/ahlmanedu.fi\/\">Ahlmannin koulun s\u00e4\u00e4ti\u00f6 sr (Ahlman Edu)<\/a><\/p>\n<p><a href=\"https:\/\/luovi.fi\/\">Ammattiopisto Luovi Oy<\/a><br \/><a href=\"https:\/\/www.spesia.fi\/\">Ammattiopisto Spesia Oy<\/a><br \/><a href=\"https:\/\/www.axxell.fi\/fi\">Axxell Utbildning Ab<\/a><\/p>\n<p><a href=\"https:\/\/careeria.fi\/\">Careeria Oy<\/a><br \/><a href=\"https:\/\/www.omnia.fi\/\">Espoon seudun koulutuskuntayhtym\u00e4 Omnia<\/a><br \/><a href=\"https:\/\/www.edusampo.fi\/\">Etel\u00e4-Karjalan Koulutuskuntayhtym\u00e4<\/a><br \/><a href=\"https:\/\/esedu.fi\/\">Etel\u00e4-Savon Koulutus Oy<\/a><br \/><a href=\"https:\/\/haapop.fi\/\">Haapaveden Opiston kannatusyhdistys ry<\/a><br \/><a href=\"https:\/\/stadinao.fi\/\">Helsingin kaupunki<\/a><br \/><a href=\"https:\/\/www.bc.fi\/\">Helsinki Business College Oy<\/a><br \/><a href=\"https:\/\/hevosopisto.fi\/\">Hevosopisto Oy<\/a><br \/><a href=\"https:\/\/www.hyria.fi\/\">Hyria koulutus Oy<\/a><br \/><a href=\"https:\/\/hami.fi\/\">H\u00e4meen ammatti-instituutti Oy<\/a><br \/><a href=\"https:\/\/samiedu.fi\/\">It\u00e4-Savon koulutuskuntayhtym\u00e4<\/a><\/p>\n<p><a href=\"https:\/\/www.joensuu.fi\/konservatorio\/ammatillinen\">Joensuun kaupunki (Joensuun konservatorio)<\/a><br \/><a href=\"https:\/\/jedu.fi\/\">Jokilaaksojen koulutuskuntayhtym\u00e4<\/a><br \/><a href=\"https:\/\/jko.fi\/\">Jyv\u00e4skyl\u00e4n kristillisen opiston s\u00e4\u00e4ti\u00f6 sr<\/a><br \/><a href=\"https:\/\/www.jypao.fi\/\">Jyv\u00e4skyl\u00e4n Talouskouluyhdistys r.y.<\/a><\/p>\n<p><a href=\"https:\/\/jamin.fi\/\">J\u00e4rviseudun Koulutuskuntayhtym\u00e4 (JAMI)<\/a><br \/><a href=\"https:\/\/www.kao.fi\/\">Kajaanin kaupunki<\/a><br \/><a href=\"https:\/\/kkro.fi\/\">Kalajoen Kristillisen Opiston kannatusyhdistys ry<\/a><\/p>\n<p><a href=\"https:\/\/www.kannelopisto.fi\/\">Kannelj\u00e4rven Kansanopiston Kannatusyhdistys r.y. (Kannelj\u00e4rven Opisto)<\/a><\/p>\n<p><a href=\"https:\/\/www.keokarstula.fi\/\">Karstulan Evankelisen Kansanopiston kannatusyhdistys Ry ( Karstulan Evankelinen Opisto)<\/a><br \/><a href=\"https:\/\/kelloseppakoulu.fi\/\">Kellosep\u00e4ntaidon Edist\u00e4miss\u00e4\u00e4ti\u00f6 sr<\/a><br \/><a href=\"https:\/\/www.lappia.fi\/\">Kemi-Tornionlaakson koulutuskuntayhtym\u00e4 Lappia<\/a><br \/><a href=\"https:\/\/www.kpedu.fi\/\">Keski-Pohjanmaan Koulutusyhtym\u00e4<\/a><br \/><a href=\"https:\/\/www.keuda.fi\/\">Keski-Uudenmaan koulutuskuntayhtym\u00e4<\/a><br \/><a href=\"https:\/\/www.kiipula.fi\/\">Kiipulas\u00e4\u00e4ti\u00f6 sr<\/a><br \/><a href=\"https:\/\/www.kirkkopalvelut.fi\/\">Kirkkopalvelut ry (STEP -koulutus)<\/a><\/p>\n<p><a href=\"https:\/\/www.kiteenkansanopisto.fi\/\">Kiteen Evankelisen Kansanopiston kannatusyhdistys ry (Kiteen Evankelinen Kansanopisto)<\/a><br \/><a href=\"https:\/\/urheiluopisto3k.fi\/\">Kolmen kampuksen urheiluopisto oy<\/a><br \/><a href=\"https:\/\/ekami.fi\/\">Kotkan-Haminan seudun koulutuskuntayhtym\u00e4<\/a><br \/><a href=\"https:\/\/www.salpaus.fi\/\">Koulutuskeskus Salpaus -kuntayhtym\u00e4<\/a><br \/><a href=\"https:\/\/www.brahe.fi\/\">Koulutuskuntayhtym\u00e4 Brahe<\/a><br \/><a href=\"https:\/\/www.osao.fi\/\">Koulutuskuntayhtym\u00e4 OSAO<\/a><br \/><a href=\"https:\/\/www.kktavastia.fi\/\">Koulutuskuntayhtym\u00e4 Tavastia<\/a><br \/><a href=\"https:\/\/www.eduko.fi\/\">Kouvolan Ammattiopisto Oy<\/a><br \/><a href=\"https:\/\/ksak.fi\/\">KSAK Oy<\/a><br \/><a href=\"https:\/\/paok.fi\/\">Kuopion Talouskoulun kannatusyhdistys r.y.<\/a><\/p>\n<p><a href=\"https:\/\/www.lahdenkansanopisto.fi\/\">Lahden kansanopiston s\u00e4\u00e4ti\u00f6 sr (Lahden kansanopisto)<\/a><br \/><a href=\"https:\/\/www.livesaatio.fi\/opisto\">Live-s\u00e4\u00e4ti\u00f6 sr<\/a><br \/><a href=\"https:\/\/www.lhkk.fi\/\">Lounais-H\u00e4meen koulutuskuntayhtym\u00e4<\/a><br \/><a href=\"https:\/\/www.novida.fi\/lskky\/\">Lounais-Suomen koulutuskuntayhtym\u00e4<\/a><br \/><a href=\"https:\/\/www.luksia.fi\/\">Luksia, L\u00e4nsi-Uudenmaan koulutuskuntayhtym\u00e4<\/a><br \/><a href=\"https:\/\/www.winnova.fi\/\">L\u00e4nsirannikon Koulutus Oy<\/a><br \/><a href=\"https:\/\/hmak.com\/\">Maalariammattikoulun kannatusyhdistys r.y.<\/a><br \/><a href=\"https:\/\/mif.fi\/\">Management Institute of Finland MIF Oy<\/a><br \/><a href=\"https:\/\/opao.fi\/\">Marttayhdistysten liitto ry<\/a><br \/><a href=\"https:\/\/www.mercuria.fi\/\">Mercuria kauppaoppilaitos Oy<\/a><br \/><a href=\"https:\/\/optimaedu.fi\/\">Optima samkommun<\/a><br \/><a href=\"https:\/\/www.livia.fi\/\">Peimarin koulutuskuntayhtym\u00e4<\/a><br \/><a href=\"https:\/\/perho.fi\/\">Perho Liiketalousopisto Oy<\/a><br \/><a href=\"https:\/\/www.ppopisto.fi\/\">Per\u00e4pohjolan Kansanopiston kannatusyhdistys ry<\/a><br \/><a href=\"https:\/\/www.riveria.fi\/\">Pohjois-Karjalan Koulutuskuntayhtym\u00e4<\/a><br \/><a href=\"https:\/\/kankaanpaanopisto.fi\/\">Pohjois-Satakunnan kansanopiston kannatusyhdistys r.y.<\/a><br \/><a href=\"https:\/\/www.psko.fi\/\">Pohjois-Savon Kansanopistoseura r.y.<\/a><br \/><a href=\"https:\/\/psk.fi\/\">Pohjois-Suomen Koulutuskeskuss\u00e4\u00e4ti\u00f6 sr<\/a><br \/><a href=\"http:\/\/www.rpkk.fi\">Raahen Porvari- ja Kauppakoulurahasto sr<\/a><br \/><a href=\"https:\/\/www.raseko.fi\/\">Raision Seudun Koulutuskuntayhtym\u00e4<\/a><br \/><a href=\"https:\/\/rateko.fi\/\">Rakennusteollisuus RT ry<\/a><\/p>\n<p><a href=\"https:\/\/www.rko.fi\/\">Raudaskyl\u00e4n Kristillinen Opisto ry<\/a><\/p>\n<p><a href=\"https:\/\/rovala.fi\/rovala-opisto\/?gad_source=1&amp;gclid=Cj0KCQiA7NO7BhDsARIsADg_hIYPpMSurhOyzF4lCs3RNDkPYj0iD_NMhS-7ULDlN_jy7OJskpDYNrkaAtNNEALw_wcB\">Rovalan Setlementti ry (Rovalan opisto)<\/a><br \/><a href=\"https:\/\/www.redu.fi\/fi\">Rovaniemen Koulutuskuntayhtym\u00e4<\/a><br \/><a href=\"https:\/\/sskky.fi\/\">Salon Seudun Koulutuskuntayhtym\u00e4<\/a><br \/><a href=\"https:\/\/sasky.fi\/\">SASKY koulutuskuntayhtym\u00e4<\/a><br \/><a href=\"https:\/\/sataedu.fi\/\">Satakunnan koulutuskuntayhtym\u00e4<\/a><br \/><a href=\"https:\/\/sakky.fi\/fi\">Savon Koulutuskuntayhtym\u00e4<\/a><br \/><a href=\"https:\/\/sedu.fi\/\">Sein\u00e4joen koulutuskuntayhtym\u00e4<\/a><br \/><a href=\"https:\/\/sdo.fi\/\">Suomen Diakoniaopisto &#8211; SDO Oy<\/a><br \/><a href=\"https:\/\/vierumaki.fi\/koulutus\">Suomen Urheiluopiston Kannatusosakeyhti\u00f6<\/a><br \/><a href=\"https:\/\/sykli.fi\/\">Suomen ymp\u00e4rist\u00f6opisto SYKLI Oy<\/a><br \/><a href=\"https:\/\/www.syo.fi\/\">Suomen Yritt\u00e4j\u00e4opisto Oy<\/a><br \/><a href=\"https:\/\/vuoksi.fi\/\">Suupohjan Koulutuskuntayhtym\u00e4<\/a><br \/><a href=\"https:\/\/prakticum.fi\/\">Svenska Framtidsskolan i Helsingforsregionen Ab<\/a><br \/><a href=\"https:\/\/www.sofuk.fi\/\">Svenska \u00d6sterbottens f\u00f6rbund f\u00f6r Utbildning och Kultur<\/a><br \/><a href=\"https:\/\/www.takk.fi\/fi\/etusivu\">Tampereen Aikuiskoulutuss\u00e4\u00e4ti\u00f6 sr<\/a><br \/><a href=\"https:\/\/www.tredu.fi\/\">Tampereen kaupunki<\/a><br \/><a href=\"https:\/\/tanhuvaara.fi\/\">Tanhuvaaran S\u00e4\u00e4ti\u00f6 sr<\/a><br \/><a href=\"https:\/\/ingmanedu.fi\/\">Tohtori Matthias Ingmanin s\u00e4\u00e4ti\u00f6 sr<\/a><br \/><a href=\"https:\/\/turunaikuiskoulutussaatio.fi\/\">Turun Aikuiskoulutuss\u00e4\u00e4ti\u00f6 sr<\/a><br \/><a href=\"https:\/\/www.taos.fi\/\">Turun Ammattiopistos\u00e4\u00e4ti\u00f6 sr<\/a><br \/><a href=\"https:\/\/www.turkuai.fi\/turun-ammatti-instituutti-0\">Turun kaupunki<\/a><br \/><a href=\"https:\/\/www.tts.fi\/\">Ty\u00f6tehoseura ry, ruotsiksi Arbetseffektivitetsf\u00f6reningen rf<\/a><br \/><a href=\"https:\/\/vamia.fi\/\">Vaasan kaupunki<\/a><br \/><a href=\"https:\/\/vaao.fi\/\">Valkeakosken seudun koulutuskuntayhtym\u00e4<\/a><br \/><a href=\"https:\/\/varia.vantaa.fi\/fi\">Vantaan kaupunki<\/a><br \/><a href=\"https:\/\/ysao.fi\/\">Yl\u00e4-Savon koulutuskuntayhtym\u00e4<\/a><br \/><a href=\"https:\/\/poke.fi\/\">\u00c4\u00e4nekosken Ammatillisen Koulutuksen kuntayhtym\u00e4<\/a><\/p>\n\n\n<p><\/p>\n","protected":false},"excerpt":{"rendered":"<p>Hanke on saanut rahoituksensa joulukuussa 2024 jatkuen 31.05.2027 saakka. Toteuttamassa on kattava valtakunnallinen verkosto, joka k\u00e4sitt\u00e4\u00e4 90 ammatillisen koulutuksen j\u00e4rjest\u00e4j\u00e4\u00e4. Verkostoa koordinoi Turun kaupunki. Hanke on suunnattu kaikille ammatillisen koulutuksen j\u00e4rjest\u00e4jille. Hanketta rahoittaa Opetus- ja kulttuuriministeri\u00f6 3 979 000\u00a0 euron<\/p>\n","protected":false},"author":3393,"featured_media":0,"parent":0,"menu_order":0,"comment_status":"closed","ping_status":"closed","template":"","meta":{"footnotes":""},"class_list":["post-903","page","type-page","status-publish","hentry"],"_links":{"self":[{"href":"https:\/\/blog.edu.turku.fi\/strapetsi\/wp-json\/wp\/v2\/pages\/903","targetHints":{"allow":["GET"]}}],"collection":[{"href":"https:\/\/blog.edu.turku.fi\/strapetsi\/wp-json\/wp\/v2\/pages"}],"about":[{"href":"https:\/\/blog.edu.turku.fi\/strapetsi\/wp-json\/wp\/v2\/types\/page"}],"author":[{"embeddable":true,"href":"https:\/\/blog.edu.turku.fi\/strapetsi\/wp-json\/wp\/v2\/users\/3393"}],"replies":[{"embeddable":true,"href":"https:\/\/blog.edu.turku.fi\/strapetsi\/wp-json\/wp\/v2\/comments?post=903"}],"version-history":[{"count":15,"href":"https:\/\/blog.edu.turku.fi\/strapetsi\/wp-json\/wp\/v2\/pages\/903\/revisions"}],"predecessor-version":[{"id":1284,"href":"https:\/\/blog.edu.turku.fi\/strapetsi\/wp-json\/wp\/v2\/pages\/903\/revisions\/1284"}],"wp:attachment":[{"href":"https:\/\/blog.edu.turku.fi\/strapetsi\/wp-json\/wp\/v2\/media?parent=903"}],"curies":[{"name":"wp","href":"https:\/\/api.w.org\/{rel}","templated":true}]}}