{"id":31,"date":"2014-03-18T11:31:06","date_gmt":"2014-03-18T11:31:06","guid":{"rendered":"http:\/\/demo.themegrill.com\/spacious\/?page_id=31"},"modified":"2025-11-19T11:04:04","modified_gmt":"2025-11-19T09:04:04","slug":"yhteystiedot","status":"publish","type":"page","link":"https:\/\/blog.edu.turku.fi\/strapetsi\/yhteystiedot\/","title":{"rendered":"Yhteystiedot"},"content":{"rendered":"\n<p><\/p>\n\n\n\n<div class=\"wp-block-media-text has-media-on-the-right is-stacked-on-mobile\" style=\"grid-template-columns:auto 17%\"><div class=\"wp-block-media-text__content\">\n<p>Piret Kinnunen, projektip\u00e4\u00e4llikk\u00f6<\/p>\n\n\n\n<p>piret.kinnunen(at)turku.fi<\/p>\n\n\n\n<p>044 907 5701<\/p>\n<\/div><figure class=\"wp-block-media-text__media\"><img loading=\"lazy\" decoding=\"async\" width=\"1024\" height=\"925\" src=\"https:\/\/blog.edu.turku.fi\/strapetsi\/files\/2025\/01\/Piret2024.jpg\" alt=\"\" class=\"wp-image-1228 size-full\" srcset=\"https:\/\/blog.edu.turku.fi\/strapetsi\/files\/2025\/01\/Piret2024.jpg 1024w, https:\/\/blog.edu.turku.fi\/strapetsi\/files\/2025\/01\/Piret2024-300x271.jpg 300w, https:\/\/blog.edu.turku.fi\/strapetsi\/files\/2025\/01\/Piret2024-768x694.jpg 768w\" sizes=\"auto, (max-width: 1024px) 100vw, 1024px\" \/><\/figure><\/div>\n\n\n\n<p><\/p>\n","protected":false},"excerpt":{"rendered":"<p>Piret Kinnunen, projektip\u00e4\u00e4llikk\u00f6 piret.kinnunen(at)turku.fi 044 907 5701<\/p>\n","protected":false},"author":3393,"featured_media":0,"parent":0,"menu_order":0,"comment_status":"closed","ping_status":"closed","template":"","meta":{"footnotes":""},"class_list":["post-31","page","type-page","status-publish","hentry"],"_links":{"self":[{"href":"https:\/\/blog.edu.turku.fi\/strapetsi\/wp-json\/wp\/v2\/pages\/31","targetHints":{"allow":["GET"]}}],"collection":[{"href":"https:\/\/blog.edu.turku.fi\/strapetsi\/wp-json\/wp\/v2\/pages"}],"about":[{"href":"https:\/\/blog.edu.turku.fi\/strapetsi\/wp-json\/wp\/v2\/types\/page"}],"author":[{"embeddable":true,"href":"https:\/\/blog.edu.turku.fi\/strapetsi\/wp-json\/wp\/v2\/users\/3393"}],"replies":[{"embeddable":true,"href":"https:\/\/blog.edu.turku.fi\/strapetsi\/wp-json\/wp\/v2\/comments?post=31"}],"version-history":[{"count":4,"href":"https:\/\/blog.edu.turku.fi\/strapetsi\/wp-json\/wp\/v2\/pages\/31\/revisions"}],"predecessor-version":[{"id":1313,"href":"https:\/\/blog.edu.turku.fi\/strapetsi\/wp-json\/wp\/v2\/pages\/31\/revisions\/1313"}],"wp:attachment":[{"href":"https:\/\/blog.edu.turku.fi\/strapetsi\/wp-json\/wp\/v2\/media?parent=31"}],"curies":[{"name":"wp","href":"https:\/\/api.w.org\/{rel}","templated":true}]}}