{"id":1030,"date":"2024-03-01T10:17:12","date_gmt":"2024-03-01T08:17:12","guid":{"rendered":"https:\/\/blog.edu.turku.fi\/strapetsi\/?page_id=1030"},"modified":"2025-10-01T13:34:15","modified_gmt":"2025-10-01T10:34:15","slug":"strapets-ledning-av-strategisk-och-pedagogisk-verksamhet","status":"publish","type":"page","link":"https:\/\/blog.edu.turku.fi\/strapetsi\/strapets-ledning-av-strategisk-och-pedagogisk-verksamhet\/","title":{"rendered":"Strapets II\u2013 Ledning av strategisk och pedagogisk verksamhet"},"content":{"rendered":"\n<p class=\"has-black-color has-text-color has-link-color has-medium-font-size wp-elements-0a2b4ec0846d0b6756656478f00830a9\">Projektet genomf\u00f6r och vidareutvecklar den verksamhetsmodell f\u00f6r strategisk och pedagogisk ledning som skapades i ett tidigare projekt, och som du hittar h\u00e4r. Genomf\u00f6randet s\u00e4kerst\u00e4ller s\u00e4rskilt att uppgifterna i nationella datak\u00e4llor kan utnyttjas systematiskt och aktuellt i planering, genomf\u00f6rande och utv\u00e4rdering av yrkesutbildningen.<\/p>\n\n\n\n<p class=\"has-black-color has-text-color has-link-color has-medium-font-size wp-elements-82329d3f5ec3b70eb80430c68cbc8030\">Ett n\u00e4tverk best\u00e5ende av 90 anordnare av yrkesutbildning ansvarar f\u00f6r att m\u00e5len uppn\u00e5s.<\/p>\n\n\n\n<p class=\"has-black-color has-text-color has-link-color has-medium-font-size wp-elements-15e4825e1609f90e0e5e443c43697ec3\">Projektet utvecklar ledningen av yrkesutbildningen f\u00f6r att st\u00e4rka verksamhetens genomslagskraft, resultat och kvalitet, och fr\u00e4mjar d\u00e4rmed studenternas studieframsteg, examen, syssels\u00e4ttning och \u00f6verg\u00e5ng till fortsatta studier genom f\u00f6rb\u00e4ttrad ledning.<\/p>\n\n\n\n<p class=\"has-black-color has-text-color has-link-color has-medium-font-size wp-elements-ed276cc2dc5ebf3fa833fd1091c189b4\"><strong>Verksamhet<\/strong><\/p>\n\n\n\n<p class=\"has-black-color has-text-color has-link-color has-medium-font-size wp-elements-406761673412bd4960897ee651568a0f\">Projektets verksamhet genomf\u00f6rs inom organisationerna samt med hj\u00e4lp av en produktionsteam.<\/p>\n\n\n\n<div class=\"wp-block-group is-nowrap is-layout-flex wp-container-core-group-is-layout-6c531013 wp-block-group-is-layout-flex\">\n<figure class=\"wp-block-image alignleft size-full\"><img loading=\"lazy\" decoding=\"async\" width=\"1024\" height=\"891\" src=\"https:\/\/blog.edu.turku.fi\/strapetsi\/files\/2025\/10\/Stapetsi_TAIMI_ilman_taustaa_RGB.png\" alt=\"\" class=\"wp-image-1300\" srcset=\"https:\/\/blog.edu.turku.fi\/strapetsi\/files\/2025\/10\/Stapetsi_TAIMI_ilman_taustaa_RGB.png 1024w, https:\/\/blog.edu.turku.fi\/strapetsi\/files\/2025\/10\/Stapetsi_TAIMI_ilman_taustaa_RGB-300x261.png 300w, https:\/\/blog.edu.turku.fi\/strapetsi\/files\/2025\/10\/Stapetsi_TAIMI_ilman_taustaa_RGB-768x668.png 768w\" sizes=\"auto, (max-width: 1024px) 100vw, 1024px\" \/><\/figure>\n\n\n\n<p class=\"has-black-color has-text-color has-link-color has-medium-font-size wp-elements-d8e5fc710021fadad0c2b84496ae79a5\">Produktionsteamet arbetar tematiskt, identifierar synergier mellan olika organisationer och utvecklingsomr\u00e5den, och skapar m\u00f6jligheter till kollegialt l\u00e4rande och gemensam utveckling p\u00e5 individ-, grupp-, organisations- och ekosystemniv\u00e5.<\/p>\n<\/div>\n\n\n\n<p class=\"has-black-color has-text-color has-link-color has-medium-font-size wp-elements-cdfd7f1c9c05e924dd95e4d68d96cbf9\">Projektet beaktar varje organisations egna utvecklingsm\u00e5l i f\u00f6rh\u00e5llande till finansieringsbeslutet. Varje organisation deltar under mars\u2013april 2025 i ett inledande samtal, som ger en helhetsbild av projektets verksamhet och utvecklingsbehov.<\/p>\n\n\n\n<p class=\"has-black-color has-text-color has-link-color has-medium-font-size wp-elements-c1cefeb4e0069bad4cdcc6a4c5c57bdb\"><strong>Material och evenemang<\/strong><\/p>\n\n\n\n<p class=\"has-black-color has-text-color has-link-color has-medium-font-size wp-elements-9ea9de3557edab6b4469dff93e6affdc\"><\/p>\n\n\n\n<p class=\"has-black-color has-text-color has-link-color has-medium-font-size wp-elements-ca16890c960aa32e944b98b6fcbd2b67\">P\u00e5 bloggsidan finns material om projektet.<\/p>\n\n\n\n<p class=\"has-black-color has-text-color has-link-color has-medium-font-size wp-elements-c3037df0c963c9ed962e76374d509926\">Teams-l\u00e4nkar till projektets m\u00f6ten finns under evenemang. Alla anordnare av yrkesutbildning \u00e4r varmt v\u00e4lkomna att delta i m\u00f6tena!<\/p>\n\n\n\n<!--nextpage-->\n\n\n\n<p>En affisch kommer att l\u00e4ggas upp p\u00e5 denna sida.<\/p>\n\n\n\n<!--nextpage-->\n\n\n\n<p class=\"has-black-color has-text-color has-link-color has-medium-font-size wp-elements-3d6cc959a1db84dd6678419a47d656d2\">Strapetsi &#8211; Ledning av strategisk och pedagogisk verksamhet<\/p>\n\n\n\n<p class=\"has-black-color has-text-color has-link-color has-medium-font-size wp-elements-acd23872f2ff259c74daf1dbcc1fd68a\">Projektet st\u00f6der och utvecklar ledningen av yrkesutbildningen och st\u00e4rker yrkesutbildningens effekter och resultat.<\/p>\n\n\n\n<figure class=\"wp-block-image alignright\"><img loading=\"lazy\" decoding=\"async\" width=\"300\" height=\"300\" src=\"https:\/\/blog.edu.turku.fi\/strapetsi\/files\/2024\/01\/course-1015601_1920-300x300.jpg\" alt=\"\" class=\"wp-image-1006\" srcset=\"https:\/\/blog.edu.turku.fi\/strapetsi\/files\/2024\/01\/course-1015601_1920-300x300.jpg 300w, https:\/\/blog.edu.turku.fi\/strapetsi\/files\/2024\/01\/course-1015601_1920-150x150.jpg 150w, https:\/\/blog.edu.turku.fi\/strapetsi\/files\/2024\/01\/course-1015601_1920.jpg 1024w\" sizes=\"auto, (max-width: 300px) 100vw, 300px\" \/><\/figure>\n\n\n\n<div class=\"wp-block-group is-nowrap is-layout-flex wp-container-core-group-is-layout-6c531013 wp-block-group-is-layout-flex\">\n<p class=\"has-black-color has-text-color has-link-color has-medium-font-size wp-elements-770dbe3ce5c0c7d986979de953b1e62e\"><br>M\u00e5ls\u00e4ttningen \u00e4r att utveckla ledning av yrkesutbildningen f\u00f6r att st\u00e4rka dess effektivitet, resultat och kvalitet. Ett n\u00e4tverk best\u00e5ende av 81 yrkesutbildare ansvarar tillsammans f\u00f6r att m\u00e5ls\u00e4ttningen uppn\u00e5s.<br><br><\/p>\n<\/div>\n\n\n\n<p class=\"has-black-color has-text-color has-link-color has-medium-font-size wp-elements-4966d9d04e3c2affaf41ce28f15f2c79\">Utvecklingshelheter<\/p>\n\n\n\n<p class=\"has-black-color has-text-color has-link-color wp-elements-4d3ca31611809bbeca7e5da6bec4c229\">Utvecklingsprojektet genomf\u00f6rs genom fyra olika utvecklingshelheter. F\u00f6rutom dessa helheter finns en \u00f6vergripande svensk helhet som samarbetar med utvecklingshelheterna. Varje utvecklingshelhet har en ansvarsorganisation och fastst\u00e4llda m\u00e5ls\u00e4ttningar. Organisationerna som ansvarar f\u00f6r utvecklingshelheterna bildar en projektgrupp som sammankommer regelbundet och leder arbetet i utvecklingshelheterna. En styrgrupp leder och f\u00f6ljer verksamheten.<\/p>\n\n\n\n<ol start=\"1\" class=\"wp-block-list\">\n<li class=\"has-small-font-size\">Pedagogiskt ledarskap och ledning av kundrelationer<\/li>\n\n\n\n<li class=\"has-small-font-size\">Kunnande i kvalitetsstyrning och -ledning<\/li>\n\n\n\n<li class=\"has-small-font-size\">Ledning av kompetens och personal<\/li>\n\n\n\n<li class=\"has-small-font-size\">Framtidsorienterat och vision\u00e4rt ledarskap<\/li>\n<\/ol>\n\n\n\n<div data-wp-interactive=\"core\/file\" class=\"wp-block-file\"><object data-wp-bind--hidden=\"!state.hasPdfPreview\" hidden class=\"wp-block-file__embed\" data=\"https:\/\/blog.edu.turku.fi\/strapetsi\/files\/2024\/08\/Strapets-fortbildning-hosten-2024_1-1.pdf\" type=\"application\/pdf\" style=\"width:100%;height:600px\" aria-label=\"Tiedoston Strapets fortbildning h\u00f6sten 2024_1 upotus.\"><\/object><a id=\"wp-block-file--media-76c6854a-d948-4a9b-985d-1fa1e6b5cf3c\" href=\"https:\/\/blog.edu.turku.fi\/strapetsi\/files\/2024\/08\/Strapets-fortbildning-hosten-2024_1-1.pdf\">Strapets fortbildning h\u00f6sten 2024_1<\/a><a href=\"https:\/\/blog.edu.turku.fi\/strapetsi\/files\/2024\/08\/Strapets-fortbildning-hosten-2024_1-1.pdf\" class=\"wp-block-file__button wp-element-button\" download aria-describedby=\"wp-block-file--media-76c6854a-d948-4a9b-985d-1fa1e6b5cf3c\">Lataa<\/a><\/div>\n\n\n\n<p>Mer information och l\u00e4nkar f\u00f6r deltagande <a href=\"https:\/\/blog.edu.turku.fi\/strapetsi\/layout-2\/2\/\">Tapahtumat \u2013 Sivu 2 \u2013 Strapetsi (turku.fi)<\/a> <\/p>\n\n\n\n<p>Kvalitetssystem och cirkul\u00e4r ekonomi&nbsp;<br>Under planering.<\/p>\n\n\n\n<p class=\"has-black-color has-text-color has-link-color wp-elements-c9b9873f00e4cdb3cb91cc14d960d376\">Kontaktperson till det svenska n\u00e4tverket:<br>Ann-Maj Bj\u00f6rkell-Holm, Yrkesakademin i \u00d6sterbotten<br><a href=\"mailto:ann-maj.bjorkell-holm@yrkesakademin.fi\">ann-maj.bjorkell-holm(at)yrkesakademin.fi<\/a><br>044-7503150<\/p>\n","protected":false},"excerpt":{"rendered":"<p>Projektet genomf\u00f6r och vidareutvecklar den verksamhetsmodell f\u00f6r strategisk och pedagogisk ledning som skapades i ett tidigare projekt, och som du hittar h\u00e4r. Genomf\u00f6randet s\u00e4kerst\u00e4ller s\u00e4rskilt att uppgifterna i nationella datak\u00e4llor kan utnyttjas systematiskt och aktuellt i planering, genomf\u00f6rande och utv\u00e4rdering<\/p>\n","protected":false},"author":3393,"featured_media":0,"parent":0,"menu_order":0,"comment_status":"closed","ping_status":"closed","template":"","meta":{"footnotes":""},"class_list":["post-1030","page","type-page","status-publish","hentry"],"_links":{"self":[{"href":"https:\/\/blog.edu.turku.fi\/strapetsi\/wp-json\/wp\/v2\/pages\/1030","targetHints":{"allow":["GET"]}}],"collection":[{"href":"https:\/\/blog.edu.turku.fi\/strapetsi\/wp-json\/wp\/v2\/pages"}],"about":[{"href":"https:\/\/blog.edu.turku.fi\/strapetsi\/wp-json\/wp\/v2\/types\/page"}],"author":[{"embeddable":true,"href":"https:\/\/blog.edu.turku.fi\/strapetsi\/wp-json\/wp\/v2\/users\/3393"}],"replies":[{"embeddable":true,"href":"https:\/\/blog.edu.turku.fi\/strapetsi\/wp-json\/wp\/v2\/comments?post=1030"}],"version-history":[{"count":11,"href":"https:\/\/blog.edu.turku.fi\/strapetsi\/wp-json\/wp\/v2\/pages\/1030\/revisions"}],"predecessor-version":[{"id":1303,"href":"https:\/\/blog.edu.turku.fi\/strapetsi\/wp-json\/wp\/v2\/pages\/1030\/revisions\/1303"}],"wp:attachment":[{"href":"https:\/\/blog.edu.turku.fi\/strapetsi\/wp-json\/wp\/v2\/media?parent=1030"}],"curies":[{"name":"wp","href":"https:\/\/api.w.org\/{rel}","templated":true}]}}