{"id":8,"date":"2016-09-08T12:38:26","date_gmt":"2016-09-08T09:38:26","guid":{"rendered":"https:\/\/blog.edu.turku.fi\/stolofsskolan\/?page_id=8"},"modified":"2026-03-24T17:28:40","modified_gmt":"2026-03-24T15:28:40","slug":"kontaktuppgifter","status":"publish","type":"page","link":"https:\/\/blog.edu.turku.fi\/stolofsskolan\/kontaktuppgifter\/","title":{"rendered":"Kontaktuppgifter"},"content":{"rendered":"<p><strong>Postadress:<\/strong>\u00a0 <a href=\"https:\/\/goo.gl\/maps\/4wgmcHNP3xEFycSt7\">Sirkkalagatan 39<\/a>, 20700 \u00c5bo<\/p>\n<p><strong>E-post adress:<\/strong><br \/>\nfornamn.efternamn@edu.turku.fi<\/p>\n<p><strong>Rektor:<\/strong> Christer Karlsson 050-432 36 62<br \/>\ne-post: christer.karlsson&lt;at&gt;edu.turku.fi<\/p>\n<p><b>Ledande specialklassl\u00e4rare f\u00f6r sm\u00e5grupperna \u00e5k 1-9:<\/b><span style=\"font-weight: 400\">\u00a0<\/span><br \/>\n<span style=\"font-weight: 400\">Johanna Lindfors<\/span> \u00a0<span style=\"font-weight: 400\">040-137 15 85<\/span><br \/>\n<span style=\"font-weight: 400\">e-post: <\/span><span style=\"font-weight: 400\">johanna.lindfors&lt;at&gt;edu.turku.fi<\/span><\/p>\n<p><strong>Kansli \/ skolsekreterare:<\/strong><br \/>\nEmma Othman\u00a0 040-636 17 09<br \/>\ne-post: emma.othman&lt;at&gt;edu.turku.fi<\/p>\n<p><strong>Kurator:<\/strong><br \/>\nPetra Lintula. P\u00e5 plats varje dag f\u00f6rutom onsdag. Ta kontakt via Wilma eller per telefon 040 3576 811 eller\u00a0 e-post petra.lintula@varha.fi<\/p>\n<p><strong>Skolpsykolog:<\/strong><br \/>\nNina Sofia Abrahamsson. P\u00e5 plats m\u00e5ndag, onsdag och fredag. Ta kontakt per telefon 0449074717 (g\u00e4rna textmeddelande) eller e-post nina.abrahamsson@varha.fi<\/p>\n<p><strong>H\u00e4lsov\u00e5rd:<\/strong><br \/>\nEmilia Nylund 040-809 73 03, emilia.nylund@varha.fi<br \/>\nP\u00e5 plats varje dag kl. 8-14.<br \/>\nUtan tidsbokning varje dag kl. 12-12.30. \u00d6vriga tider med bokad tid.<\/p>\n<p><strong>Skoll\u00e4kare <\/strong>Riina Orrela p\u00e5 plats i skolan torsdagar.<br \/>\nOBS! Enbart med tidsbokning via h\u00e4lsov\u00e5rdaren.<\/p>\n<p><strong>Psykiatrisk sjuksk\u00f6tare:<\/strong> Auri Gummerus (torsdagar), auri.gummerus@varha.fi<\/p>\n<p><strong>Fastighetssk\u00f6tare:<\/strong>\u00a0 044-907 25 72<\/p>\n<p><strong>K\u00f6ket \/ matsalen:<\/strong> 040-672 44 40<\/p>\n<p>&nbsp;<\/p>\n<p><strong>Faktureringsadress f\u00f6r webb fakturor:<\/strong><br \/>\n\u00c5bo stad<br \/>\nFostran och undervisning\u00a0\/ S:t Olofsskolan<br \/>\nFO-nummer:\u00a00204819-8<br \/>\nN\u00e4tfaktureringsadress:<strong>\u00a000370204819800100<\/strong><br \/>\nOperat\u00f6r: CGI<br \/>\nF\u00f6rmedlarkod: 003703575029<br \/>\nReferens<em>: ink\u00f6psordernummer\u00a0<\/em>eller\u00a0<em>skolsekreterarens e-postadress<\/em><\/p>\n<p>\u00c5bo stad\u00a0mottar endast e-fakturor.\u00a0Stadens betalningsvillkor \u00e4r 30 dagar netto.<\/p>\n<p>En privat n\u00e4ringsidkare, person som arbetar under firmanamn samt l\u00e4ttf\u00f6retagare som s\u00e4ljer tj\u00e4nster till \u00c5bo stad b\u00f6r l\u00e4mna in ett F\u00f6PL-\/LF\u00f6PL-intyg till staden innan tj\u00e4nstens s\u00e4ljande, i samband med den f\u00f6rsta faktureringsg\u00e5ngen och d\u00e4refter \u00e5rligen. F\u00f6PL-\/LF\u00f6PL-intyget kan bl.a. skickas med Suomi.fi meddelande\u00a0<a href=\"https:\/\/www.suomi.fi\/meddelanden\">Meddelanden &#8211; Suomi.fi<\/a>.<\/p>\n<p>H\u00e4r hittar du mer info och instruktioner f\u00f6r faktureringen:\u00a0<a href=\"https:\/\/www.turku.fi\/sv\/fakturering\">https:\/\/www.turku.fi\/sv\/fakturering<\/a><\/p>\n","protected":false},"excerpt":{"rendered":"<p>Postadress:\u00a0 Sirkkalagatan 39, 20700 \u00c5bo E-post adress: fornamn.efternamn@edu.turku.fi Rektor: Christer Karlsson 050-432 36 62 e-post: christer.karlsson&lt;at&gt;edu.turku.fi Ledande specialklassl\u00e4rare f\u00f6r sm\u00e5grupperna \u00e5k 1-9:\u00a0 Johanna Lindfors \u00a0040-137 15 85 e-post: johanna.lindfors&lt;at&gt;edu.turku.fi Kansli \/ skolsekreterare: Emma Othman\u00a0 040-636 17 09 e-post: emma.othman&lt;at&gt;edu.turku.fi Kurator: Petra Lintula. P\u00e5 plats varje dag f\u00f6rutom onsdag. Ta kontakt via Wilma eller per telefon &hellip; <a href=\"https:\/\/blog.edu.turku.fi\/stolofsskolan\/kontaktuppgifter\/\" class=\"more-link\">Forts\u00e4tt l\u00e4sa<span class=\"screen-reader-text\"> \u201dKontaktuppgifter\u201d<\/span><\/a><\/p>\n","protected":false},"author":53,"featured_media":0,"parent":0,"menu_order":0,"comment_status":"closed","ping_status":"closed","template":"","meta":{"footnotes":""},"class_list":["post-8","page","type-page","status-publish","hentry"],"_links":{"self":[{"href":"https:\/\/blog.edu.turku.fi\/stolofsskolan\/wp-json\/wp\/v2\/pages\/8","targetHints":{"allow":["GET"]}}],"collection":[{"href":"https:\/\/blog.edu.turku.fi\/stolofsskolan\/wp-json\/wp\/v2\/pages"}],"about":[{"href":"https:\/\/blog.edu.turku.fi\/stolofsskolan\/wp-json\/wp\/v2\/types\/page"}],"author":[{"embeddable":true,"href":"https:\/\/blog.edu.turku.fi\/stolofsskolan\/wp-json\/wp\/v2\/users\/53"}],"replies":[{"embeddable":true,"href":"https:\/\/blog.edu.turku.fi\/stolofsskolan\/wp-json\/wp\/v2\/comments?post=8"}],"version-history":[{"count":129,"href":"https:\/\/blog.edu.turku.fi\/stolofsskolan\/wp-json\/wp\/v2\/pages\/8\/revisions"}],"predecessor-version":[{"id":3429,"href":"https:\/\/blog.edu.turku.fi\/stolofsskolan\/wp-json\/wp\/v2\/pages\/8\/revisions\/3429"}],"wp:attachment":[{"href":"https:\/\/blog.edu.turku.fi\/stolofsskolan\/wp-json\/wp\/v2\/media?parent=8"}],"curies":[{"name":"wp","href":"https:\/\/api.w.org\/{rel}","templated":true}]}}