{"id":45,"date":"2016-09-08T15:22:39","date_gmt":"2016-09-08T12:22:39","guid":{"rendered":"https:\/\/blog.edu.turku.fi\/stolofsskolan\/?page_id=45"},"modified":"2025-01-27T15:48:25","modified_gmt":"2025-01-27T13:48:25","slug":"mellanmalsforsaljning","status":"publish","type":"page","link":"https:\/\/blog.edu.turku.fi\/stolofsskolan\/mellanmalsforsaljning\/","title":{"rendered":"Mellanm\u00e5lsf\u00f6rs\u00e4ljning"},"content":{"rendered":"<p><strong>Instruktioner f\u00f6r att k\u00f6pa ett mellanm\u00e5lskort:<\/strong><\/p>\n<p>Man kan k\u00f6pa ett digitalt mellanm\u00e5lskort via appen Mape eller traditionellt mellanm\u00e5lskort i papper. Nedan finns instruktioner f\u00f6r de olika tillv\u00e4gag\u00e5ngss\u00e4tten:<\/p>\n<p><strong>Mobilappen Mape:<\/strong><\/p>\n<ol>\n<li>Ditt barn laddar ner appen Mape i sin egen smarttelefon.<\/li>\n<li>Du \u00f6verf\u00f6r pengar till ditt barns app via webbplatsen\u00a0<a href=\"http:\/\/www.mapekouluruoka.fi\/\">www.mapekouluruoka.fi<\/a>. N\u00e4r betalningen har mottagits \u00f6verf\u00f6rs beloppet till barnets Mape-app.<\/li>\n<li>Ditt barn v\u00e4ljer ett mellanm\u00e5l i skolans restaurang och k\u00f6kspersonalen ber\u00e4ttar priset.<\/li>\n<li>Ditt barn betalar beloppet via sin egen app inf\u00f6r k\u00f6kspersonalen. Ditt barn visar kvittot p\u00e5 betalningen p\u00e5 mobilens sk\u00e4rm f\u00f6r personalen.<\/li>\n<\/ol>\n<p>Anvisningar med bilder finns p\u00e5 adressen: <a href=\"https:\/\/kaarea.fi\/koulujen-valipalamyynti\/\">https:\/\/kaarea.fi\/koulujen-valipalamyynti\/<\/a><\/p>\n<p><strong>Traditionellt mellanm\u00e5lskort:<\/strong><br \/>\n1. Betalningsmottagare: Kaarea Ab<br \/>\n2. Kontonummer: FI40 5716 9020 0778 43<br \/>\n3. Belopp: 20 \u20ac<br \/>\n4. Meddelande: mellanm\u00e5lskort, kortanv\u00e4ndarens namn, f\u00f6rnamn &amp; efternamn, klass<br \/>\n5. Spara kvittot p\u00e5 betalningstransaktionen<\/p>\n<p>Eleven:<br \/>\n1. Visar transaktionskvittot eller ett foto p\u00e5 kvittot f\u00f6r k\u00f6kspersonalen under mellanm\u00e5lsf\u00f6rs\u00e4ljningen och f\u00e5r ett mellanm\u00e5lskort fr\u00e5n k\u00f6ket som d\u00e4refter visas vid varje ink\u00f6p.<\/p>\n<p align=\"justify\"><strong>F\u00f6rs\u00e4ljningsdagar:<\/strong> m\u00e5ndag-fredag<\/p>\n<p><strong>F\u00f6rs\u00e4ljningstid: kl. 13.10 &#8211; 13.25\u00a0<\/strong><\/p>\n<p>&nbsp;<\/p>\n<p><strong>Mellanm\u00e5l och priser<\/strong><\/p>\n<p>Basen f\u00f6r mellanm\u00e5lslistan \u00e4r densamma oberoende av skola, och skolans k\u00f6k kan ge information om vilken tid mellanm\u00e5let serveras. P\u00e5 menyn st\u00e5r exempelvis olika sm\u00f6rg\u00e5sar, karelska piroger, mellanm\u00e5lskex, frukt, yoghurt, smoothie och saft. Urvalet varierar fr\u00e5n dag till dag, och ibland kan det serveras pizza, bullar eller pannkaka som bakats av k\u00f6kspersonalen. Tyngdpunkten ligger \u00e4nd\u00e5 p\u00e5 h\u00e4lsosamma och sockerfria mellanm\u00e5l.<\/p>\n<p>Mellanm\u00e5lens pris varierar mellan 10 cent och 2 euro.<\/p>\n","protected":false},"excerpt":{"rendered":"<p>Instruktioner f\u00f6r att k\u00f6pa ett mellanm\u00e5lskort: Man kan k\u00f6pa ett digitalt mellanm\u00e5lskort via appen Mape eller traditionellt mellanm\u00e5lskort i papper. Nedan finns instruktioner f\u00f6r de olika tillv\u00e4gag\u00e5ngss\u00e4tten: Mobilappen Mape: Ditt barn laddar ner appen Mape i sin egen smarttelefon. Du \u00f6verf\u00f6r pengar till ditt barns app via webbplatsen\u00a0www.mapekouluruoka.fi. N\u00e4r betalningen har mottagits \u00f6verf\u00f6rs beloppet till &hellip; <a href=\"https:\/\/blog.edu.turku.fi\/stolofsskolan\/mellanmalsforsaljning\/\" class=\"more-link\">Forts\u00e4tt l\u00e4sa<span class=\"screen-reader-text\"> \u201dMellanm\u00e5lsf\u00f6rs\u00e4ljning\u201d<\/span><\/a><\/p>\n","protected":false},"author":53,"featured_media":0,"parent":0,"menu_order":0,"comment_status":"closed","ping_status":"closed","template":"","meta":{"footnotes":""},"class_list":["post-45","page","type-page","status-publish","hentry"],"_links":{"self":[{"href":"https:\/\/blog.edu.turku.fi\/stolofsskolan\/wp-json\/wp\/v2\/pages\/45","targetHints":{"allow":["GET"]}}],"collection":[{"href":"https:\/\/blog.edu.turku.fi\/stolofsskolan\/wp-json\/wp\/v2\/pages"}],"about":[{"href":"https:\/\/blog.edu.turku.fi\/stolofsskolan\/wp-json\/wp\/v2\/types\/page"}],"author":[{"embeddable":true,"href":"https:\/\/blog.edu.turku.fi\/stolofsskolan\/wp-json\/wp\/v2\/users\/53"}],"replies":[{"embeddable":true,"href":"https:\/\/blog.edu.turku.fi\/stolofsskolan\/wp-json\/wp\/v2\/comments?post=45"}],"version-history":[{"count":29,"href":"https:\/\/blog.edu.turku.fi\/stolofsskolan\/wp-json\/wp\/v2\/pages\/45\/revisions"}],"predecessor-version":[{"id":3265,"href":"https:\/\/blog.edu.turku.fi\/stolofsskolan\/wp-json\/wp\/v2\/pages\/45\/revisions\/3265"}],"wp:attachment":[{"href":"https:\/\/blog.edu.turku.fi\/stolofsskolan\/wp-json\/wp\/v2\/media?parent=45"}],"curies":[{"name":"wp","href":"https:\/\/api.w.org\/{rel}","templated":true}]}}