{"id":379,"date":"2016-11-02T19:09:05","date_gmt":"2016-11-02T17:09:05","guid":{"rendered":"https:\/\/blog.edu.turku.fi\/stolofsskolan\/?page_id=379"},"modified":"2021-09-10T19:12:53","modified_gmt":"2021-09-10T16:12:53","slug":"information-fran-foraldramoten","status":"publish","type":"page","link":"https:\/\/blog.edu.turku.fi\/stolofsskolan\/information-fran-foraldramoten\/","title":{"rendered":"Information fr\u00e5n f\u00f6r\u00e4ldram\u00f6ten (\u00e5k 9 v\u00e5ren 2021)"},"content":{"rendered":"<p><strong>L\u00e4s\u00e5ret 2020-2021:<\/strong><\/p>\n<p><strong>\u00c5k 9<\/strong> distansf\u00f6r\u00e4ldram\u00f6te 9.2.2021<br \/>\n<a href=\"https:\/\/docs.google.com\/presentation\/d\/1zZjeuEbYkeHLQowA4kF9h1ImQfqxbXNiJ0k9YfKBkhQ\/present#slide=id.p1\">Information g\u00e4llande gemensam ans\u00f6kan 2021<\/a> (PP 1 MB)<br \/>\n<em>(Klicka p\u00e5 l\u00e4nken f\u00f6r att l\u00e4sa presentationen.)<\/em><\/p>\n<p><a href=\"https:\/\/edumailturku-my.sharepoint.com\/:v:\/g\/personal\/kijohans_edu_turku_fi\/EdYlnGl707JNuA1pw6-4FPkBDUs101GEwEN8OfPs4cwFQw?e=CqqgZA\">Inspelning fr\u00e5n distansf\u00f6r\u00e4ldram\u00f6tet<\/a> (30,46 min)<br \/>\n<em>(Klicka p\u00e5 l\u00e4nken f\u00f6r att titta p\u00e5 inspelningen fr\u00e5n m\u00f6tet.)<\/em><\/p>\n","protected":false},"excerpt":{"rendered":"<p>L\u00e4s\u00e5ret 2020-2021: \u00c5k 9 distansf\u00f6r\u00e4ldram\u00f6te 9.2.2021 Information g\u00e4llande gemensam ans\u00f6kan 2021 (PP 1 MB) (Klicka p\u00e5 l\u00e4nken f\u00f6r att l\u00e4sa presentationen.) Inspelning fr\u00e5n distansf\u00f6r\u00e4ldram\u00f6tet (30,46 min) (Klicka p\u00e5 l\u00e4nken f\u00f6r att titta p\u00e5 inspelningen fr\u00e5n m\u00f6tet.)<\/p>\n","protected":false},"author":53,"featured_media":0,"parent":0,"menu_order":0,"comment_status":"closed","ping_status":"closed","template":"","meta":{"footnotes":""},"class_list":["post-379","page","type-page","status-publish","hentry"],"_links":{"self":[{"href":"https:\/\/blog.edu.turku.fi\/stolofsskolan\/wp-json\/wp\/v2\/pages\/379","targetHints":{"allow":["GET"]}}],"collection":[{"href":"https:\/\/blog.edu.turku.fi\/stolofsskolan\/wp-json\/wp\/v2\/pages"}],"about":[{"href":"https:\/\/blog.edu.turku.fi\/stolofsskolan\/wp-json\/wp\/v2\/types\/page"}],"author":[{"embeddable":true,"href":"https:\/\/blog.edu.turku.fi\/stolofsskolan\/wp-json\/wp\/v2\/users\/53"}],"replies":[{"embeddable":true,"href":"https:\/\/blog.edu.turku.fi\/stolofsskolan\/wp-json\/wp\/v2\/comments?post=379"}],"version-history":[{"count":39,"href":"https:\/\/blog.edu.turku.fi\/stolofsskolan\/wp-json\/wp\/v2\/pages\/379\/revisions"}],"predecessor-version":[{"id":2271,"href":"https:\/\/blog.edu.turku.fi\/stolofsskolan\/wp-json\/wp\/v2\/pages\/379\/revisions\/2271"}],"wp:attachment":[{"href":"https:\/\/blog.edu.turku.fi\/stolofsskolan\/wp-json\/wp\/v2\/media?parent=379"}],"curies":[{"name":"wp","href":"https:\/\/api.w.org\/{rel}","templated":true}]}}