{"id":373,"date":"2016-11-02T18:45:14","date_gmt":"2016-11-02T16:45:14","guid":{"rendered":"https:\/\/blog.edu.turku.fi\/stolofsskolan\/?page_id=373"},"modified":"2024-08-11T14:33:28","modified_gmt":"2024-08-11T11:33:28","slug":"elevhandledning","status":"publish","type":"page","link":"https:\/\/blog.edu.turku.fi\/stolofsskolan\/elevhandledning\/","title":{"rendered":"Elevhandledning"},"content":{"rendered":"<p><span style=\"text-decoration: underline\"><strong>PRAO &#8211; arbetslivsorientering<\/strong><\/span><\/p>\n<p>Tidpunkt f\u00f6r PRAO-perioden i <strong>\u00e5k 9 infaller v 47<\/strong> och f\u00f6r <strong>\u00e5k 8 v. 15.<\/strong>\u00a0Syftet med den praktiska arbetslivsorienteringen (PRAO) \u00e4r att eleven under sin PRAO-period under handledning ska l\u00e4ra k\u00e4nna ett f\u00f6retag och en arbetsplats. Arbetslivsorienteringen kan innefatta t.ex. att eleven intervjuar personer i olika yrken, f\u00f6ljer med en anst\u00e4lld, utf\u00f6r olika arbetsuppgifter p\u00e5 PRAO-platsen. Att f\u00f6lja med en anst\u00e4lld inneb\u00e4r att eleven ser verkliga situationer i arbetet. Det \u00e4r s\u00e5ledes \u00f6nskv\u00e4rt att eleven f\u00e5r en m\u00e5ngsidig bild av PRAO-platsen och de olika uppgifter som utf\u00f6rs p\u00e5 arbetsplatsen. Under PRAO-perioden ska dessa anvisningar och de lagar och f\u00f6rordningar om unga arbetstagare som \u00e4r i kraft i Finland f\u00f6ljas \u00a0(<a href=\"https:\/\/finlex.fi\/sv\/\">www.finlex.fi<\/a>).<\/p>\n","protected":false},"excerpt":{"rendered":"<p>PRAO &#8211; arbetslivsorientering Tidpunkt f\u00f6r PRAO-perioden i \u00e5k 9 infaller v 47 och f\u00f6r \u00e5k 8 v. 15.\u00a0Syftet med den praktiska arbetslivsorienteringen (PRAO) \u00e4r att eleven under sin PRAO-period under handledning ska l\u00e4ra k\u00e4nna ett f\u00f6retag och en arbetsplats. Arbetslivsorienteringen kan innefatta t.ex. att eleven intervjuar personer i olika yrken, f\u00f6ljer med en anst\u00e4lld, utf\u00f6r &hellip; <a href=\"https:\/\/blog.edu.turku.fi\/stolofsskolan\/elevhandledning\/\" class=\"more-link\">Forts\u00e4tt l\u00e4sa<span class=\"screen-reader-text\"> \u201dElevhandledning\u201d<\/span><\/a><\/p>\n","protected":false},"author":53,"featured_media":0,"parent":0,"menu_order":0,"comment_status":"closed","ping_status":"closed","template":"","meta":{"footnotes":""},"class_list":["post-373","page","type-page","status-publish","hentry"],"_links":{"self":[{"href":"https:\/\/blog.edu.turku.fi\/stolofsskolan\/wp-json\/wp\/v2\/pages\/373","targetHints":{"allow":["GET"]}}],"collection":[{"href":"https:\/\/blog.edu.turku.fi\/stolofsskolan\/wp-json\/wp\/v2\/pages"}],"about":[{"href":"https:\/\/blog.edu.turku.fi\/stolofsskolan\/wp-json\/wp\/v2\/types\/page"}],"author":[{"embeddable":true,"href":"https:\/\/blog.edu.turku.fi\/stolofsskolan\/wp-json\/wp\/v2\/users\/53"}],"replies":[{"embeddable":true,"href":"https:\/\/blog.edu.turku.fi\/stolofsskolan\/wp-json\/wp\/v2\/comments?post=373"}],"version-history":[{"count":21,"href":"https:\/\/blog.edu.turku.fi\/stolofsskolan\/wp-json\/wp\/v2\/pages\/373\/revisions"}],"predecessor-version":[{"id":3128,"href":"https:\/\/blog.edu.turku.fi\/stolofsskolan\/wp-json\/wp\/v2\/pages\/373\/revisions\/3128"}],"wp:attachment":[{"href":"https:\/\/blog.edu.turku.fi\/stolofsskolan\/wp-json\/wp\/v2\/media?parent=373"}],"curies":[{"name":"wp","href":"https:\/\/api.w.org\/{rel}","templated":true}]}}